{"id":221355,"date":"2024-07-24T12:30:07","date_gmt":"2024-07-24T10:30:07","guid":{"rendered":"https:\/\/spartasportcenter.com\/alcoi\/step-alcoi\/"},"modified":"2024-11-08T12:08:01","modified_gmt":"2024-11-08T11:08:01","slug":"step-alcoi","status":"publish","type":"page","link":"https:\/\/spartasportcenter.com\/alcoi\/ca\/step-alcoi\/","title":{"rendered":"Step a Alcoi"},"content":{"rendered":"<p>[et_pb_section fb_built=&#8221;1&#8243; custom_padding_last_edited=&#8221;on|phone&#8221; disabled_on=&#8221;off|off|off&#8221; _builder_version=&#8221;4.16&#8243; background_color=&#8221;#262626&#8243; background_enable_image=&#8221;off&#8221; custom_margin=&#8221;||||false|false&#8221; custom_padding=&#8221;80px|0px|0px|0px|false|false&#8221; custom_padding_tablet=&#8221;&#8221; custom_padding_phone=&#8221;30px||50px||false|false&#8221; global_colors_info=&#8221;{}&#8221;][et_pb_row column_structure=&#8221;1_3,2_3&#8243; custom_padding_last_edited=&#8221;on|desktop&#8221; _builder_version=&#8221;4.16&#8243; _module_preset=&#8221;default&#8221; custom_padding=&#8221;0px||||false|false&#8221; custom_padding_tablet=&#8221;&#8221; custom_padding_phone=&#8221;0px||||false|false&#8221; global_colors_info=&#8221;{}&#8221;][et_pb_column type=&#8221;1_3&#8243; _builder_version=&#8221;4.16&#8243; _module_preset=&#8221;default&#8221; global_colors_info=&#8221;{}&#8221;][et_pb_text _builder_version=&#8221;4.27.0&#8243; text_font=&#8221;||||||||&#8221; header_font=&#8221;||||||||&#8221; header_text_align=&#8221;center&#8221; header_2_font=&#8221;|300||on|||||&#8221; header_2_text_align=&#8221;right&#8221; header_2_font_size=&#8221;29px&#8221; custom_margin=&#8221;||0px||false|false&#8221; custom_padding=&#8221;|15%|0px||false|false&#8221; header_2_text_align_tablet=&#8221;&#8221; header_2_text_align_phone=&#8221;left&#8221; header_2_text_align_last_edited=&#8221;on|phone&#8221; header_2_font_size_tablet=&#8221;51px&#8221; header_2_font_size_phone=&#8221;25px&#8221; header_2_font_size_last_edited=&#8221;on|phone&#8221; border_width_right=&#8221;2px&#8221; border_color_right=&#8221;#cccccc&#8221; border_width_right_tablet=&#8221;&#8221; border_width_right_phone=&#8221;0px&#8221; border_width_right_last_edited=&#8221;on|phone&#8221; locked=&#8221;off&#8221; global_colors_info=&#8221;{}&#8221;]<\/p>\n<h2>Classes de Step a Alcoi<\/h2>\n<p>[\/et_pb_text][\/et_pb_column][et_pb_column type=&#8221;2_3&#8243; _builder_version=&#8221;4.16&#8243; _module_preset=&#8221;default&#8221; global_colors_info=&#8221;{}&#8221;][et_pb_text _builder_version=&#8221;4.27.0&#8243; text_font=&#8221;|300|||||||&#8221; text_text_color=&#8221;#cccccc&#8221; text_line_height=&#8221;1.1em&#8221; header_font=&#8221;|300|||||||&#8221; header_2_font=&#8221;|300||on|||||&#8221; header_2_text_color=&#8221;#cccccc&#8221; header_2_font_size=&#8221;36px&#8221; header_2_letter_spacing=&#8221;2px&#8221; background_layout=&#8221;dark&#8221; hover_enabled=&#8221;0&#8243; global_colors_info=&#8221;{}&#8221; sticky_enabled=&#8221;0&#8243;]<\/p>\n<p>El Step a Alcoi \u00e9s una <strong>activitat f\u00edsica que combina moviments aer\u00f2bics i coordinaci\u00f3 utilitzant una plataforma elevada. <\/strong>\u00c9s una forma divertida i efectiva d&#8217;exercitar-se, podent trobar estes classes de Step en diversos llocs, com en el nostre gimn\u00e0s Sparta Sport Center Alcoi.<\/p>\n<p>[\/et_pb_text][et_pb_button button_text=&#8221;+&#8221; button_alignment=&#8221;center&#8221; module_class=&#8221;rv_button closed&#8221; _builder_version=&#8221;4.20.0&#8243; custom_button=&#8221;on&#8221; button_text_size=&#8221;39px&#8221; button_text_color=&#8221;#cccccc&#8221; button_border_width=&#8221;0px&#8221; button_border_radius=&#8221;0px&#8221; button_font=&#8221;Oswald|700|||||||&#8221; button_use_icon=&#8221;off&#8221; custom_margin=&#8221;-40px|0px|-10px|0px|false|false&#8221; custom_margin_tablet=&#8221;&#8221; custom_margin_phone=&#8221;&#8221; custom_margin_last_edited=&#8221;on|phone&#8221; custom_padding=&#8221;0px|0px|0px|0px|true|&#8221; button_text_color_hover=&#8221;rgba(224,43,32,0.76)&#8221; button_border_color_hover=&#8221;rgba(0,0,0,0)&#8221; button_border_radius_hover=&#8221;0px&#8221; button_bg_color_hover=&#8221;rgba(0,0,0,0)&#8221; locked=&#8221;off&#8221; global_colors_info=&#8221;{}&#8221; button_text_size__hover_enabled=&#8221;off&#8221; button_one_text_size__hover_enabled=&#8221;off&#8221; button_two_text_size__hover_enabled=&#8221;off&#8221; button_text_color__hover_enabled=&#8221;on|desktop&#8221; button_text_color__hover=&#8221;rgba(255,255,255,0.5)&#8221; button_one_text_color__hover_enabled=&#8221;off&#8221; button_two_text_color__hover_enabled=&#8221;off&#8221; button_border_width__hover_enabled=&#8221;off&#8221; button_one_border_width__hover_enabled=&#8221;off&#8221; button_two_border_width__hover_enabled=&#8221;off&#8221; button_border_color__hover_enabled=&#8221;on&#8221; button_border_color__hover=&#8221;rgba(0,0,0,0)&#8221; button_one_border_color__hover_enabled=&#8221;off&#8221; button_two_border_color__hover_enabled=&#8221;off&#8221; button_border_radius__hover_enabled=&#8221;on&#8221; button_border_radius__hover=&#8221;0px&#8221; button_one_border_radius__hover_enabled=&#8221;off&#8221; button_two_border_radius__hover_enabled=&#8221;off&#8221; button_letter_spacing__hover_enabled=&#8221;off&#8221; button_one_letter_spacing__hover_enabled=&#8221;off&#8221; button_two_letter_spacing__hover_enabled=&#8221;off&#8221; button_bg_color__hover_enabled=&#8221;on&#8221; button_bg_color__hover=&#8221;rgba(255,255,255,0)&#8221; button_one_bg_color__hover_enabled=&#8221;off&#8221; button_two_bg_color__hover_enabled=&#8221;off&#8221;][\/et_pb_button][et_pb_text module_id=&#8221;reveal&#8221; _builder_version=&#8221;4.27.0&#8243; text_font=&#8221;|300|||||||&#8221; text_text_color=&#8221;#cccccc&#8221; text_line_height=&#8221;1.1em&#8221; header_font=&#8221;|300|||||||&#8221; header_2_font=&#8221;|300||on|||||&#8221; header_2_text_color=&#8221;#cccccc&#8221; header_2_font_size=&#8221;36px&#8221; header_2_letter_spacing=&#8221;2px&#8221; background_layout=&#8221;dark&#8221; locked=&#8221;off&#8221; global_colors_info=&#8221;{}&#8221;]<\/p>\n<p>El nostre gimn\u00e0s Sparta Sport Center \u00e9s una dels centres esportius en els quals podr\u00e0s prendre classes de Step a Alcoi. Ens diferenciem d&#8217;altres centres, ja que oferim una \u00e0mplia gamma d&#8217;opcions per a adaptar-nos a les teues necessitats i nivell de condici\u00f3 f\u00edsica.<\/p>\n<p>Podr\u00e0s triar entre classes per a principiants, intermedis o avan\u00e7ats, la qual cosa et <strong>permetr\u00e0 progressar al teu propi ritme. <\/strong>Tamb\u00e9 oferim horaris flexibles, la qual cosa facilita trobar un moment adequat per a assistir a les classes.<\/p>\n<p>[\/et_pb_text][\/et_pb_column][\/et_pb_row][et_pb_row column_structure=&#8221;1_3,2_3&#8243; custom_padding_last_edited=&#8221;on|phone&#8221; _builder_version=&#8221;4.16&#8243; _module_preset=&#8221;default&#8221; custom_margin=&#8221;||0px||false|false&#8221; custom_padding=&#8221;||||false|false&#8221; custom_padding_tablet=&#8221;&#8221; custom_padding_phone=&#8221;0px||0px||false|false&#8221; global_colors_info=&#8221;{}&#8221;][et_pb_column type=&#8221;1_3&#8243; _builder_version=&#8221;4.16&#8243; _module_preset=&#8221;default&#8221; global_colors_info=&#8221;{}&#8221;][et_pb_text _builder_version=&#8221;4.27.0&#8243; text_font=&#8221;||||||||&#8221; header_font=&#8221;||||||||&#8221; header_text_align=&#8221;center&#8221; header_2_font=&#8221;|300||on|||||&#8221; header_2_text_align=&#8221;right&#8221; header_2_font_size=&#8221;29px&#8221; custom_margin=&#8221;||0px||false|false&#8221; custom_padding=&#8221;|15%|0px||false|false&#8221; header_2_text_align_tablet=&#8221;&#8221; header_2_text_align_phone=&#8221;left&#8221; header_2_text_align_last_edited=&#8221;on|phone&#8221; header_2_font_size_tablet=&#8221;51px&#8221; header_2_font_size_phone=&#8221;25px&#8221; header_2_font_size_last_edited=&#8221;on|phone&#8221; border_width_right=&#8221;2px&#8221; border_color_right=&#8221;#cccccc&#8221; border_width_right_tablet=&#8221;&#8221; border_width_right_phone=&#8221;0px&#8221; border_width_right_last_edited=&#8221;on|phone&#8221; locked=&#8221;off&#8221; global_colors_info=&#8221;{}&#8221;]<\/p>\n<h2>Beneficis del Step a Alcoi<\/h2>\n<p>[\/et_pb_text][\/et_pb_column][et_pb_column type=&#8221;2_3&#8243; _builder_version=&#8221;4.16&#8243; _module_preset=&#8221;default&#8221; global_colors_info=&#8221;{}&#8221;][et_pb_text _builder_version=&#8221;4.27.0&#8243; text_font=&#8221;|300|||||||&#8221; text_text_color=&#8221;#cccccc&#8221; text_line_height=&#8221;1.1em&#8221; header_font=&#8221;|300|||||||&#8221; header_2_font=&#8221;|300||on|||||&#8221; header_2_text_color=&#8221;#cccccc&#8221; header_2_font_size=&#8221;36px&#8221; header_2_letter_spacing=&#8221;2px&#8221; background_layout=&#8221;dark&#8221; hover_enabled=&#8221;0&#8243; global_colors_info=&#8221;{}&#8221; sticky_enabled=&#8221;0&#8243;]<\/p>\n<p>El Step oferix una s\u00e8rie de beneficis per a la salut i el benestar. En realitzar els moviments sobre la plataforma elevada, est\u00e0s treballant no sols les teues cames, sin\u00f3 tamb\u00e9 els teus glutis, abdominals i bra\u00e7os. Aix\u00f2 proporciona un <strong>entrenament de cos complet, ajudant-te a tonificar i enfortir diferents grups musculars.<\/strong><\/p>\n<p>[\/et_pb_text][et_pb_button button_text=&#8221;+&#8221; button_alignment=&#8221;center&#8221; module_class=&#8221;rv_button3 closed&#8221; _builder_version=&#8221;4.24.2&#8243; custom_button=&#8221;on&#8221; button_text_size=&#8221;39px&#8221; button_text_color=&#8221;#cccccc&#8221; button_border_width=&#8221;0px&#8221; button_border_radius=&#8221;0px&#8221; button_font=&#8221;Oswald|700|||||||&#8221; button_use_icon=&#8221;off&#8221; custom_margin=&#8221;-40px|0px|-10px|0px|false|false&#8221; custom_margin_tablet=&#8221;&#8221; custom_margin_phone=&#8221;&#8221; custom_margin_last_edited=&#8221;on|phone&#8221; custom_padding=&#8221;0px|0px|0px|0px|true|&#8221; button_text_color_hover=&#8221;rgba(224,43,32,0.76)&#8221; button_border_color_hover=&#8221;rgba(0,0,0,0)&#8221; button_border_radius_hover=&#8221;0px&#8221; button_bg_color_hover=&#8221;rgba(0,0,0,0)&#8221; locked=&#8221;off&#8221; global_colors_info=&#8221;{}&#8221; button_text_size__hover_enabled=&#8221;off&#8221; button_one_text_size__hover_enabled=&#8221;off&#8221; button_two_text_size__hover_enabled=&#8221;off&#8221; button_text_color__hover_enabled=&#8221;on|desktop&#8221; button_text_color__hover=&#8221;rgba(255,255,255,0.5)&#8221; button_one_text_color__hover_enabled=&#8221;off&#8221; button_two_text_color__hover_enabled=&#8221;off&#8221; button_border_width__hover_enabled=&#8221;off&#8221; button_one_border_width__hover_enabled=&#8221;off&#8221; button_two_border_width__hover_enabled=&#8221;off&#8221; button_border_color__hover_enabled=&#8221;on&#8221; button_border_color__hover=&#8221;rgba(0,0,0,0)&#8221; button_one_border_color__hover_enabled=&#8221;off&#8221; button_two_border_color__hover_enabled=&#8221;off&#8221; button_border_radius__hover_enabled=&#8221;on&#8221; button_border_radius__hover=&#8221;0px&#8221; button_one_border_radius__hover_enabled=&#8221;off&#8221; button_two_border_radius__hover_enabled=&#8221;off&#8221; button_letter_spacing__hover_enabled=&#8221;off&#8221; button_one_letter_spacing__hover_enabled=&#8221;off&#8221; button_two_letter_spacing__hover_enabled=&#8221;off&#8221; button_bg_color__hover_enabled=&#8221;on&#8221; button_bg_color__hover=&#8221;rgba(255,255,255,0)&#8221; button_one_bg_color__hover_enabled=&#8221;off&#8221; button_two_bg_color__hover_enabled=&#8221;off&#8221;][\/et_pb_button][et_pb_text module_id=&#8221;reveal3&#8243; _builder_version=&#8221;4.27.0&#8243; text_font=&#8221;|300|||||||&#8221; text_text_color=&#8221;#cccccc&#8221; text_line_height=&#8221;1.1em&#8221; header_font=&#8221;|300|||||||&#8221; header_2_font=&#8221;|300||on|||||&#8221; header_2_text_color=&#8221;#cccccc&#8221; header_2_font_size=&#8221;36px&#8221; header_2_letter_spacing=&#8221;2px&#8221; background_layout=&#8221;dark&#8221; hover_enabled=&#8221;0&#8243; locked=&#8221;off&#8221; global_colors_info=&#8221;{}&#8221; sticky_enabled=&#8221;0&#8243;]<\/p>\n<p>A m\u00e9s de ser un exercici de for\u00e7a, el Step tamb\u00e9 \u00e9s una activitat aer\u00f2bica. Aix\u00f2 significa que <strong>augmenta la teua freq\u00fc\u00e8ncia card\u00edaca i millora la teua resist\u00e8ncia cardiovascular. <\/strong>En participar regularment en classes de Step, estar\u00e0s enfortint el teu cor i millorant la teua capacitat per a realitzar activitats f\u00edsiques.<\/p>\n<p>Un altre benefici del Step \u00e9s que <strong>ajuda a millorar la coordinaci\u00f3 i l&#8217;equilibri. <\/strong>En realitzar els moviments sobre la plataforma, est\u00e0s desafiant el teu sistema d&#8217;equilibri i treballant en la coordinaci\u00f3 dels teus moviments. Aix\u00f2 no sols \u00e9s benefici\u00f3s per a la teua salut f\u00edsica, sin\u00f3 tamb\u00e9 per a la teua salut mental, ja que estimula el teu cervell i augmenta la teua agilitat mental.<\/p>\n<p>[\/et_pb_text][\/et_pb_column][\/et_pb_row][\/et_pb_section][et_pb_section fb_built=&#8221;1&#8243; custom_padding_last_edited=&#8221;on|phone&#8221; _builder_version=&#8221;4.16&#8243; _module_preset=&#8221;default&#8221; background_color=&#8221;#262626&#8243; custom_padding=&#8221;0px||50px||false|false&#8221; custom_padding_tablet=&#8221;&#8221; custom_padding_phone=&#8221;||30px||false|false&#8221; global_colors_info=&#8221;{}&#8221;][et_pb_row column_structure=&#8221;1_3,2_3&#8243; custom_padding_last_edited=&#8221;on|phone&#8221; _builder_version=&#8221;4.16&#8243; _module_preset=&#8221;default&#8221; custom_padding_tablet=&#8221;&#8221; custom_padding_phone=&#8221;0px||0px||false|false&#8221; global_colors_info=&#8221;{}&#8221;][et_pb_column type=&#8221;1_3&#8243; _builder_version=&#8221;4.16&#8243; _module_preset=&#8221;default&#8221; global_colors_info=&#8221;{}&#8221;][et_pb_text _builder_version=&#8221;4.27.0&#8243; text_font=&#8221;||||||||&#8221; header_font=&#8221;||||||||&#8221; header_text_align=&#8221;center&#8221; header_2_font=&#8221;|300||on|||||&#8221; header_2_text_align=&#8221;right&#8221; header_2_font_size=&#8221;29px&#8221; custom_margin=&#8221;||0px||false|false&#8221; custom_padding=&#8221;|15%|0px||false|false&#8221; hover_enabled=&#8221;0&#8243; header_2_text_align_tablet=&#8221;&#8221; header_2_text_align_phone=&#8221;left&#8221; header_2_text_align_last_edited=&#8221;on|phone&#8221; header_2_font_size_tablet=&#8221;51px&#8221; header_2_font_size_phone=&#8221;25px&#8221; header_2_font_size_last_edited=&#8221;on|phone&#8221; border_width_right=&#8221;2px&#8221; border_color_right=&#8221;#cccccc&#8221; border_width_right_tablet=&#8221;&#8221; border_width_right_phone=&#8221;0px&#8221; border_width_right_last_edited=&#8221;on|phone&#8221; locked=&#8221;off&#8221; global_colors_info=&#8221;{}&#8221; sticky_enabled=&#8221;0&#8243;]<\/p>\n<h2>Per que Step en Sparta Sport Center Alcoi<\/h2>\n<p>[\/et_pb_text][\/et_pb_column][et_pb_column type=&#8221;2_3&#8243; _builder_version=&#8221;4.16&#8243; _module_preset=&#8221;default&#8221; global_colors_info=&#8221;{}&#8221;][et_pb_text _builder_version=&#8221;4.27.0&#8243; text_font=&#8221;|300|||||||&#8221; text_text_color=&#8221;#cccccc&#8221; text_line_height=&#8221;1.1em&#8221; header_font=&#8221;|300|||||||&#8221; header_2_font=&#8221;|300||on|||||&#8221; header_2_text_color=&#8221;#cccccc&#8221; header_2_font_size=&#8221;36px&#8221; header_2_letter_spacing=&#8221;2px&#8221; background_layout=&#8221;dark&#8221; global_colors_info=&#8221;{}&#8221;]<\/p>\n<p>Si est\u00e0s considerant prendre classes de Step a Alcoi, el nostre gimn\u00e0s Sparta Sport Center \u00e9s una excel\u00b7lent opci\u00f3.<\/p>\n<p>Els nostres entrenadors s\u00f3n experts en Step i et guiaran a trav\u00e9s de cada moviment, <strong>assegurant-se que estigues realitzant els exercicis de manera segura i efectiva. <\/strong>Tamb\u00e9 t&#8217;oferiran modificacions si eres principiant o si tens alguna lesi\u00f3 que requerisca ajustos en els moviments.<\/p>\n<p>L&#8217;ambient en Sparta Sport Center Alcoi \u00e9s amigable i motivador. Et trobar\u00e0s envoltat de persones que compartixen els teus objectius de salut i benestar, la qual cosa crea un ambient de suport i companyonia. A m\u00e9s, oferim instal\u00b7lacions modernes i ben equipades, la qual cosa garantix una experi\u00e8ncia c\u00f2moda i agradable durant les teues classes de Step.<\/p>\n<p>[\/et_pb_text][\/et_pb_column][\/et_pb_row][\/et_pb_section]<\/p>\n","protected":false},"excerpt":{"rendered":"<p>Classes de Step a AlcoiEl Step a Alcoi \u00e9s una activitat f\u00edsica que combina moviments aer\u00f2bics i coordinaci\u00f3 utilitzant una plataforma elevada. \u00c9s una forma divertida i efectiva d&#8217;exercitar-se, podent trobar estes classes de Step en diversos llocs, com en el nostre gimn\u00e0s Sparta Sport Center Alcoi.El nostre gimn\u00e0s Sparta Sport Center \u00e9s una dels [&hellip;]<\/p>\n","protected":false},"author":1,"featured_media":221256,"parent":0,"menu_order":0,"comment_status":"closed","ping_status":"closed","template":"","meta":{"_et_pb_use_builder":"on","_et_pb_old_content":"","_et_gb_content_width":"","footnotes":""},"class_list":["post-221355","page","type-page","status-publish","has-post-thumbnail","hentry"],"yoast_head":"<!-- This site is optimized with the Yoast SEO plugin v27.4 - https:\/\/yoast.com\/product\/yoast-seo-wordpress\/ -->\n<title>Step a Alcoi | Sparta Sport Center<\/title>\n<meta name=\"description\" content=\"Est\u00e0s cercant un gimn\u00e0s per practicar step a Alcoi? A Sparta Sport Center podem ajudar-et. Reserva amb nosaltres!\" \/>\n<meta name=\"robots\" content=\"index, follow, max-snippet:-1, max-image-preview:large, max-video-preview:-1\" \/>\n<link rel=\"canonical\" href=\"https:\/\/spartasportcenter.com\/alcoi\/ca\/step-alcoi\/\" \/>\n<meta property=\"og:locale\" content=\"en_US\" \/>\n<meta property=\"og:type\" content=\"article\" \/>\n<meta property=\"og:title\" content=\"Step a Alcoi | Sparta Sport Center\" \/>\n<meta property=\"og:description\" content=\"Est\u00e0s cercant un gimn\u00e0s per practicar step a Alcoi? A Sparta Sport Center podem ajudar-et. Reserva amb nosaltres!\" \/>\n<meta property=\"og:url\" content=\"https:\/\/spartasportcenter.com\/alcoi\/ca\/step-alcoi\/\" \/>\n<meta property=\"og:site_name\" content=\"Sparta Sport Center Alcoi\" \/>\n<meta property=\"article:modified_time\" content=\"2024-11-08T11:08:01+00:00\" \/>\n<meta property=\"og:image\" content=\"https:\/\/spartasportcenter.com\/alcoi\/wp-content\/uploads\/2024\/07\/step-alcoi.webp\" \/>\n\t<meta property=\"og:image:width\" content=\"2000\" \/>\n\t<meta property=\"og:image:height\" content=\"1333\" \/>\n\t<meta property=\"og:image:type\" content=\"image\/webp\" \/>\n<meta name=\"twitter:card\" content=\"summary_large_image\" \/>\n<meta name=\"twitter:label1\" content=\"Est. reading time\" \/>\n\t<meta name=\"twitter:data1\" content=\"3 minutes\" \/>\n<script type=\"application\/ld+json\" class=\"yoast-schema-graph\">{\"@context\":\"https:\\\/\\\/schema.org\",\"@graph\":[{\"@type\":\"WebPage\",\"@id\":\"https:\\\/\\\/spartasportcenter.com\\\/alcoi\\\/ca\\\/step-alcoi\\\/\",\"url\":\"https:\\\/\\\/spartasportcenter.com\\\/alcoi\\\/ca\\\/step-alcoi\\\/\",\"name\":\"Step a Alcoi | Sparta Sport Center\",\"isPartOf\":{\"@id\":\"https:\\\/\\\/spartasportcenter.com\\\/alcoi\\\/ca\\\/#website\"},\"primaryImageOfPage\":{\"@id\":\"https:\\\/\\\/spartasportcenter.com\\\/alcoi\\\/ca\\\/step-alcoi\\\/#primaryimage\"},\"image\":{\"@id\":\"https:\\\/\\\/spartasportcenter.com\\\/alcoi\\\/ca\\\/step-alcoi\\\/#primaryimage\"},\"thumbnailUrl\":\"https:\\\/\\\/spartasportcenter.com\\\/alcoi\\\/wp-content\\\/uploads\\\/2024\\\/07\\\/step-alcoi.webp\",\"datePublished\":\"2024-07-24T10:30:07+00:00\",\"dateModified\":\"2024-11-08T11:08:01+00:00\",\"description\":\"Est\u00e0s cercant un gimn\u00e0s per practicar step a Alcoi? A Sparta Sport Center podem ajudar-et. Reserva amb nosaltres!\",\"breadcrumb\":{\"@id\":\"https:\\\/\\\/spartasportcenter.com\\\/alcoi\\\/ca\\\/step-alcoi\\\/#breadcrumb\"},\"inLanguage\":\"va\",\"potentialAction\":[{\"@type\":\"ReadAction\",\"target\":[\"https:\\\/\\\/spartasportcenter.com\\\/alcoi\\\/ca\\\/step-alcoi\\\/\"]}]},{\"@type\":\"ImageObject\",\"inLanguage\":\"va\",\"@id\":\"https:\\\/\\\/spartasportcenter.com\\\/alcoi\\\/ca\\\/step-alcoi\\\/#primaryimage\",\"url\":\"https:\\\/\\\/spartasportcenter.com\\\/alcoi\\\/wp-content\\\/uploads\\\/2024\\\/07\\\/step-alcoi.webp\",\"contentUrl\":\"https:\\\/\\\/spartasportcenter.com\\\/alcoi\\\/wp-content\\\/uploads\\\/2024\\\/07\\\/step-alcoi.webp\",\"width\":2000,\"height\":1333},{\"@type\":\"BreadcrumbList\",\"@id\":\"https:\\\/\\\/spartasportcenter.com\\\/alcoi\\\/ca\\\/step-alcoi\\\/#breadcrumb\",\"itemListElement\":[{\"@type\":\"ListItem\",\"position\":1,\"name\":\"Portada\",\"item\":\"https:\\\/\\\/spartasportcenter.com\\\/alcoi\\\/ca\\\/\"},{\"@type\":\"ListItem\",\"position\":2,\"name\":\"Step a Alcoi\"}]},{\"@type\":\"WebSite\",\"@id\":\"https:\\\/\\\/spartasportcenter.com\\\/alcoi\\\/ca\\\/#website\",\"url\":\"https:\\\/\\\/spartasportcenter.com\\\/alcoi\\\/ca\\\/\",\"name\":\"Sparta Sport Center Alcoi\",\"description\":\"Gimnasios en Cuenca\",\"potentialAction\":[{\"@type\":\"SearchAction\",\"target\":{\"@type\":\"EntryPoint\",\"urlTemplate\":\"https:\\\/\\\/spartasportcenter.com\\\/alcoi\\\/ca\\\/?s={search_term_string}\"},\"query-input\":{\"@type\":\"PropertyValueSpecification\",\"valueRequired\":true,\"valueName\":\"search_term_string\"}}],\"inLanguage\":\"va\"}]}<\/script>\n<!-- \/ Yoast SEO plugin. -->","yoast_head_json":{"title":"Step a Alcoi | Sparta Sport Center","description":"Est\u00e0s cercant un gimn\u00e0s per practicar step a Alcoi? A Sparta Sport Center podem ajudar-et. Reserva amb nosaltres!","robots":{"index":"index","follow":"follow","max-snippet":"max-snippet:-1","max-image-preview":"max-image-preview:large","max-video-preview":"max-video-preview:-1"},"canonical":"https:\/\/spartasportcenter.com\/alcoi\/ca\/step-alcoi\/","og_locale":"en_US","og_type":"article","og_title":"Step a Alcoi | Sparta Sport Center","og_description":"Est\u00e0s cercant un gimn\u00e0s per practicar step a Alcoi? A Sparta Sport Center podem ajudar-et. Reserva amb nosaltres!","og_url":"https:\/\/spartasportcenter.com\/alcoi\/ca\/step-alcoi\/","og_site_name":"Sparta Sport Center Alcoi","article_modified_time":"2024-11-08T11:08:01+00:00","og_image":[{"width":2000,"height":1333,"url":"https:\/\/spartasportcenter.com\/alcoi\/wp-content\/uploads\/2024\/07\/step-alcoi.webp","type":"image\/webp"}],"twitter_card":"summary_large_image","twitter_misc":{"Est. reading time":"3 minutes"},"schema":{"@context":"https:\/\/schema.org","@graph":[{"@type":"WebPage","@id":"https:\/\/spartasportcenter.com\/alcoi\/ca\/step-alcoi\/","url":"https:\/\/spartasportcenter.com\/alcoi\/ca\/step-alcoi\/","name":"Step a Alcoi | Sparta Sport Center","isPartOf":{"@id":"https:\/\/spartasportcenter.com\/alcoi\/ca\/#website"},"primaryImageOfPage":{"@id":"https:\/\/spartasportcenter.com\/alcoi\/ca\/step-alcoi\/#primaryimage"},"image":{"@id":"https:\/\/spartasportcenter.com\/alcoi\/ca\/step-alcoi\/#primaryimage"},"thumbnailUrl":"https:\/\/spartasportcenter.com\/alcoi\/wp-content\/uploads\/2024\/07\/step-alcoi.webp","datePublished":"2024-07-24T10:30:07+00:00","dateModified":"2024-11-08T11:08:01+00:00","description":"Est\u00e0s cercant un gimn\u00e0s per practicar step a Alcoi? A Sparta Sport Center podem ajudar-et. Reserva amb nosaltres!","breadcrumb":{"@id":"https:\/\/spartasportcenter.com\/alcoi\/ca\/step-alcoi\/#breadcrumb"},"inLanguage":"va","potentialAction":[{"@type":"ReadAction","target":["https:\/\/spartasportcenter.com\/alcoi\/ca\/step-alcoi\/"]}]},{"@type":"ImageObject","inLanguage":"va","@id":"https:\/\/spartasportcenter.com\/alcoi\/ca\/step-alcoi\/#primaryimage","url":"https:\/\/spartasportcenter.com\/alcoi\/wp-content\/uploads\/2024\/07\/step-alcoi.webp","contentUrl":"https:\/\/spartasportcenter.com\/alcoi\/wp-content\/uploads\/2024\/07\/step-alcoi.webp","width":2000,"height":1333},{"@type":"BreadcrumbList","@id":"https:\/\/spartasportcenter.com\/alcoi\/ca\/step-alcoi\/#breadcrumb","itemListElement":[{"@type":"ListItem","position":1,"name":"Portada","item":"https:\/\/spartasportcenter.com\/alcoi\/ca\/"},{"@type":"ListItem","position":2,"name":"Step a Alcoi"}]},{"@type":"WebSite","@id":"https:\/\/spartasportcenter.com\/alcoi\/ca\/#website","url":"https:\/\/spartasportcenter.com\/alcoi\/ca\/","name":"Sparta Sport Center Alcoi","description":"Gimnasios en Cuenca","potentialAction":[{"@type":"SearchAction","target":{"@type":"EntryPoint","urlTemplate":"https:\/\/spartasportcenter.com\/alcoi\/ca\/?s={search_term_string}"},"query-input":{"@type":"PropertyValueSpecification","valueRequired":true,"valueName":"search_term_string"}}],"inLanguage":"va"}]}},"_links":{"self":[{"href":"https:\/\/spartasportcenter.com\/alcoi\/ca\/wp-json\/wp\/v2\/pages\/221355","targetHints":{"allow":["GET"]}}],"collection":[{"href":"https:\/\/spartasportcenter.com\/alcoi\/ca\/wp-json\/wp\/v2\/pages"}],"about":[{"href":"https:\/\/spartasportcenter.com\/alcoi\/ca\/wp-json\/wp\/v2\/types\/page"}],"author":[{"embeddable":true,"href":"https:\/\/spartasportcenter.com\/alcoi\/ca\/wp-json\/wp\/v2\/users\/1"}],"replies":[{"embeddable":true,"href":"https:\/\/spartasportcenter.com\/alcoi\/ca\/wp-json\/wp\/v2\/comments?post=221355"}],"version-history":[{"count":14,"href":"https:\/\/spartasportcenter.com\/alcoi\/ca\/wp-json\/wp\/v2\/pages\/221355\/revisions"}],"predecessor-version":[{"id":222032,"href":"https:\/\/spartasportcenter.com\/alcoi\/ca\/wp-json\/wp\/v2\/pages\/221355\/revisions\/222032"}],"wp:featuredmedia":[{"embeddable":true,"href":"https:\/\/spartasportcenter.com\/alcoi\/ca\/wp-json\/wp\/v2\/media\/221256"}],"wp:attachment":[{"href":"https:\/\/spartasportcenter.com\/alcoi\/ca\/wp-json\/wp\/v2\/media?parent=221355"}],"curies":[{"name":"wp","href":"https:\/\/api.w.org\/{rel}","templated":true}]}}