{"id":221351,"date":"2018-08-08T16:24:44","date_gmt":"2018-08-08T14:24:44","guid":{"rendered":"https:\/\/spartasportcenter.com\/alcoi\/pilates-alcoi\/"},"modified":"2024-11-08T11:38:26","modified_gmt":"2024-11-08T10:38:26","slug":"pilates-alcoi","status":"publish","type":"page","link":"https:\/\/spartasportcenter.com\/alcoi\/ca\/pilates-alcoi\/","title":{"rendered":"Pilates a Alcoi"},"content":{"rendered":"<p>[et_pb_section fb_built=&#8221;1&#8243; custom_padding_last_edited=&#8221;on|phone&#8221; disabled_on=&#8221;off|off|off&#8221; _builder_version=&#8221;4.16&#8243; background_color=&#8221;#262626&#8243; background_enable_image=&#8221;off&#8221; custom_margin=&#8221;||||false|false&#8221; custom_padding=&#8221;80px|0px|0px|0px|false|false&#8221; custom_padding_tablet=&#8221;&#8221; custom_padding_phone=&#8221;30px||50px||false|false&#8221; global_colors_info=&#8221;{}&#8221;][et_pb_row column_structure=&#8221;1_3,2_3&#8243; custom_padding_last_edited=&#8221;on|desktop&#8221; _builder_version=&#8221;4.16&#8243; _module_preset=&#8221;default&#8221; custom_padding=&#8221;0px||||false|false&#8221; custom_padding_tablet=&#8221;&#8221; custom_padding_phone=&#8221;0px||||false|false&#8221; global_colors_info=&#8221;{}&#8221;][et_pb_column type=&#8221;1_3&#8243; _builder_version=&#8221;4.16&#8243; _module_preset=&#8221;default&#8221; global_colors_info=&#8221;{}&#8221;][et_pb_text _builder_version=&#8221;4.27.0&#8243; text_font=&#8221;||||||||&#8221; header_font=&#8221;||||||||&#8221; header_text_align=&#8221;center&#8221; header_2_font=&#8221;|300||on|||||&#8221; header_2_text_align=&#8221;right&#8221; header_2_font_size=&#8221;29px&#8221; custom_margin=&#8221;||0px||false|false&#8221; custom_padding=&#8221;|15%|0px||false|false&#8221; header_2_text_align_tablet=&#8221;&#8221; header_2_text_align_phone=&#8221;left&#8221; header_2_text_align_last_edited=&#8221;on|phone&#8221; header_2_font_size_tablet=&#8221;51px&#8221; header_2_font_size_phone=&#8221;25px&#8221; header_2_font_size_last_edited=&#8221;on|phone&#8221; border_width_right=&#8221;2px&#8221; border_color_right=&#8221;#cccccc&#8221; border_width_right_tablet=&#8221;&#8221; border_width_right_phone=&#8221;0px&#8221; border_width_right_last_edited=&#8221;on|phone&#8221; locked=&#8221;off&#8221; global_colors_info=&#8221;{}&#8221;]<\/p>\n<h2>Classes de Pilates a Alcoi<\/h2>\n<p>[\/et_pb_text][\/et_pb_column][et_pb_column type=&#8221;2_3&#8243; _builder_version=&#8221;4.16&#8243; _module_preset=&#8221;default&#8221; global_colors_info=&#8221;{}&#8221;][et_pb_text _builder_version=&#8221;4.27.0&#8243; text_font=&#8221;|300|||||||&#8221; text_text_color=&#8221;#cccccc&#8221; text_line_height=&#8221;1.1em&#8221; header_font=&#8221;|300|||||||&#8221; header_2_font=&#8221;|300||on|||||&#8221; header_2_text_color=&#8221;#cccccc&#8221; header_2_font_size=&#8221;36px&#8221; header_2_letter_spacing=&#8221;2px&#8221; background_layout=&#8221;dark&#8221; global_colors_info=&#8221;{}&#8221;]<\/p>\n<p>Si est\u00e0s buscant una forma d&#8217;exercici que t&#8217;ajude a <strong>millorar la teua salut i enfortir el teu cos, <\/strong>el Pilates a Alcoi pot ser la soluci\u00f3 perfecta per a tu. En Sparta Sport Center Alcoi oferim classes de Pilates dissenyades per a ajudar-te a aconseguir els teus objectius de fitness d&#8217;una manera segura i efectiva.<\/p>\n<p>Les nostres classes de Pilates a Alcoi s\u00f3n impartides per instructors amb anys d&#8217;experi\u00e8ncia en el camp. En cada classe, et guiaran a trav\u00e9s d&#8217;una s\u00e8rie d&#8217;exercicis que se centren en enfortir els teus m\u00fasculs centrals, millorar la teua flexibilitat i augmentar la teua resist\u00e8ncia. Ja siga que sigues principiant o tingues experi\u00e8ncia en el Pilates, les nostres classes estan dissenyades per a adaptar-se a tots els nivells de condici\u00f3 f\u00edsica.<\/p>\n<p>[\/et_pb_text][et_pb_button button_text=&#8221;+&#8221; button_alignment=&#8221;center&#8221; module_class=&#8221;rv_button closed&#8221; _builder_version=&#8221;4.16&#8243; custom_button=&#8221;on&#8221; button_text_size=&#8221;39px&#8221; button_text_color=&#8221;#cccccc&#8221; button_border_width=&#8221;0px&#8221; button_border_radius=&#8221;0px&#8221; button_font=&#8221;Oswald|700|||||||&#8221; button_use_icon=&#8221;off&#8221; custom_margin=&#8221;-40px|0px|-10px|0px|false|false&#8221; custom_margin_tablet=&#8221;&#8221; custom_margin_phone=&#8221;&#8221; custom_margin_last_edited=&#8221;on|phone&#8221; custom_padding=&#8221;0px|0px|0px|0px|true|&#8221; button_text_color_hover=&#8221;rgba(224,43,32,0.76)&#8221; button_border_color_hover=&#8221;rgba(0,0,0,0)&#8221; button_border_radius_hover=&#8221;0px&#8221; button_bg_color_hover=&#8221;rgba(0,0,0,0)&#8221; global_colors_info=&#8221;{}&#8221; button_text_size__hover_enabled=&#8221;off&#8221; button_one_text_size__hover_enabled=&#8221;off&#8221; button_two_text_size__hover_enabled=&#8221;off&#8221; button_text_color__hover_enabled=&#8221;on|desktop&#8221; button_text_color__hover=&#8221;rgba(255,255,255,0.5)&#8221; button_one_text_color__hover_enabled=&#8221;off&#8221; button_two_text_color__hover_enabled=&#8221;off&#8221; button_border_width__hover_enabled=&#8221;off&#8221; button_one_border_width__hover_enabled=&#8221;off&#8221; button_two_border_width__hover_enabled=&#8221;off&#8221; button_border_color__hover_enabled=&#8221;on&#8221; button_border_color__hover=&#8221;rgba(0,0,0,0)&#8221; button_one_border_color__hover_enabled=&#8221;off&#8221; button_two_border_color__hover_enabled=&#8221;off&#8221; button_border_radius__hover_enabled=&#8221;on&#8221; button_border_radius__hover=&#8221;0px&#8221; button_one_border_radius__hover_enabled=&#8221;off&#8221; button_two_border_radius__hover_enabled=&#8221;off&#8221; button_letter_spacing__hover_enabled=&#8221;off&#8221; button_one_letter_spacing__hover_enabled=&#8221;off&#8221; button_two_letter_spacing__hover_enabled=&#8221;off&#8221; button_bg_color__hover_enabled=&#8221;on&#8221; button_bg_color__hover=&#8221;rgba(255,255,255,0)&#8221; button_one_bg_color__hover_enabled=&#8221;off&#8221; button_two_bg_color__hover_enabled=&#8221;off&#8221;][\/et_pb_button][et_pb_text module_id=&#8221;reveal&#8221; _builder_version=&#8221;4.27.0&#8243; text_font=&#8221;|300|||||||&#8221; text_text_color=&#8221;#cccccc&#8221; text_line_height=&#8221;1.1em&#8221; header_font=&#8221;|300|||||||&#8221; header_2_font=&#8221;|300||on|||||&#8221; header_2_text_color=&#8221;#cccccc&#8221; header_2_font_size=&#8221;36px&#8221; header_2_letter_spacing=&#8221;2px&#8221; background_layout=&#8221;dark&#8221; global_colors_info=&#8221;{}&#8221;]<\/p>\n<p>El Pilates es basa en principis fonamentals que inclouen la <strong>concentraci\u00f3, el control, la precisi\u00f3, la respiraci\u00f3 i el flux. <\/strong>En cada classe, t&#8217;animem que et concentres en cada moviment i en la connexi\u00f3 ment-cos. Aix\u00f2 t&#8217;ajuda a millorar la teua consci\u00e8ncia corporal i a mantindre una correcta alineaci\u00f3 durant els exercicis. Amb el temps, notar\u00e0s una millora en la teua postura, equilibri i coordinaci\u00f3.<\/p>\n<p>A m\u00e9s, en les nostres classes de Pilates ens enfoquem en la import\u00e0ncia de la respiraci\u00f3 adequada durant els exercicis. La respiraci\u00f3 profunda i controlada ajuda a oxigenar els m\u00fasculs i a millorar el seu funcionament, la qual cosa resulta en un major rendiment i una menor probabilitat de lesions. Els instructors et guiaran en la sincronitzaci\u00f3 de la respiraci\u00f3 amb cada moviment, la qual cosa et permetr\u00e0 maximitzar els beneficis de cada exercici.<\/p>\n<p>[\/et_pb_text][\/et_pb_column][\/et_pb_row][et_pb_row column_structure=&#8221;1_3,2_3&#8243; custom_padding_last_edited=&#8221;on|phone&#8221; _builder_version=&#8221;4.16&#8243; _module_preset=&#8221;default&#8221; custom_margin=&#8221;||0px||false|false&#8221; custom_padding=&#8221;||||false|false&#8221; custom_padding_tablet=&#8221;&#8221; custom_padding_phone=&#8221;0px||0px||false|false&#8221; global_colors_info=&#8221;{}&#8221;][et_pb_column type=&#8221;1_3&#8243; _builder_version=&#8221;4.16&#8243; _module_preset=&#8221;default&#8221; global_colors_info=&#8221;{}&#8221;][et_pb_text _builder_version=&#8221;4.27.0&#8243; text_font=&#8221;||||||||&#8221; header_font=&#8221;||||||||&#8221; header_text_align=&#8221;center&#8221; header_2_font=&#8221;|300||on|||||&#8221; header_2_text_align=&#8221;right&#8221; header_2_font_size=&#8221;29px&#8221; custom_margin=&#8221;||0px||false|false&#8221; custom_padding=&#8221;|15%|0px||false|false&#8221; header_2_text_align_tablet=&#8221;&#8221; header_2_text_align_phone=&#8221;left&#8221; header_2_text_align_last_edited=&#8221;on|phone&#8221; header_2_font_size_tablet=&#8221;51px&#8221; header_2_font_size_phone=&#8221;25px&#8221; header_2_font_size_last_edited=&#8221;on|phone&#8221; border_width_right=&#8221;2px&#8221; border_color_right=&#8221;#cccccc&#8221; border_width_right_tablet=&#8221;&#8221; border_width_right_phone=&#8221;0px&#8221; border_width_right_last_edited=&#8221;on|phone&#8221; locked=&#8221;off&#8221; global_colors_info=&#8221;{}&#8221;]<\/p>\n<h2>Beneficis del Pilates a Alcoi<\/h2>\n<p>[\/et_pb_text][\/et_pb_column][et_pb_column type=&#8221;2_3&#8243; _builder_version=&#8221;4.16&#8243; _module_preset=&#8221;default&#8221; global_colors_info=&#8221;{}&#8221;][et_pb_text _builder_version=&#8221;4.27.0&#8243; text_font=&#8221;|300|||||||&#8221; text_text_color=&#8221;#cccccc&#8221; text_line_height=&#8221;1.1em&#8221; header_font=&#8221;|300|||||||&#8221; header_2_font=&#8221;|300||on|||||&#8221; header_2_text_color=&#8221;#cccccc&#8221; header_2_font_size=&#8221;36px&#8221; header_2_letter_spacing=&#8221;2px&#8221; background_layout=&#8221;dark&#8221; hover_enabled=&#8221;0&#8243; global_colors_info=&#8221;{}&#8221; sticky_enabled=&#8221;0&#8243;]<\/p>\n<p>El Pilates en Sparta Sport Center Alcoi oferix una s\u00e8rie de beneficis per a la teua salut i benestar. Un dels beneficis m\u00e9s destacats del Pilates \u00e9s<strong> l&#8217;enfortiment <\/strong><strong>dels m\u00fasculs centrals, <\/strong>incloent-hi els abdominals, l&#8217;esquena baixa i els glutis. Aix\u00f2 no sols t&#8217;ajuda a desenvolupar un cos m\u00e9s fort, sin\u00f3 que tamb\u00e9 ajuda a previndre lesions i a millorar el teu rendiment en altres activitats f\u00edsiques.<\/p>\n<p>[\/et_pb_text][et_pb_button button_text=&#8221;+&#8221; button_alignment=&#8221;center&#8221; module_class=&#8221;rv_button2 closed&#8221; _builder_version=&#8221;4.16&#8243; custom_button=&#8221;on&#8221; button_text_size=&#8221;39px&#8221; button_text_color=&#8221;#cccccc&#8221; button_border_width=&#8221;0px&#8221; button_border_radius=&#8221;0px&#8221; button_font=&#8221;Oswald|700|||||||&#8221; button_use_icon=&#8221;off&#8221; custom_margin=&#8221;-40px|0px|-10px|0px|false|false&#8221; custom_margin_tablet=&#8221;&#8221; custom_margin_phone=&#8221;&#8221; custom_margin_last_edited=&#8221;on|phone&#8221; custom_padding=&#8221;0px|0px|0px|0px|true|&#8221; button_text_color_hover=&#8221;rgba(224,43,32,0.76)&#8221; button_border_color_hover=&#8221;rgba(0,0,0,0)&#8221; button_border_radius_hover=&#8221;0px&#8221; button_bg_color_hover=&#8221;rgba(0,0,0,0)&#8221; global_colors_info=&#8221;{}&#8221; button_text_size__hover_enabled=&#8221;off&#8221; button_one_text_size__hover_enabled=&#8221;off&#8221; button_two_text_size__hover_enabled=&#8221;off&#8221; button_text_color__hover_enabled=&#8221;on|desktop&#8221; button_text_color__hover=&#8221;rgba(255,255,255,0.5)&#8221; button_one_text_color__hover_enabled=&#8221;off&#8221; button_two_text_color__hover_enabled=&#8221;off&#8221; button_border_width__hover_enabled=&#8221;off&#8221; button_one_border_width__hover_enabled=&#8221;off&#8221; button_two_border_width__hover_enabled=&#8221;off&#8221; button_border_color__hover_enabled=&#8221;on&#8221; button_border_color__hover=&#8221;rgba(0,0,0,0)&#8221; button_one_border_color__hover_enabled=&#8221;off&#8221; button_two_border_color__hover_enabled=&#8221;off&#8221; button_border_radius__hover_enabled=&#8221;on&#8221; button_border_radius__hover=&#8221;0px&#8221; button_one_border_radius__hover_enabled=&#8221;off&#8221; button_two_border_radius__hover_enabled=&#8221;off&#8221; button_letter_spacing__hover_enabled=&#8221;off&#8221; button_one_letter_spacing__hover_enabled=&#8221;off&#8221; button_two_letter_spacing__hover_enabled=&#8221;off&#8221; button_bg_color__hover_enabled=&#8221;on&#8221; button_bg_color__hover=&#8221;rgba(255,255,255,0)&#8221; button_one_bg_color__hover_enabled=&#8221;off&#8221; button_two_bg_color__hover_enabled=&#8221;off&#8221;][\/et_pb_button][et_pb_text module_id=&#8221;reveal2&#8243; _builder_version=&#8221;4.27.0&#8243; text_font=&#8221;|300|||||||&#8221; text_text_color=&#8221;#cccccc&#8221; text_line_height=&#8221;1.1em&#8221; header_font=&#8221;|300|||||||&#8221; header_2_font=&#8221;|300||on|||||&#8221; header_2_text_color=&#8221;#cccccc&#8221; header_2_font_size=&#8221;36px&#8221; header_2_letter_spacing=&#8221;2px&#8221; background_layout=&#8221;dark&#8221; global_colors_info=&#8221;{}&#8221;]<\/p>\n<p>Un altre benefici del Pilates \u00e9s la <strong>millora de la flexibilitat i la mobilitat articular. <\/strong>A mesura que envellim, els nostres m\u00fasculs tendixen a acurtar-se i les nostres articulacions poden tornar-se r\u00edgides. El Pilates t&#8217;ajuda a mantindre els teus m\u00fasculs i articulacions flexibles, la qual cosa et permet gaudir d&#8217;una major llibertat de moviment en la teua vida di\u00e0ria.<\/p>\n<p>A m\u00e9s, el Pilates \u00e9s un exercici de baix impacte que posa poc estr\u00e9s en les articulacions. Aix\u00f2 fa que siga una <strong>opci\u00f3 segura per a persones de totes les edats i nivells de condici\u00f3 f\u00edsica. <\/strong>\u00c9s especialment benefici\u00f3s per a aquells que estan rehabilitant lesions o que tenen condicions com a artritis o dolor cr\u00f2nic.<\/p>\n<p>[\/et_pb_text][\/et_pb_column][\/et_pb_row][\/et_pb_section][et_pb_section fb_built=&#8221;1&#8243; custom_padding_last_edited=&#8221;on|phone&#8221; _builder_version=&#8221;4.16&#8243; _module_preset=&#8221;default&#8221; background_color=&#8221;#262626&#8243; custom_padding=&#8221;0px||50px||false|false&#8221; custom_padding_tablet=&#8221;&#8221; custom_padding_phone=&#8221;||30px||false|false&#8221; global_colors_info=&#8221;{}&#8221;][et_pb_row column_structure=&#8221;1_3,2_3&#8243; custom_padding_last_edited=&#8221;on|phone&#8221; _builder_version=&#8221;4.16&#8243; _module_preset=&#8221;default&#8221; custom_padding_tablet=&#8221;&#8221; custom_padding_phone=&#8221;0px||0px||false|false&#8221; global_colors_info=&#8221;{}&#8221;][et_pb_column type=&#8221;1_3&#8243; _builder_version=&#8221;4.16&#8243; _module_preset=&#8221;default&#8221; global_colors_info=&#8221;{}&#8221;][et_pb_text _builder_version=&#8221;4.27.0&#8243; text_font=&#8221;||||||||&#8221; header_font=&#8221;||||||||&#8221; header_text_align=&#8221;center&#8221; header_2_font=&#8221;|300||on|||||&#8221; header_2_text_align=&#8221;right&#8221; header_2_font_size=&#8221;29px&#8221; custom_margin=&#8221;||0px||false|false&#8221; custom_padding=&#8221;|15%|0px||false|false&#8221; hover_enabled=&#8221;0&#8243; header_2_text_align_tablet=&#8221;&#8221; header_2_text_align_phone=&#8221;left&#8221; header_2_text_align_last_edited=&#8221;on|phone&#8221; header_2_font_size_tablet=&#8221;51px&#8221; header_2_font_size_phone=&#8221;25px&#8221; header_2_font_size_last_edited=&#8221;on|phone&#8221; border_width_right=&#8221;2px&#8221; border_color_right=&#8221;#cccccc&#8221; border_width_right_tablet=&#8221;&#8221; border_width_right_phone=&#8221;0px&#8221; border_width_right_last_edited=&#8221;on|phone&#8221; locked=&#8221;off&#8221; global_colors_info=&#8221;{}&#8221; sticky_enabled=&#8221;0&#8243;]<\/p>\n<h2>Per que Pilates en Sparta Sport Center Alcoi<\/h2>\n<p>[\/et_pb_text][\/et_pb_column][et_pb_column type=&#8221;2_3&#8243; _builder_version=&#8221;4.16&#8243; _module_preset=&#8221;default&#8221; global_colors_info=&#8221;{}&#8221;][et_pb_text _builder_version=&#8221;4.27.0&#8243; text_font=&#8221;|300|||||||&#8221; text_text_color=&#8221;#cccccc&#8221; text_line_height=&#8221;1.1em&#8221; header_font=&#8221;|300|||||||&#8221; header_2_font=&#8221;|300||on|||||&#8221; header_2_text_color=&#8221;#cccccc&#8221; header_2_font_size=&#8221;36px&#8221; header_2_letter_spacing=&#8221;2px&#8221; background_layout=&#8221;dark&#8221; global_colors_info=&#8221;{}&#8221;]<\/p>\n<p>En Sparta Sport Center Alcoi, oferim classes de Pilates en un entorn acollidor i amigable. Els nostres instructors estan compromesos amb el teu \u00e8xit i et donaran l&#8217;atenci\u00f3 personalitzada que necessites per a aconseguir els teus objectius de fitness.<\/p>\n<p>A m\u00e9s de les nostres classes de Pilates, tamb\u00e9 oferim una <strong>varietat d&#8217;altres servicis, <\/strong>com a entrenament personalitzat i classes de grup. El nostre objectiu \u00e9s proporcionar-te totes les ferramentes que necessites per a millorar la teua salut i benestar de manera integral.<\/p>\n<p>No esperes m\u00e9s per a comen\u00e7ar a gaudir dels molts beneficis del Pilates. Uneix-te a les nostres classes en Sparta Sport Center Alcoi i descobrix tot el que el Pilates pot fer per tu.<\/p>\n<p>[\/et_pb_text][\/et_pb_column][\/et_pb_row][\/et_pb_section]<\/p>\n","protected":false},"excerpt":{"rendered":"<p>Classes de Pilates a AlcoiSi est\u00e0s buscant una forma d&#8217;exercici que t&#8217;ajude a millorar la teua salut i enfortir el teu cos, el Pilates a Alcoi pot ser la soluci\u00f3 perfecta per a tu. En Sparta Sport Center Alcoi oferim classes de Pilates dissenyades per a ajudar-te a aconseguir els teus objectius de fitness d&#8217;una [&hellip;]<\/p>\n","protected":false},"author":1,"featured_media":221254,"parent":0,"menu_order":0,"comment_status":"closed","ping_status":"closed","template":"","meta":{"_et_pb_use_builder":"on","_et_pb_old_content":"","_et_gb_content_width":"","footnotes":""},"class_list":["post-221351","page","type-page","status-publish","has-post-thumbnail","hentry"],"yoast_head":"<!-- This site is optimized with the Yoast SEO plugin v27.4 - https:\/\/yoast.com\/product\/yoast-seo-wordpress\/ -->\n<title>Pilates a Alcoi 1 DIA GRATIS! | Sparta Sport Center\u200b<\/title>\n<meta name=\"description\" content=\"Inscriu-te i gaudix de les nostres classes de pilates a Alcoi, comptem amb un equip d&#039;instructors 100% dedicats al teu benestar.\" \/>\n<meta name=\"robots\" content=\"index, follow, max-snippet:-1, max-image-preview:large, max-video-preview:-1\" \/>\n<link rel=\"canonical\" href=\"https:\/\/spartasportcenter.com\/alcoi\/ca\/pilates-alcoi\/\" \/>\n<meta property=\"og:locale\" content=\"en_US\" \/>\n<meta property=\"og:type\" content=\"article\" \/>\n<meta property=\"og:title\" content=\"Pilates a Alcoi 1 DIA GRATIS! | Sparta Sport Center\u200b\" \/>\n<meta property=\"og:description\" content=\"Inscriu-te i gaudix de les nostres classes de pilates a Alcoi, comptem amb un equip d&#039;instructors 100% dedicats al teu benestar.\" \/>\n<meta property=\"og:url\" content=\"https:\/\/spartasportcenter.com\/alcoi\/ca\/pilates-alcoi\/\" \/>\n<meta property=\"og:site_name\" content=\"Sparta Sport Center Alcoi\" \/>\n<meta property=\"article:modified_time\" content=\"2024-11-08T10:38:26+00:00\" \/>\n<meta property=\"og:image\" content=\"https:\/\/spartasportcenter.com\/alcoi\/wp-content\/uploads\/2024\/07\/pilates-alcoi.webp\" \/>\n\t<meta property=\"og:image:width\" content=\"2000\" \/>\n\t<meta property=\"og:image:height\" content=\"1333\" \/>\n\t<meta property=\"og:image:type\" content=\"image\/webp\" \/>\n<meta name=\"twitter:card\" content=\"summary_large_image\" \/>\n<meta name=\"twitter:label1\" content=\"Est. reading time\" \/>\n\t<meta name=\"twitter:data1\" content=\"3 minutes\" \/>\n<script type=\"application\/ld+json\" class=\"yoast-schema-graph\">{\"@context\":\"https:\\\/\\\/schema.org\",\"@graph\":[{\"@type\":\"WebPage\",\"@id\":\"https:\\\/\\\/spartasportcenter.com\\\/alcoi\\\/ca\\\/pilates-alcoi\\\/\",\"url\":\"https:\\\/\\\/spartasportcenter.com\\\/alcoi\\\/ca\\\/pilates-alcoi\\\/\",\"name\":\"Pilates a Alcoi 1 DIA GRATIS! | Sparta Sport Center\u200b\",\"isPartOf\":{\"@id\":\"https:\\\/\\\/spartasportcenter.com\\\/alcoi\\\/ca\\\/#website\"},\"primaryImageOfPage\":{\"@id\":\"https:\\\/\\\/spartasportcenter.com\\\/alcoi\\\/ca\\\/pilates-alcoi\\\/#primaryimage\"},\"image\":{\"@id\":\"https:\\\/\\\/spartasportcenter.com\\\/alcoi\\\/ca\\\/pilates-alcoi\\\/#primaryimage\"},\"thumbnailUrl\":\"https:\\\/\\\/spartasportcenter.com\\\/alcoi\\\/wp-content\\\/uploads\\\/2024\\\/07\\\/pilates-alcoi.webp\",\"datePublished\":\"2018-08-08T14:24:44+00:00\",\"dateModified\":\"2024-11-08T10:38:26+00:00\",\"description\":\"Inscriu-te i gaudix de les nostres classes de pilates a Alcoi, comptem amb un equip d'instructors 100% dedicats al teu benestar.\",\"breadcrumb\":{\"@id\":\"https:\\\/\\\/spartasportcenter.com\\\/alcoi\\\/ca\\\/pilates-alcoi\\\/#breadcrumb\"},\"inLanguage\":\"va\",\"potentialAction\":[{\"@type\":\"ReadAction\",\"target\":[\"https:\\\/\\\/spartasportcenter.com\\\/alcoi\\\/ca\\\/pilates-alcoi\\\/\"]}]},{\"@type\":\"ImageObject\",\"inLanguage\":\"va\",\"@id\":\"https:\\\/\\\/spartasportcenter.com\\\/alcoi\\\/ca\\\/pilates-alcoi\\\/#primaryimage\",\"url\":\"https:\\\/\\\/spartasportcenter.com\\\/alcoi\\\/wp-content\\\/uploads\\\/2024\\\/07\\\/pilates-alcoi.webp\",\"contentUrl\":\"https:\\\/\\\/spartasportcenter.com\\\/alcoi\\\/wp-content\\\/uploads\\\/2024\\\/07\\\/pilates-alcoi.webp\",\"width\":2000,\"height\":1333},{\"@type\":\"BreadcrumbList\",\"@id\":\"https:\\\/\\\/spartasportcenter.com\\\/alcoi\\\/ca\\\/pilates-alcoi\\\/#breadcrumb\",\"itemListElement\":[{\"@type\":\"ListItem\",\"position\":1,\"name\":\"Portada\",\"item\":\"https:\\\/\\\/spartasportcenter.com\\\/alcoi\\\/ca\\\/\"},{\"@type\":\"ListItem\",\"position\":2,\"name\":\"Pilates a Alcoi\"}]},{\"@type\":\"WebSite\",\"@id\":\"https:\\\/\\\/spartasportcenter.com\\\/alcoi\\\/ca\\\/#website\",\"url\":\"https:\\\/\\\/spartasportcenter.com\\\/alcoi\\\/ca\\\/\",\"name\":\"Sparta Sport Center Alcoi\",\"description\":\"Gimnasios en Cuenca\",\"potentialAction\":[{\"@type\":\"SearchAction\",\"target\":{\"@type\":\"EntryPoint\",\"urlTemplate\":\"https:\\\/\\\/spartasportcenter.com\\\/alcoi\\\/ca\\\/?s={search_term_string}\"},\"query-input\":{\"@type\":\"PropertyValueSpecification\",\"valueRequired\":true,\"valueName\":\"search_term_string\"}}],\"inLanguage\":\"va\"}]}<\/script>\n<!-- \/ Yoast SEO plugin. -->","yoast_head_json":{"title":"Pilates a Alcoi 1 DIA GRATIS! | Sparta Sport Center\u200b","description":"Inscriu-te i gaudix de les nostres classes de pilates a Alcoi, comptem amb un equip d'instructors 100% dedicats al teu benestar.","robots":{"index":"index","follow":"follow","max-snippet":"max-snippet:-1","max-image-preview":"max-image-preview:large","max-video-preview":"max-video-preview:-1"},"canonical":"https:\/\/spartasportcenter.com\/alcoi\/ca\/pilates-alcoi\/","og_locale":"en_US","og_type":"article","og_title":"Pilates a Alcoi 1 DIA GRATIS! | Sparta Sport Center\u200b","og_description":"Inscriu-te i gaudix de les nostres classes de pilates a Alcoi, comptem amb un equip d'instructors 100% dedicats al teu benestar.","og_url":"https:\/\/spartasportcenter.com\/alcoi\/ca\/pilates-alcoi\/","og_site_name":"Sparta Sport Center Alcoi","article_modified_time":"2024-11-08T10:38:26+00:00","og_image":[{"width":2000,"height":1333,"url":"https:\/\/spartasportcenter.com\/alcoi\/wp-content\/uploads\/2024\/07\/pilates-alcoi.webp","type":"image\/webp"}],"twitter_card":"summary_large_image","twitter_misc":{"Est. reading time":"3 minutes"},"schema":{"@context":"https:\/\/schema.org","@graph":[{"@type":"WebPage","@id":"https:\/\/spartasportcenter.com\/alcoi\/ca\/pilates-alcoi\/","url":"https:\/\/spartasportcenter.com\/alcoi\/ca\/pilates-alcoi\/","name":"Pilates a Alcoi 1 DIA GRATIS! | Sparta Sport Center\u200b","isPartOf":{"@id":"https:\/\/spartasportcenter.com\/alcoi\/ca\/#website"},"primaryImageOfPage":{"@id":"https:\/\/spartasportcenter.com\/alcoi\/ca\/pilates-alcoi\/#primaryimage"},"image":{"@id":"https:\/\/spartasportcenter.com\/alcoi\/ca\/pilates-alcoi\/#primaryimage"},"thumbnailUrl":"https:\/\/spartasportcenter.com\/alcoi\/wp-content\/uploads\/2024\/07\/pilates-alcoi.webp","datePublished":"2018-08-08T14:24:44+00:00","dateModified":"2024-11-08T10:38:26+00:00","description":"Inscriu-te i gaudix de les nostres classes de pilates a Alcoi, comptem amb un equip d'instructors 100% dedicats al teu benestar.","breadcrumb":{"@id":"https:\/\/spartasportcenter.com\/alcoi\/ca\/pilates-alcoi\/#breadcrumb"},"inLanguage":"va","potentialAction":[{"@type":"ReadAction","target":["https:\/\/spartasportcenter.com\/alcoi\/ca\/pilates-alcoi\/"]}]},{"@type":"ImageObject","inLanguage":"va","@id":"https:\/\/spartasportcenter.com\/alcoi\/ca\/pilates-alcoi\/#primaryimage","url":"https:\/\/spartasportcenter.com\/alcoi\/wp-content\/uploads\/2024\/07\/pilates-alcoi.webp","contentUrl":"https:\/\/spartasportcenter.com\/alcoi\/wp-content\/uploads\/2024\/07\/pilates-alcoi.webp","width":2000,"height":1333},{"@type":"BreadcrumbList","@id":"https:\/\/spartasportcenter.com\/alcoi\/ca\/pilates-alcoi\/#breadcrumb","itemListElement":[{"@type":"ListItem","position":1,"name":"Portada","item":"https:\/\/spartasportcenter.com\/alcoi\/ca\/"},{"@type":"ListItem","position":2,"name":"Pilates a Alcoi"}]},{"@type":"WebSite","@id":"https:\/\/spartasportcenter.com\/alcoi\/ca\/#website","url":"https:\/\/spartasportcenter.com\/alcoi\/ca\/","name":"Sparta Sport Center Alcoi","description":"Gimnasios en Cuenca","potentialAction":[{"@type":"SearchAction","target":{"@type":"EntryPoint","urlTemplate":"https:\/\/spartasportcenter.com\/alcoi\/ca\/?s={search_term_string}"},"query-input":{"@type":"PropertyValueSpecification","valueRequired":true,"valueName":"search_term_string"}}],"inLanguage":"va"}]}},"_links":{"self":[{"href":"https:\/\/spartasportcenter.com\/alcoi\/ca\/wp-json\/wp\/v2\/pages\/221351","targetHints":{"allow":["GET"]}}],"collection":[{"href":"https:\/\/spartasportcenter.com\/alcoi\/ca\/wp-json\/wp\/v2\/pages"}],"about":[{"href":"https:\/\/spartasportcenter.com\/alcoi\/ca\/wp-json\/wp\/v2\/types\/page"}],"author":[{"embeddable":true,"href":"https:\/\/spartasportcenter.com\/alcoi\/ca\/wp-json\/wp\/v2\/users\/1"}],"replies":[{"embeddable":true,"href":"https:\/\/spartasportcenter.com\/alcoi\/ca\/wp-json\/wp\/v2\/comments?post=221351"}],"version-history":[{"count":9,"href":"https:\/\/spartasportcenter.com\/alcoi\/ca\/wp-json\/wp\/v2\/pages\/221351\/revisions"}],"predecessor-version":[{"id":222017,"href":"https:\/\/spartasportcenter.com\/alcoi\/ca\/wp-json\/wp\/v2\/pages\/221351\/revisions\/222017"}],"wp:featuredmedia":[{"embeddable":true,"href":"https:\/\/spartasportcenter.com\/alcoi\/ca\/wp-json\/wp\/v2\/media\/221254"}],"wp:attachment":[{"href":"https:\/\/spartasportcenter.com\/alcoi\/ca\/wp-json\/wp\/v2\/media?parent=221351"}],"curies":[{"name":"wp","href":"https:\/\/api.w.org\/{rel}","templated":true}]}}