{"id":221344,"date":"2018-08-20T15:40:03","date_gmt":"2018-08-20T13:40:03","guid":{"rendered":"https:\/\/spartasportcenter.com\/alcoi\/spinning-alcoi\/"},"modified":"2024-11-08T11:38:52","modified_gmt":"2024-11-08T10:38:52","slug":"spinning-alcoi","status":"publish","type":"page","link":"https:\/\/spartasportcenter.com\/alcoi\/ca\/spinning-alcoi\/","title":{"rendered":"Spinning a Alcoi"},"content":{"rendered":"<p>[et_pb_section fb_built=&#8221;1&#8243; custom_padding_last_edited=&#8221;on|phone&#8221; disabled_on=&#8221;off|off|off&#8221; _builder_version=&#8221;4.16&#8243; background_color=&#8221;#262626&#8243; background_enable_image=&#8221;off&#8221; custom_margin=&#8221;||||false|false&#8221; custom_padding=&#8221;80px|0px|0px|0px|false|false&#8221; custom_padding_tablet=&#8221;&#8221; custom_padding_phone=&#8221;30px||50px||false|false&#8221; global_colors_info=&#8221;{}&#8221;][et_pb_row column_structure=&#8221;1_3,2_3&#8243; custom_padding_last_edited=&#8221;on|desktop&#8221; _builder_version=&#8221;4.16&#8243; _module_preset=&#8221;default&#8221; custom_padding=&#8221;0px||||false|false&#8221; custom_padding_tablet=&#8221;&#8221; custom_padding_phone=&#8221;0px||||false|false&#8221; global_colors_info=&#8221;{}&#8221;][et_pb_column type=&#8221;1_3&#8243; _builder_version=&#8221;4.16&#8243; _module_preset=&#8221;default&#8221; global_colors_info=&#8221;{}&#8221;][et_pb_text _builder_version=&#8221;4.27.0&#8243; text_font=&#8221;||||||||&#8221; header_font=&#8221;||||||||&#8221; header_text_align=&#8221;center&#8221; header_2_font=&#8221;|300||on|||||&#8221; header_2_text_align=&#8221;right&#8221; header_2_font_size=&#8221;29px&#8221; custom_margin=&#8221;||0px||false|false&#8221; custom_padding=&#8221;|15%|0px||false|false&#8221; header_2_text_align_tablet=&#8221;&#8221; header_2_text_align_phone=&#8221;left&#8221; header_2_text_align_last_edited=&#8221;on|phone&#8221; header_2_font_size_tablet=&#8221;51px&#8221; header_2_font_size_phone=&#8221;25px&#8221; header_2_font_size_last_edited=&#8221;on|phone&#8221; border_width_right=&#8221;2px&#8221; border_color_right=&#8221;#cccccc&#8221; border_width_right_tablet=&#8221;&#8221; border_width_right_phone=&#8221;0px&#8221; border_width_right_last_edited=&#8221;on|phone&#8221; locked=&#8221;off&#8221; global_colors_info=&#8221;{}&#8221;]<\/p>\n<h2>Classes de spinning a Alcoi<\/h2>\n<p>[\/et_pb_text][\/et_pb_column][et_pb_column type=&#8221;2_3&#8243; _builder_version=&#8221;4.16&#8243; _module_preset=&#8221;default&#8221; global_colors_info=&#8221;{}&#8221;][et_pb_text _builder_version=&#8221;4.27.0&#8243; text_font=&#8221;|300|||||||&#8221; text_text_color=&#8221;#cccccc&#8221; text_line_height=&#8221;1.1em&#8221; header_font=&#8221;|300|||||||&#8221; header_2_font=&#8221;|300||on|||||&#8221; header_2_text_color=&#8221;#cccccc&#8221; header_2_font_size=&#8221;36px&#8221; header_2_letter_spacing=&#8221;2px&#8221; background_layout=&#8221;dark&#8221; global_colors_info=&#8221;{}&#8221;]<\/p>\n<p>El spinning a Alcoi \u00e9s una activitat esportiva que ha guanyat molta popularitat en els \u00faltims anys. Consistix en un <strong>exercici cardiovascular intens que es realitza en bicicletes est\u00e0tiques especialment dissenyades. <\/strong>Un dels llocs m\u00e9s destacats per a practicar-ho \u00e9s l&#8217;Sparta Sport Center Alcoi.<\/p>\n<p>Les nostres classes de spinning a Alcoi t&#8217;oferixen l&#8217;oportunitat de gaudir d&#8217;una experi\u00e8ncia \u00fanica. En Sparta Sport Center Alcoi comptem amb un equip d&#8217;instructors que et guiaran al llarg de la sessi\u00f3. Les nostres classes solen tindre una duraci\u00f3 de 45 minuts a 1 hora, i les adaptem a diferents nivells de condici\u00f3 f\u00edsica.<\/p>\n<p>[\/et_pb_text][et_pb_button button_text=&#8221;+&#8221; button_alignment=&#8221;center&#8221; module_class=&#8221;rv_button closed&#8221; _builder_version=&#8221;4.16&#8243; custom_button=&#8221;on&#8221; button_text_size=&#8221;39px&#8221; button_text_color=&#8221;#cccccc&#8221; button_border_width=&#8221;0px&#8221; button_border_radius=&#8221;0px&#8221; button_font=&#8221;Oswald|700|||||||&#8221; button_use_icon=&#8221;off&#8221; custom_margin=&#8221;-40px|0px|-10px|0px|false|false&#8221; custom_margin_tablet=&#8221;&#8221; custom_margin_phone=&#8221;&#8221; custom_margin_last_edited=&#8221;on|phone&#8221; custom_padding=&#8221;0px|0px|0px|0px|true|&#8221; button_text_color_hover=&#8221;rgba(224,43,32,0.76)&#8221; button_border_color_hover=&#8221;rgba(0,0,0,0)&#8221; button_border_radius_hover=&#8221;0px&#8221; button_bg_color_hover=&#8221;rgba(0,0,0,0)&#8221; locked=&#8221;off&#8221; global_colors_info=&#8221;{}&#8221; button_text_size__hover_enabled=&#8221;off&#8221; button_one_text_size__hover_enabled=&#8221;off&#8221; button_two_text_size__hover_enabled=&#8221;off&#8221; button_text_color__hover_enabled=&#8221;on|desktop&#8221; button_text_color__hover=&#8221;rgba(255,255,255,0.5)&#8221; button_one_text_color__hover_enabled=&#8221;off&#8221; button_two_text_color__hover_enabled=&#8221;off&#8221; button_border_width__hover_enabled=&#8221;off&#8221; button_one_border_width__hover_enabled=&#8221;off&#8221; button_two_border_width__hover_enabled=&#8221;off&#8221; button_border_color__hover_enabled=&#8221;on&#8221; button_border_color__hover=&#8221;rgba(0,0,0,0)&#8221; button_one_border_color__hover_enabled=&#8221;off&#8221; button_two_border_color__hover_enabled=&#8221;off&#8221; button_border_radius__hover_enabled=&#8221;on&#8221; button_border_radius__hover=&#8221;0px&#8221; button_one_border_radius__hover_enabled=&#8221;off&#8221; button_two_border_radius__hover_enabled=&#8221;off&#8221; button_letter_spacing__hover_enabled=&#8221;off&#8221; button_one_letter_spacing__hover_enabled=&#8221;off&#8221; button_two_letter_spacing__hover_enabled=&#8221;off&#8221; button_bg_color__hover_enabled=&#8221;on&#8221; button_bg_color__hover=&#8221;rgba(255,255,255,0)&#8221; button_one_bg_color__hover_enabled=&#8221;off&#8221; button_two_bg_color__hover_enabled=&#8221;off&#8221;][\/et_pb_button][et_pb_text module_id=&#8221;reveal&#8221; _builder_version=&#8221;4.27.0&#8243; text_font=&#8221;|300|||||||&#8221; text_text_color=&#8221;#cccccc&#8221; text_line_height=&#8221;1.1em&#8221; header_font=&#8221;|300|||||||&#8221; header_2_font=&#8221;|300||on|||||&#8221; header_2_text_color=&#8221;#cccccc&#8221; header_2_font_size=&#8221;36px&#8221; header_2_letter_spacing=&#8221;2px&#8221; background_layout=&#8221;dark&#8221; global_colors_info=&#8221;{}&#8221;]<\/p>\n<p>El nostre instructor de spinning t&#8217;ajudar\u00e0 a <strong>establir la intensitat de la teua sessi\u00f3 d&#8217;acord amb els teus objectius i necessitats. <\/strong>Durant la nostra classe, t&#8217;animar\u00e0 a superar-te a tu mateix i et motivar\u00e0 per a aconseguir les teues metes. A m\u00e9s, la m\u00fasica animada i el nostre ambient de grup et donaran l&#8217;energia necess\u00e0ria per a donar el millor de tu.<\/p>\n<p>Submergir-se en la nostra classe de spinning a Alcoi \u00e9s endinsar-se en un m\u00f3n d&#8217;exercici intens i diversi\u00f3. La bicicleta est\u00e0tica es convertix en la teua millor aliada per a cremar calories, millorar la teua resist\u00e8ncia cardiovascular i tonificar les teues cames. La combinaci\u00f3 de diferents ritmes i nivells de resist\u00e8ncia et desafiar\u00e0 a superar els teus l\u00edmits f\u00edsics, mentres et submergixes en un estat de concentraci\u00f3 i benestar<\/p>\n<p>[\/et_pb_text][\/et_pb_column][\/et_pb_row][et_pb_row column_structure=&#8221;1_3,2_3&#8243; custom_padding_last_edited=&#8221;on|phone&#8221; _builder_version=&#8221;4.16&#8243; _module_preset=&#8221;default&#8221; custom_margin=&#8221;||0px||false|false&#8221; custom_padding=&#8221;||||false|false&#8221; custom_padding_tablet=&#8221;&#8221; custom_padding_phone=&#8221;0px||0px||false|false&#8221; global_colors_info=&#8221;{}&#8221;][et_pb_column type=&#8221;1_3&#8243; _builder_version=&#8221;4.16&#8243; _module_preset=&#8221;default&#8221; global_colors_info=&#8221;{}&#8221;][et_pb_text _builder_version=&#8221;4.27.0&#8243; text_font=&#8221;||||||||&#8221; header_font=&#8221;||||||||&#8221; header_text_align=&#8221;center&#8221; header_2_font=&#8221;|300||on|||||&#8221; header_2_text_align=&#8221;right&#8221; header_2_font_size=&#8221;29px&#8221; custom_margin=&#8221;||0px||false|false&#8221; custom_padding=&#8221;|15%|0px||false|false&#8221; header_2_text_align_tablet=&#8221;&#8221; header_2_text_align_phone=&#8221;left&#8221; header_2_text_align_last_edited=&#8221;on|phone&#8221; header_2_font_size_tablet=&#8221;51px&#8221; header_2_font_size_phone=&#8221;25px&#8221; header_2_font_size_last_edited=&#8221;on|phone&#8221; border_width_right=&#8221;2px&#8221; border_color_right=&#8221;#cccccc&#8221; border_width_right_tablet=&#8221;&#8221; border_width_right_phone=&#8221;0px&#8221; border_width_right_last_edited=&#8221;on|phone&#8221; locked=&#8221;off&#8221; global_colors_info=&#8221;{}&#8221;]<\/p>\n<h2>Beneficis del Spinning a Alcoi<\/h2>\n<p>[\/et_pb_text][\/et_pb_column][et_pb_column type=&#8221;2_3&#8243; _builder_version=&#8221;4.16&#8243; _module_preset=&#8221;default&#8221; global_colors_info=&#8221;{}&#8221;][et_pb_text _builder_version=&#8221;4.27.0&#8243; text_font=&#8221;|300|||||||&#8221; text_text_color=&#8221;#cccccc&#8221; text_line_height=&#8221;1.1em&#8221; header_font=&#8221;|300|||||||&#8221; header_2_font=&#8221;|300||on|||||&#8221; header_2_text_color=&#8221;#cccccc&#8221; header_2_font_size=&#8221;36px&#8221; header_2_letter_spacing=&#8221;2px&#8221; background_layout=&#8221;dark&#8221; global_colors_info=&#8221;{}&#8221;]<\/p>\n<p>Els beneficis del spinning a Alcoi s\u00f3n m\u00faltiples per a la teua salut i benestar. Un dels principals beneficis \u00e9s el <strong>enfortiment dels m\u00fasculs de les cames i glutis. <\/strong>A mesura que pedales contra la resist\u00e8ncia de la bicicleta, la teua musculatura es tonifica i enfortix.<\/p>\n<p>[\/et_pb_text][et_pb_button button_text=&#8221;+&#8221; button_alignment=&#8221;center&#8221; module_class=&#8221;rv_button2 closed&#8221; _builder_version=&#8221;4.16&#8243; custom_button=&#8221;on&#8221; button_text_size=&#8221;39px&#8221; button_text_color=&#8221;#cccccc&#8221; button_border_width=&#8221;0px&#8221; button_border_radius=&#8221;0px&#8221; button_font=&#8221;Oswald|700|||||||&#8221; button_use_icon=&#8221;off&#8221; custom_margin=&#8221;-40px|0px|-10px|0px|false|false&#8221; custom_margin_tablet=&#8221;&#8221; custom_margin_phone=&#8221;&#8221; custom_margin_last_edited=&#8221;on|phone&#8221; custom_padding=&#8221;0px|0px|0px|0px|true|&#8221; button_text_color_hover=&#8221;rgba(224,43,32,0.76)&#8221; button_border_color_hover=&#8221;rgba(0,0,0,0)&#8221; button_border_radius_hover=&#8221;0px&#8221; button_bg_color_hover=&#8221;rgba(0,0,0,0)&#8221; locked=&#8221;off&#8221; global_colors_info=&#8221;{}&#8221; button_text_size__hover_enabled=&#8221;off&#8221; button_one_text_size__hover_enabled=&#8221;off&#8221; button_two_text_size__hover_enabled=&#8221;off&#8221; button_text_color__hover_enabled=&#8221;on|desktop&#8221; button_text_color__hover=&#8221;rgba(255,255,255,0.5)&#8221; button_one_text_color__hover_enabled=&#8221;off&#8221; button_two_text_color__hover_enabled=&#8221;off&#8221; button_border_width__hover_enabled=&#8221;off&#8221; button_one_border_width__hover_enabled=&#8221;off&#8221; button_two_border_width__hover_enabled=&#8221;off&#8221; button_border_color__hover_enabled=&#8221;on&#8221; button_border_color__hover=&#8221;rgba(0,0,0,0)&#8221; button_one_border_color__hover_enabled=&#8221;off&#8221; button_two_border_color__hover_enabled=&#8221;off&#8221; button_border_radius__hover_enabled=&#8221;on&#8221; button_border_radius__hover=&#8221;0px&#8221; button_one_border_radius__hover_enabled=&#8221;off&#8221; button_two_border_radius__hover_enabled=&#8221;off&#8221; button_letter_spacing__hover_enabled=&#8221;off&#8221; button_one_letter_spacing__hover_enabled=&#8221;off&#8221; button_two_letter_spacing__hover_enabled=&#8221;off&#8221; button_bg_color__hover_enabled=&#8221;on&#8221; button_bg_color__hover=&#8221;rgba(255,255,255,0)&#8221; button_one_bg_color__hover_enabled=&#8221;off&#8221; button_two_bg_color__hover_enabled=&#8221;off&#8221;][\/et_pb_button][et_pb_text module_id=&#8221;reveal2&#8243; _builder_version=&#8221;4.27.0&#8243; text_font=&#8221;|300|||||||&#8221; text_text_color=&#8221;#cccccc&#8221; text_line_height=&#8221;1.1em&#8221; header_font=&#8221;|300|||||||&#8221; header_2_font=&#8221;|300||on|||||&#8221; header_2_text_color=&#8221;#cccccc&#8221; header_2_font_size=&#8221;36px&#8221; header_2_letter_spacing=&#8221;2px&#8221; background_layout=&#8221;dark&#8221; global_colors_info=&#8221;{}&#8221;]<\/p>\n<p>Un altre benefici important del spinning \u00e9s la <strong>millora de la capacitat cardiovascular. <\/strong>Durant la sessi\u00f3, el teu cor treballar\u00e0 a un ritme accelerat, la qual cosa et permetr\u00e0 millorar la teua resist\u00e8ncia cardiovascular i cremar calories de manera eficient. A m\u00e9s, el spinning \u00e9s una activitat de baix impacte, cosa que significa que \u00e9s suau per a les articulacions, la qual cosa ho fa adequat per a persones de totes les edats i nivells de condici\u00f3 f\u00edsica.<\/p>\n<p>A m\u00e9s dels beneficis f\u00edsics, el spinning tamb\u00e9 t\u00e9 <strong>beneficis mentals i emocionals. <\/strong>Durant la classe, alliberar\u00e0s endorfinas, conegudes com les \u00abhormones de la felicitat\u00bb, la qual cosa t&#8217;ajudar\u00e0 a reduir l&#8217;estr\u00e9s i millorar el teu estat d&#8217;\u00e0nim. Tamb\u00e9 et permetr\u00e0 desconnectar de les preocupacions di\u00e0ries i trobar un moment de tranquil\u00b7litat enmig de la rutina.<\/p>\n<p>[\/et_pb_text][\/et_pb_column][\/et_pb_row][\/et_pb_section][et_pb_section fb_built=&#8221;1&#8243; custom_padding_last_edited=&#8221;on|phone&#8221; _builder_version=&#8221;4.16&#8243; _module_preset=&#8221;default&#8221; background_color=&#8221;#262626&#8243; custom_padding=&#8221;0px||50px||false|false&#8221; custom_padding_tablet=&#8221;&#8221; custom_padding_phone=&#8221;||30px||false|false&#8221; global_colors_info=&#8221;{}&#8221;][et_pb_row column_structure=&#8221;1_3,2_3&#8243; custom_padding_last_edited=&#8221;on|phone&#8221; _builder_version=&#8221;4.16&#8243; _module_preset=&#8221;default&#8221; custom_padding_tablet=&#8221;&#8221; custom_padding_phone=&#8221;0px||0px||false|false&#8221; global_colors_info=&#8221;{}&#8221;][et_pb_column type=&#8221;1_3&#8243; _builder_version=&#8221;4.16&#8243; _module_preset=&#8221;default&#8221; global_colors_info=&#8221;{}&#8221;][et_pb_text _builder_version=&#8221;4.27.0&#8243; text_font=&#8221;||||||||&#8221; header_font=&#8221;||||||||&#8221; header_text_align=&#8221;center&#8221; header_2_font=&#8221;|300||on|||||&#8221; header_2_text_align=&#8221;right&#8221; header_2_font_size=&#8221;29px&#8221; custom_margin=&#8221;||0px||false|false&#8221; custom_padding=&#8221;|15%|0px||false|false&#8221; hover_enabled=&#8221;0&#8243; header_2_text_align_tablet=&#8221;&#8221; header_2_text_align_phone=&#8221;left&#8221; header_2_text_align_last_edited=&#8221;on|phone&#8221; header_2_font_size_tablet=&#8221;51px&#8221; header_2_font_size_phone=&#8221;25px&#8221; header_2_font_size_last_edited=&#8221;on|phone&#8221; border_width_right=&#8221;2px&#8221; border_color_right=&#8221;#cccccc&#8221; border_width_right_tablet=&#8221;&#8221; border_width_right_phone=&#8221;0px&#8221; border_width_right_last_edited=&#8221;on|phone&#8221; locked=&#8221;off&#8221; global_colors_info=&#8221;{}&#8221; sticky_enabled=&#8221;0&#8243;]<\/p>\n<h2>Per que Spinning en Sparta Sport Center Alcoi<\/h2>\n<p>[\/et_pb_text][\/et_pb_column][et_pb_column type=&#8221;2_3&#8243; _builder_version=&#8221;4.16&#8243; _module_preset=&#8221;default&#8221; global_colors_info=&#8221;{}&#8221;][et_pb_text _builder_version=&#8221;4.27.0&#8243; text_font=&#8221;|300|||||||&#8221; text_text_color=&#8221;#cccccc&#8221; text_line_height=&#8221;1.1em&#8221; header_font=&#8221;|300|||||||&#8221; header_2_font=&#8221;|300||on|||||&#8221; header_2_text_color=&#8221;#cccccc&#8221; header_2_font_size=&#8221;36px&#8221; header_2_letter_spacing=&#8221;2px&#8221; background_layout=&#8221;dark&#8221; global_colors_info=&#8221;{}&#8221;]<\/p>\n<p>Un dels millors llocs per a practicar spinning \u00e9s Sparta Sport Center Alcoi. A m\u00e9s de comptar amb un equip d&#8217;instructors, en el nostre gimn\u00e0s oferim unes <strong>instal\u00b7lacions modernes i c\u00f2modes. <\/strong>Les nostres bicicletes de spinning estan dissenyades per a oferir comoditat i seguretat durant la sessi\u00f3.<\/p>\n<p>A m\u00e9s, en el nostre centre esportiu a Alcoi trobar\u00e0s una <strong>atmosfera motivadora i amigable. <\/strong>El nostre ambient de grup et permetr\u00e0 connectar amb altres persones que compartixen els teus mateixos objectius i t&#8217;ajudaran a mantindre la motivaci\u00f3. Tamb\u00e9 oferim classes en diferents horaris, la qual cosa et donar\u00e0 flexibilitat per a adaptar el spinning a la teua rutina.<\/p>\n<p>[\/et_pb_text][\/et_pb_column][\/et_pb_row][\/et_pb_section]<\/p>\n","protected":false},"excerpt":{"rendered":"<p>Classes de spinning a AlcoiEl spinning a Alcoi \u00e9s una activitat esportiva que ha guanyat molta popularitat en els \u00faltims anys. Consistix en un exercici cardiovascular intens que es realitza en bicicletes est\u00e0tiques especialment dissenyades. Un dels llocs m\u00e9s destacats per a practicar-ho \u00e9s l&#8217;Sparta Sport Center Alcoi. Les nostres classes de spinning a Alcoi [&hellip;]<\/p>\n","protected":false},"author":1,"featured_media":221255,"parent":0,"menu_order":0,"comment_status":"closed","ping_status":"closed","template":"","meta":{"_et_pb_use_builder":"on","_et_pb_old_content":"","_et_gb_content_width":"","footnotes":""},"class_list":["post-221344","page","type-page","status-publish","has-post-thumbnail","hentry"],"yoast_head":"<!-- This site is optimized with the Yoast SEO plugin v27.4 - https:\/\/yoast.com\/product\/yoast-seo-wordpress\/ -->\n<title>Spinning a Alcoi 1 DIA GRATIS! | Sparta Sport Center<\/title>\n<meta name=\"description\" content=\"Inscriu-te i gaudix de les nostres classes de spinning a Alcoi, comptem amb un equip d&#039;Instructors 100% dedicats al teu benestar.\" \/>\n<meta name=\"robots\" content=\"index, follow, max-snippet:-1, max-image-preview:large, max-video-preview:-1\" \/>\n<link rel=\"canonical\" href=\"https:\/\/spartasportcenter.com\/alcoi\/ca\/spinning-alcoi\/\" \/>\n<meta property=\"og:locale\" content=\"en_US\" \/>\n<meta property=\"og:type\" content=\"article\" \/>\n<meta property=\"og:title\" content=\"Spinning a Alcoi 1 DIA GRATIS! | Sparta Sport Center\" \/>\n<meta property=\"og:description\" content=\"Inscriu-te i gaudix de les nostres classes de spinning a Alcoi, comptem amb un equip d&#039;Instructors 100% dedicats al teu benestar.\" \/>\n<meta property=\"og:url\" content=\"https:\/\/spartasportcenter.com\/alcoi\/ca\/spinning-alcoi\/\" \/>\n<meta property=\"og:site_name\" content=\"Sparta Sport Center Alcoi\" \/>\n<meta property=\"article:modified_time\" content=\"2024-11-08T10:38:52+00:00\" \/>\n<meta property=\"og:image\" content=\"https:\/\/spartasportcenter.com\/alcoi\/wp-content\/uploads\/2024\/07\/spinning-alcoi.webp\" \/>\n\t<meta property=\"og:image:width\" content=\"2000\" \/>\n\t<meta property=\"og:image:height\" content=\"1333\" \/>\n\t<meta property=\"og:image:type\" content=\"image\/webp\" \/>\n<meta name=\"twitter:card\" content=\"summary_large_image\" \/>\n<meta name=\"twitter:label1\" content=\"Est. reading time\" \/>\n\t<meta name=\"twitter:data1\" content=\"3 minutes\" \/>\n<script type=\"application\/ld+json\" class=\"yoast-schema-graph\">{\"@context\":\"https:\\\/\\\/schema.org\",\"@graph\":[{\"@type\":\"WebPage\",\"@id\":\"https:\\\/\\\/spartasportcenter.com\\\/alcoi\\\/ca\\\/spinning-alcoi\\\/\",\"url\":\"https:\\\/\\\/spartasportcenter.com\\\/alcoi\\\/ca\\\/spinning-alcoi\\\/\",\"name\":\"Spinning a Alcoi 1 DIA GRATIS! | Sparta Sport Center\",\"isPartOf\":{\"@id\":\"https:\\\/\\\/spartasportcenter.com\\\/alcoi\\\/ca\\\/#website\"},\"primaryImageOfPage\":{\"@id\":\"https:\\\/\\\/spartasportcenter.com\\\/alcoi\\\/ca\\\/spinning-alcoi\\\/#primaryimage\"},\"image\":{\"@id\":\"https:\\\/\\\/spartasportcenter.com\\\/alcoi\\\/ca\\\/spinning-alcoi\\\/#primaryimage\"},\"thumbnailUrl\":\"https:\\\/\\\/spartasportcenter.com\\\/alcoi\\\/wp-content\\\/uploads\\\/2024\\\/07\\\/spinning-alcoi.webp\",\"datePublished\":\"2018-08-20T13:40:03+00:00\",\"dateModified\":\"2024-11-08T10:38:52+00:00\",\"description\":\"Inscriu-te i gaudix de les nostres classes de spinning a Alcoi, comptem amb un equip d'Instructors 100% dedicats al teu benestar.\",\"breadcrumb\":{\"@id\":\"https:\\\/\\\/spartasportcenter.com\\\/alcoi\\\/ca\\\/spinning-alcoi\\\/#breadcrumb\"},\"inLanguage\":\"va\",\"potentialAction\":[{\"@type\":\"ReadAction\",\"target\":[\"https:\\\/\\\/spartasportcenter.com\\\/alcoi\\\/ca\\\/spinning-alcoi\\\/\"]}]},{\"@type\":\"ImageObject\",\"inLanguage\":\"va\",\"@id\":\"https:\\\/\\\/spartasportcenter.com\\\/alcoi\\\/ca\\\/spinning-alcoi\\\/#primaryimage\",\"url\":\"https:\\\/\\\/spartasportcenter.com\\\/alcoi\\\/wp-content\\\/uploads\\\/2024\\\/07\\\/spinning-alcoi.webp\",\"contentUrl\":\"https:\\\/\\\/spartasportcenter.com\\\/alcoi\\\/wp-content\\\/uploads\\\/2024\\\/07\\\/spinning-alcoi.webp\",\"width\":2000,\"height\":1333},{\"@type\":\"BreadcrumbList\",\"@id\":\"https:\\\/\\\/spartasportcenter.com\\\/alcoi\\\/ca\\\/spinning-alcoi\\\/#breadcrumb\",\"itemListElement\":[{\"@type\":\"ListItem\",\"position\":1,\"name\":\"Portada\",\"item\":\"https:\\\/\\\/spartasportcenter.com\\\/alcoi\\\/ca\\\/\"},{\"@type\":\"ListItem\",\"position\":2,\"name\":\"Spinning a Alcoi\"}]},{\"@type\":\"WebSite\",\"@id\":\"https:\\\/\\\/spartasportcenter.com\\\/alcoi\\\/ca\\\/#website\",\"url\":\"https:\\\/\\\/spartasportcenter.com\\\/alcoi\\\/ca\\\/\",\"name\":\"Sparta Sport Center Alcoi\",\"description\":\"Gimnasios en Cuenca\",\"potentialAction\":[{\"@type\":\"SearchAction\",\"target\":{\"@type\":\"EntryPoint\",\"urlTemplate\":\"https:\\\/\\\/spartasportcenter.com\\\/alcoi\\\/ca\\\/?s={search_term_string}\"},\"query-input\":{\"@type\":\"PropertyValueSpecification\",\"valueRequired\":true,\"valueName\":\"search_term_string\"}}],\"inLanguage\":\"va\"}]}<\/script>\n<!-- \/ Yoast SEO plugin. -->","yoast_head_json":{"title":"Spinning a Alcoi 1 DIA GRATIS! | Sparta Sport Center","description":"Inscriu-te i gaudix de les nostres classes de spinning a Alcoi, comptem amb un equip d'Instructors 100% dedicats al teu benestar.","robots":{"index":"index","follow":"follow","max-snippet":"max-snippet:-1","max-image-preview":"max-image-preview:large","max-video-preview":"max-video-preview:-1"},"canonical":"https:\/\/spartasportcenter.com\/alcoi\/ca\/spinning-alcoi\/","og_locale":"en_US","og_type":"article","og_title":"Spinning a Alcoi 1 DIA GRATIS! | Sparta Sport Center","og_description":"Inscriu-te i gaudix de les nostres classes de spinning a Alcoi, comptem amb un equip d'Instructors 100% dedicats al teu benestar.","og_url":"https:\/\/spartasportcenter.com\/alcoi\/ca\/spinning-alcoi\/","og_site_name":"Sparta Sport Center Alcoi","article_modified_time":"2024-11-08T10:38:52+00:00","og_image":[{"width":2000,"height":1333,"url":"https:\/\/spartasportcenter.com\/alcoi\/wp-content\/uploads\/2024\/07\/spinning-alcoi.webp","type":"image\/webp"}],"twitter_card":"summary_large_image","twitter_misc":{"Est. reading time":"3 minutes"},"schema":{"@context":"https:\/\/schema.org","@graph":[{"@type":"WebPage","@id":"https:\/\/spartasportcenter.com\/alcoi\/ca\/spinning-alcoi\/","url":"https:\/\/spartasportcenter.com\/alcoi\/ca\/spinning-alcoi\/","name":"Spinning a Alcoi 1 DIA GRATIS! | Sparta Sport Center","isPartOf":{"@id":"https:\/\/spartasportcenter.com\/alcoi\/ca\/#website"},"primaryImageOfPage":{"@id":"https:\/\/spartasportcenter.com\/alcoi\/ca\/spinning-alcoi\/#primaryimage"},"image":{"@id":"https:\/\/spartasportcenter.com\/alcoi\/ca\/spinning-alcoi\/#primaryimage"},"thumbnailUrl":"https:\/\/spartasportcenter.com\/alcoi\/wp-content\/uploads\/2024\/07\/spinning-alcoi.webp","datePublished":"2018-08-20T13:40:03+00:00","dateModified":"2024-11-08T10:38:52+00:00","description":"Inscriu-te i gaudix de les nostres classes de spinning a Alcoi, comptem amb un equip d'Instructors 100% dedicats al teu benestar.","breadcrumb":{"@id":"https:\/\/spartasportcenter.com\/alcoi\/ca\/spinning-alcoi\/#breadcrumb"},"inLanguage":"va","potentialAction":[{"@type":"ReadAction","target":["https:\/\/spartasportcenter.com\/alcoi\/ca\/spinning-alcoi\/"]}]},{"@type":"ImageObject","inLanguage":"va","@id":"https:\/\/spartasportcenter.com\/alcoi\/ca\/spinning-alcoi\/#primaryimage","url":"https:\/\/spartasportcenter.com\/alcoi\/wp-content\/uploads\/2024\/07\/spinning-alcoi.webp","contentUrl":"https:\/\/spartasportcenter.com\/alcoi\/wp-content\/uploads\/2024\/07\/spinning-alcoi.webp","width":2000,"height":1333},{"@type":"BreadcrumbList","@id":"https:\/\/spartasportcenter.com\/alcoi\/ca\/spinning-alcoi\/#breadcrumb","itemListElement":[{"@type":"ListItem","position":1,"name":"Portada","item":"https:\/\/spartasportcenter.com\/alcoi\/ca\/"},{"@type":"ListItem","position":2,"name":"Spinning a Alcoi"}]},{"@type":"WebSite","@id":"https:\/\/spartasportcenter.com\/alcoi\/ca\/#website","url":"https:\/\/spartasportcenter.com\/alcoi\/ca\/","name":"Sparta Sport Center Alcoi","description":"Gimnasios en Cuenca","potentialAction":[{"@type":"SearchAction","target":{"@type":"EntryPoint","urlTemplate":"https:\/\/spartasportcenter.com\/alcoi\/ca\/?s={search_term_string}"},"query-input":{"@type":"PropertyValueSpecification","valueRequired":true,"valueName":"search_term_string"}}],"inLanguage":"va"}]}},"_links":{"self":[{"href":"https:\/\/spartasportcenter.com\/alcoi\/ca\/wp-json\/wp\/v2\/pages\/221344","targetHints":{"allow":["GET"]}}],"collection":[{"href":"https:\/\/spartasportcenter.com\/alcoi\/ca\/wp-json\/wp\/v2\/pages"}],"about":[{"href":"https:\/\/spartasportcenter.com\/alcoi\/ca\/wp-json\/wp\/v2\/types\/page"}],"author":[{"embeddable":true,"href":"https:\/\/spartasportcenter.com\/alcoi\/ca\/wp-json\/wp\/v2\/users\/1"}],"replies":[{"embeddable":true,"href":"https:\/\/spartasportcenter.com\/alcoi\/ca\/wp-json\/wp\/v2\/comments?post=221344"}],"version-history":[{"count":15,"href":"https:\/\/spartasportcenter.com\/alcoi\/ca\/wp-json\/wp\/v2\/pages\/221344\/revisions"}],"predecessor-version":[{"id":222018,"href":"https:\/\/spartasportcenter.com\/alcoi\/ca\/wp-json\/wp\/v2\/pages\/221344\/revisions\/222018"}],"wp:featuredmedia":[{"embeddable":true,"href":"https:\/\/spartasportcenter.com\/alcoi\/ca\/wp-json\/wp\/v2\/media\/221255"}],"wp:attachment":[{"href":"https:\/\/spartasportcenter.com\/alcoi\/ca\/wp-json\/wp\/v2\/media?parent=221344"}],"curies":[{"name":"wp","href":"https:\/\/api.w.org\/{rel}","templated":true}]}}