{"id":209159,"date":"2018-12-04T15:58:36","date_gmt":"2018-12-04T14:58:36","guid":{"rendered":"https:\/\/spartasportcenter.com\/pamplona\/?page_id=209159"},"modified":"2025-06-26T11:13:28","modified_gmt":"2025-06-26T09:13:28","slug":"mapa-web-gimnasios-alcoi-gabriel-miro","status":"publish","type":"page","link":"https:\/\/spartasportcenter.com\/alcoi-gabriel-miro\/mapa-web-gimnasios-alcoi-gabriel-miro\/","title":{"rendered":"Mapa Web"},"content":{"rendered":"<p><a href=\"https:\/\/spartasportcenter.com\/alcoi-gabriel-miro\/\">Gimnasio Alcoi Gabriel Mir\u00f3 Sparta Sport Center<\/a><\/p>\n<p><a href=\"https:\/\/spartasportcenter.com\/alcoi-gabriel-miro\/yoga\/\">Yoga Alcoi Gabriel Mir\u00f3<\/a><\/p>\n<p><a href=\"https:\/\/spartasportcenter.com\/alcoi-gabriel-miro\/nutricionista\/\">Nutricionista Alcoi Gabriel Mir\u00f3<\/a><\/p>\n<p><a href=\"https:\/\/spartasportcenter.com\/alcoi-gabriel-miro\/core\/\">Core Alcoi Gabriel Mir\u00f3<\/a><\/p>\n<p><a href=\"https:\/\/spartasportcenter.com\/alcoi-gabriel-miro\/pilates\/\">Pilates Alcoi Gabriel Mir\u00f3<\/a><\/p>\n<p><a href=\"https:\/\/spartasportcenter.com\/alcoi-gabriel-miro\/entrenador-personal\/\">Entrenador Personal Alcoi Gabriel Mir\u00f3<\/a><\/p>\n<p><a href=\"https:\/\/spartasportcenter.com\/alcoi-gabriel-miro\/spinning\/\">Spinning Alcoi Gabriel Mir\u00f3<\/a><\/p>\n<p><a href=\"https:\/\/spartasportcenter.com\/alcoi-gabriel-miro\/zumba\/\">Zumba Alcoi Gabriel Mir\u00f3<\/a><\/p>\n<p><a href=\"https:\/\/spartasportcenter.com\/alcoi-gabriel-miro\/gap\/\">Gap Alcoi Gabriel Mir\u00f3<\/a><\/p>\n<p><a href=\"https:\/\/spartasportcenter.com\/alcoi-gabriel-miro\/body-combat\/\">Body combat Alcoi Gabriel Mir\u00f3<\/a><\/p>\n<p><a href=\"https:\/\/spartasportcenter.com\/alcoi-gabriel-miro\/entrenamiento-funcional\/\">Entrenamiento Funcional Alcoi Gabriel Mir\u00f3<\/a><\/p>\n<p><a href=\"https:\/\/spartasportcenter.com\/alcoi-gabriel-miro\/body-pump\/\">Body Pump Alcoi Gabriel Mir\u00f3<\/a><\/p>\n<p><a href=\"https:\/\/spartasportcenter.com\/alcoi-gabriel-miro\/body-balance\/\">Body balance Alcoi Gabriel Mir\u00f3<\/a><\/p>\n<p><a href=\"https:\/\/spartasportcenter.com\/alcoi-gabriel-miro\/body-attack\/\">Body attack Alcoi Gabriel Mir\u00f3<\/a><\/p>\n<p><a href=\"https:\/\/spartasportcenter.com\/alcoi-gabriel-miro\/cross-training\/\">Cross Training Alcoi Gabriel Mir\u00f3<\/a><\/p>\n<p><a href=\"https:\/\/spartasportcenter.com\/alcoi-gabriel-miro\/strong\/\">Strong Alcoi Gabriel Mir\u00f3<\/a><\/p>\n<p><a href=\"https:\/\/spartasportcenter.com\/alcoi-gabriel-miro\/horarios\/\">Horario de actividades<\/a><\/p>\n<p><a href=\"https:\/\/spartasportcenter.com\/alcoi-gabriel-miro\/instalaciones\/\">Instalaciones<\/a><\/p>\n<p><a href=\"https:\/\/spartasportcenter.com\/alcoi-gabriel-miro\/tarifas\/\">Tarifas<\/a><\/p>\n<p><a href=\"https:\/\/spartasportcenter.com\/alcoi-gabriel-miro\/actividades\/\">Actividades<\/a><\/p>\n<p><a href=\"https:\/\/spartasportcenter.com\/alcoi-gabriel-miro\/servicios\/\">Servicios<\/a><\/p>\n<p><a href=\"https:\/\/spartasportcenter.com\/alcoi-gabriel-miro\/prueba-un-dia-gratis\/\">Prueba un d\u00eda gratis<\/a><\/p>\n<p><a href=\"https:\/\/spartasportcenter.com\/alcoi-gabriel-miro\/contacto\/\">Contacto<\/a><\/p>\n","protected":false},"excerpt":{"rendered":"<p>   &#8211;<\/p>\n","protected":false},"author":1,"featured_media":221113,"parent":0,"menu_order":0,"comment_status":"closed","ping_status":"closed","template":"","meta":{"_et_pb_use_builder":"off","_et_pb_old_content":"<a href=\"https:\/\/spartasportcenter.com\/alcoi-gabriel-miro\/\">Gimnasio Alcoi Gabriel Mir\u00f3 Sparta Sport Center<\/a>\n\n<a href=\"https:\/\/spartasportcenter.com\/alcoi-gabriel-miro\/yoga-alcoi-gabriel-miro\/\">Yoga Alcoi Gabriel Mir\u00f3<\/a>\n\n<a href=\"https:\/\/spartasportcenter.com\/alcoi-gabriel-miro\/nutricionista-alcoi-gabriel-miro\/\">Nutricionista Alcoi Gabriel Mir\u00f3<\/a>\n\n<a href=\"https:\/\/spartasportcenter.com\/alcoi-gabriel-miro\/core-alcoi-gabriel-miro\/\">Core Alcoi Gabriel Mir\u00f3<\/a>\n\n<a href=\"https:\/\/spartasportcenter.com\/alcoi-gabriel-miro\/pilates-alcoi-gabriel-miro\/\">Pilates Alcoi Gabriel Mir\u00f3<\/a>\n\n<a href=\"https:\/\/spartasportcenter.com\/alcoi-gabriel-miro\/entrenador-personal-alcoi-gabriel-miro\/\">Entrenador Personal Alcoi Gabriel Mir\u00f3<\/a>\n\n<a href=\"https:\/\/spartasportcenter.com\/alcoi-gabriel-miro\/spinning-alcoi-gabriel-miro\/\">Spinning Alcoi Gabriel Mir\u00f3<\/a>\n\n<a href=\"https:\/\/spartasportcenter.com\/alcoi-gabriel-miro\/zumba-alcoi-gabriel-miro\/\">Zumba Alcoi Gabriel Mir\u00f3<\/a>\n\n<a href=\"https:\/\/spartasportcenter.com\/alcoi-gabriel-miro\/gap-alcoi-gabriel-miro\/\">Gap Alcoi Gabriel Mir\u00f3<\/a>\n\n<a href=\"https:\/\/spartasportcenter.com\/alcoi-gabriel-miro\/combat-alcoi-gabriel-miro\/\">Body combat Alcoi Gabriel Mir\u00f3<\/a>\n\n<a href=\"https:\/\/spartasportcenter.com\/alcoi-gabriel-miro\/entrenamiento-funcional-alcoi-gabriel-miro\/\">Entrenamiento Funcional Alcoi Gabriel Mir\u00f3<\/a>\n\n<a href=\"https:\/\/spartasportcenter.com\/alcoi-gabriel-miro\/body-tonic-alcoi-gabriel-miro\/\">Body Pump Alcoi Gabriel Mir\u00f3<\/a>\n\n<a href=\"https:\/\/spartasportcenter.com\/alcoi-gabriel-miro\/body-balance-alcoi-gabriel-miro\/\">Body balance Alcoi Gabriel Mir\u00f3<\/a>\n\n<a href=\"https:\/\/spartasportcenter.com\/alcoi-gabriel-miro\/attack-alcoi-gabriel-miro\/\">Body attack Alcoi Gabriel Mir\u00f3<\/a>\n\n<a href=\"https:\/\/spartasportcenter.com\/alcoi-gabriel-miro\/cross-training-alcoi-gabriel-miro\/\">Cross Training Alcoi Gabriel Mir\u00f3<\/a>\n\n<a href=\"https:\/\/spartasportcenter.com\/alcoi-gabriel-miro\/strong-alcoi-gabriel-miro\/\">Strong Alcoi Gabriel Mir\u00f3<\/a>\n\n<a href=\"https:\/\/spartasportcenter.com\/alcoi-gabriel-miro\/horarios\/\">Horario de actividades<\/a>\n\n<a href=\"https:\/\/spartasportcenter.com\/alcoi-gabriel-miro\/instalaciones\/\">Instalaciones<\/a>\n\n<a href=\"https:\/\/spartasportcenter.com\/alcoi-gabriel-miro\/tarifas\/\">Tarifas<\/a>\n\n<a href=\"https:\/\/spartasportcenter.com\/alcoi-gabriel-miro\/actividades\/\">Actividades<\/a>\n\n<a href=\"https:\/\/spartasportcenter.com\/alcoi-gabriel-miro\/servicios\/\">Servicios<\/a>\n\n<a href=\"https:\/\/spartasportcenter.com\/alcoi-gabriel-miro\/prueba-un-dia-gratis\/\">Prueba un d\u00eda gratis<\/a>\n\n<a href=\"https:\/\/spartasportcenter.com\/alcoi-gabriel-miro\/contacto\/\">Contacto<\/a>","_et_gb_content_width":"","footnotes":""},"class_list":["post-209159","page","type-page","status-publish","has-post-thumbnail","hentry"],"yoast_head":"<!-- This site is optimized with the Yoast SEO plugin v27.4 - https:\/\/yoast.com\/product\/yoast-seo-wordpress\/ -->\n<title>Mapa Web - Sparta Sport Center Alcoi \u2013 Gabriel Mir\u00f3<\/title>\n<meta name=\"description\" content=\"Consulta el Mapa Web de Sparta Sport Center Alcoi Gabriel Mir\u00f3 para conocer las p\u00e1ginas m\u00e1s importantes de nuestra p\u00e1gina web. \u00a1Te las mostramos!\" \/>\n<meta name=\"robots\" content=\"index, follow, max-snippet:-1, max-image-preview:large, max-video-preview:-1\" \/>\n<link rel=\"canonical\" href=\"https:\/\/spartasportcenter.com\/alcoi-gabriel-miro\/mapa-web-gimnasios-alcoi-gabriel-miro\/\" \/>\n<meta property=\"og:locale\" content=\"es_ES\" \/>\n<meta property=\"og:type\" content=\"article\" \/>\n<meta property=\"og:title\" content=\"Mapa Web - Sparta Sport Center Alcoi \u2013 Gabriel Mir\u00f3\" \/>\n<meta property=\"og:description\" content=\"Consulta el Mapa Web de Sparta Sport Center Alcoi Gabriel Mir\u00f3 para conocer las p\u00e1ginas m\u00e1s importantes de nuestra p\u00e1gina web. \u00a1Te las mostramos!\" \/>\n<meta property=\"og:url\" content=\"https:\/\/spartasportcenter.com\/alcoi-gabriel-miro\/mapa-web-gimnasios-alcoi-gabriel-miro\/\" \/>\n<meta property=\"og:site_name\" content=\"Sparta Sport Center Alcoi \u2013 Gabriel Mir\u00f3\" \/>\n<meta property=\"article:modified_time\" content=\"2025-06-26T09:13:28+00:00\" \/>\n<meta property=\"og:image\" content=\"https:\/\/spartasportcenter.com\/alcoi-gabriel-miro\/wp-content\/uploads\/2025\/06\/material-deportivo-de-colores.jpg\" \/>\n\t<meta property=\"og:image:width\" content=\"2000\" \/>\n\t<meta property=\"og:image:height\" content=\"1333\" \/>\n\t<meta property=\"og:image:type\" content=\"image\/jpeg\" \/>\n<meta name=\"twitter:card\" content=\"summary_large_image\" \/>\n<meta name=\"twitter:label1\" content=\"Tiempo de lectura\" \/>\n\t<meta name=\"twitter:data1\" content=\"1 minuto\" \/>\n<script type=\"application\/ld+json\" class=\"yoast-schema-graph\">{\"@context\":\"https:\\\/\\\/schema.org\",\"@graph\":[{\"@type\":\"WebPage\",\"@id\":\"https:\\\/\\\/spartasportcenter.com\\\/alcoi-gabriel-miro\\\/mapa-web-gimnasios-alcoi-gabriel-miro\\\/\",\"url\":\"https:\\\/\\\/spartasportcenter.com\\\/alcoi-gabriel-miro\\\/mapa-web-gimnasios-alcoi-gabriel-miro\\\/\",\"name\":\"Mapa Web - Sparta Sport Center Alcoi \u2013 Gabriel Mir\u00f3\",\"isPartOf\":{\"@id\":\"https:\\\/\\\/spartasportcenter.com\\\/alcoi-gabriel-miro\\\/#website\"},\"primaryImageOfPage\":{\"@id\":\"https:\\\/\\\/spartasportcenter.com\\\/alcoi-gabriel-miro\\\/mapa-web-gimnasios-alcoi-gabriel-miro\\\/#primaryimage\"},\"image\":{\"@id\":\"https:\\\/\\\/spartasportcenter.com\\\/alcoi-gabriel-miro\\\/mapa-web-gimnasios-alcoi-gabriel-miro\\\/#primaryimage\"},\"thumbnailUrl\":\"https:\\\/\\\/spartasportcenter.com\\\/alcoi-gabriel-miro\\\/wp-content\\\/uploads\\\/2025\\\/06\\\/material-deportivo-de-colores.jpg\",\"datePublished\":\"2018-12-04T14:58:36+00:00\",\"dateModified\":\"2025-06-26T09:13:28+00:00\",\"description\":\"Consulta el Mapa Web de Sparta Sport Center Alcoi Gabriel Mir\u00f3 para conocer las p\u00e1ginas m\u00e1s importantes de nuestra p\u00e1gina web. \u00a1Te las mostramos!\",\"breadcrumb\":{\"@id\":\"https:\\\/\\\/spartasportcenter.com\\\/alcoi-gabriel-miro\\\/mapa-web-gimnasios-alcoi-gabriel-miro\\\/#breadcrumb\"},\"inLanguage\":\"es\",\"potentialAction\":[{\"@type\":\"ReadAction\",\"target\":[\"https:\\\/\\\/spartasportcenter.com\\\/alcoi-gabriel-miro\\\/mapa-web-gimnasios-alcoi-gabriel-miro\\\/\"]}]},{\"@type\":\"ImageObject\",\"inLanguage\":\"es\",\"@id\":\"https:\\\/\\\/spartasportcenter.com\\\/alcoi-gabriel-miro\\\/mapa-web-gimnasios-alcoi-gabriel-miro\\\/#primaryimage\",\"url\":\"https:\\\/\\\/spartasportcenter.com\\\/alcoi-gabriel-miro\\\/wp-content\\\/uploads\\\/2025\\\/06\\\/material-deportivo-de-colores.jpg\",\"contentUrl\":\"https:\\\/\\\/spartasportcenter.com\\\/alcoi-gabriel-miro\\\/wp-content\\\/uploads\\\/2025\\\/06\\\/material-deportivo-de-colores.jpg\",\"width\":2000,\"height\":1333,\"caption\":\"material deportivo de colores\"},{\"@type\":\"BreadcrumbList\",\"@id\":\"https:\\\/\\\/spartasportcenter.com\\\/alcoi-gabriel-miro\\\/mapa-web-gimnasios-alcoi-gabriel-miro\\\/#breadcrumb\",\"itemListElement\":[{\"@type\":\"ListItem\",\"position\":1,\"name\":\"Portada\",\"item\":\"https:\\\/\\\/spartasportcenter.com\\\/alcoi-gabriel-miro\\\/\"},{\"@type\":\"ListItem\",\"position\":2,\"name\":\"Mapa Web\"}]},{\"@type\":\"WebSite\",\"@id\":\"https:\\\/\\\/spartasportcenter.com\\\/alcoi-gabriel-miro\\\/#website\",\"url\":\"https:\\\/\\\/spartasportcenter.com\\\/alcoi-gabriel-miro\\\/\",\"name\":\"Sparta Sport Center Alcoi \u2013 Gabriel Mir\u00f3\",\"description\":\"Gimnasios en Cuenca\",\"potentialAction\":[{\"@type\":\"SearchAction\",\"target\":{\"@type\":\"EntryPoint\",\"urlTemplate\":\"https:\\\/\\\/spartasportcenter.com\\\/alcoi-gabriel-miro\\\/?s={search_term_string}\"},\"query-input\":{\"@type\":\"PropertyValueSpecification\",\"valueRequired\":true,\"valueName\":\"search_term_string\"}}],\"inLanguage\":\"es\"}]}<\/script>\n<!-- \/ Yoast SEO plugin. -->","yoast_head_json":{"title":"Mapa Web - Sparta Sport Center Alcoi \u2013 Gabriel Mir\u00f3","description":"Consulta el Mapa Web de Sparta Sport Center Alcoi Gabriel Mir\u00f3 para conocer las p\u00e1ginas m\u00e1s importantes de nuestra p\u00e1gina web. \u00a1Te las mostramos!","robots":{"index":"index","follow":"follow","max-snippet":"max-snippet:-1","max-image-preview":"max-image-preview:large","max-video-preview":"max-video-preview:-1"},"canonical":"https:\/\/spartasportcenter.com\/alcoi-gabriel-miro\/mapa-web-gimnasios-alcoi-gabriel-miro\/","og_locale":"es_ES","og_type":"article","og_title":"Mapa Web - Sparta Sport Center Alcoi \u2013 Gabriel Mir\u00f3","og_description":"Consulta el Mapa Web de Sparta Sport Center Alcoi Gabriel Mir\u00f3 para conocer las p\u00e1ginas m\u00e1s importantes de nuestra p\u00e1gina web. \u00a1Te las mostramos!","og_url":"https:\/\/spartasportcenter.com\/alcoi-gabriel-miro\/mapa-web-gimnasios-alcoi-gabriel-miro\/","og_site_name":"Sparta Sport Center Alcoi \u2013 Gabriel Mir\u00f3","article_modified_time":"2025-06-26T09:13:28+00:00","og_image":[{"width":2000,"height":1333,"url":"https:\/\/spartasportcenter.com\/alcoi-gabriel-miro\/wp-content\/uploads\/2025\/06\/material-deportivo-de-colores.jpg","type":"image\/jpeg"}],"twitter_card":"summary_large_image","twitter_misc":{"Tiempo de lectura":"1 minuto"},"schema":{"@context":"https:\/\/schema.org","@graph":[{"@type":"WebPage","@id":"https:\/\/spartasportcenter.com\/alcoi-gabriel-miro\/mapa-web-gimnasios-alcoi-gabriel-miro\/","url":"https:\/\/spartasportcenter.com\/alcoi-gabriel-miro\/mapa-web-gimnasios-alcoi-gabriel-miro\/","name":"Mapa Web - Sparta Sport Center Alcoi \u2013 Gabriel Mir\u00f3","isPartOf":{"@id":"https:\/\/spartasportcenter.com\/alcoi-gabriel-miro\/#website"},"primaryImageOfPage":{"@id":"https:\/\/spartasportcenter.com\/alcoi-gabriel-miro\/mapa-web-gimnasios-alcoi-gabriel-miro\/#primaryimage"},"image":{"@id":"https:\/\/spartasportcenter.com\/alcoi-gabriel-miro\/mapa-web-gimnasios-alcoi-gabriel-miro\/#primaryimage"},"thumbnailUrl":"https:\/\/spartasportcenter.com\/alcoi-gabriel-miro\/wp-content\/uploads\/2025\/06\/material-deportivo-de-colores.jpg","datePublished":"2018-12-04T14:58:36+00:00","dateModified":"2025-06-26T09:13:28+00:00","description":"Consulta el Mapa Web de Sparta Sport Center Alcoi Gabriel Mir\u00f3 para conocer las p\u00e1ginas m\u00e1s importantes de nuestra p\u00e1gina web. \u00a1Te las mostramos!","breadcrumb":{"@id":"https:\/\/spartasportcenter.com\/alcoi-gabriel-miro\/mapa-web-gimnasios-alcoi-gabriel-miro\/#breadcrumb"},"inLanguage":"es","potentialAction":[{"@type":"ReadAction","target":["https:\/\/spartasportcenter.com\/alcoi-gabriel-miro\/mapa-web-gimnasios-alcoi-gabriel-miro\/"]}]},{"@type":"ImageObject","inLanguage":"es","@id":"https:\/\/spartasportcenter.com\/alcoi-gabriel-miro\/mapa-web-gimnasios-alcoi-gabriel-miro\/#primaryimage","url":"https:\/\/spartasportcenter.com\/alcoi-gabriel-miro\/wp-content\/uploads\/2025\/06\/material-deportivo-de-colores.jpg","contentUrl":"https:\/\/spartasportcenter.com\/alcoi-gabriel-miro\/wp-content\/uploads\/2025\/06\/material-deportivo-de-colores.jpg","width":2000,"height":1333,"caption":"material deportivo de colores"},{"@type":"BreadcrumbList","@id":"https:\/\/spartasportcenter.com\/alcoi-gabriel-miro\/mapa-web-gimnasios-alcoi-gabriel-miro\/#breadcrumb","itemListElement":[{"@type":"ListItem","position":1,"name":"Portada","item":"https:\/\/spartasportcenter.com\/alcoi-gabriel-miro\/"},{"@type":"ListItem","position":2,"name":"Mapa Web"}]},{"@type":"WebSite","@id":"https:\/\/spartasportcenter.com\/alcoi-gabriel-miro\/#website","url":"https:\/\/spartasportcenter.com\/alcoi-gabriel-miro\/","name":"Sparta Sport Center Alcoi \u2013 Gabriel Mir\u00f3","description":"Gimnasios en Cuenca","potentialAction":[{"@type":"SearchAction","target":{"@type":"EntryPoint","urlTemplate":"https:\/\/spartasportcenter.com\/alcoi-gabriel-miro\/?s={search_term_string}"},"query-input":{"@type":"PropertyValueSpecification","valueRequired":true,"valueName":"search_term_string"}}],"inLanguage":"es"}]}},"_links":{"self":[{"href":"https:\/\/spartasportcenter.com\/alcoi-gabriel-miro\/wp-json\/wp\/v2\/pages\/209159","targetHints":{"allow":["GET"]}}],"collection":[{"href":"https:\/\/spartasportcenter.com\/alcoi-gabriel-miro\/wp-json\/wp\/v2\/pages"}],"about":[{"href":"https:\/\/spartasportcenter.com\/alcoi-gabriel-miro\/wp-json\/wp\/v2\/types\/page"}],"author":[{"embeddable":true,"href":"https:\/\/spartasportcenter.com\/alcoi-gabriel-miro\/wp-json\/wp\/v2\/users\/1"}],"replies":[{"embeddable":true,"href":"https:\/\/spartasportcenter.com\/alcoi-gabriel-miro\/wp-json\/wp\/v2\/comments?post=209159"}],"version-history":[{"count":26,"href":"https:\/\/spartasportcenter.com\/alcoi-gabriel-miro\/wp-json\/wp\/v2\/pages\/209159\/revisions"}],"predecessor-version":[{"id":220493,"href":"https:\/\/spartasportcenter.com\/alcoi-gabriel-miro\/wp-json\/wp\/v2\/pages\/209159\/revisions\/220493"}],"wp:featuredmedia":[{"embeddable":true,"href":"https:\/\/spartasportcenter.com\/alcoi-gabriel-miro\/wp-json\/wp\/v2\/media\/221113"}],"wp:attachment":[{"href":"https:\/\/spartasportcenter.com\/alcoi-gabriel-miro\/wp-json\/wp\/v2\/media?parent=209159"}],"curies":[{"name":"wp","href":"https:\/\/api.w.org\/{rel}","templated":true}]}}