{"id":206537,"date":"2018-08-20T15:25:27","date_gmt":"2018-08-20T15:25:27","guid":{"rendered":"https:\/\/pamplona.spartasportcenter.com\/?page_id=206537"},"modified":"2025-06-03T15:10:34","modified_gmt":"2025-06-03T13:10:34","slug":"zumba","status":"publish","type":"page","link":"https:\/\/spartasportcenter.com\/alcoi-gabriel-miro\/zumba\/","title":{"rendered":"Zumba Alcoi Gabriel Mir\u00f3"},"content":{"rendered":"<p>[et_pb_section fb_built=\u00bb1&#8243; custom_padding_last_edited=\u00bbon|phone\u00bb disabled_on=\u00bboff|off|off\u00bb _builder_version=\u00bb4.16&#8243; background_color=\u00bb#262626&#8243; background_enable_image=\u00bboff\u00bb custom_margin=\u00bb||||false|false\u00bb custom_padding=\u00bb80px|0px|0px|0px|false|false\u00bb custom_padding_tablet=\u00bb\u00bb custom_padding_phone=\u00bb30px||50px||false|false\u00bb global_colors_info=\u00bb{}\u00bb][et_pb_row column_structure=\u00bb1_3,2_3&#8243; custom_padding_last_edited=\u00bbon|desktop\u00bb _builder_version=\u00bb4.16&#8243; _module_preset=\u00bbdefault\u00bb custom_padding=\u00bb0px||||false|false\u00bb custom_padding_tablet=\u00bb\u00bb custom_padding_phone=\u00bb0px||||false|false\u00bb global_colors_info=\u00bb{}\u00bb][et_pb_column type=\u00bb1_3&#8243; _builder_version=\u00bb4.16&#8243; _module_preset=\u00bbdefault\u00bb global_colors_info=\u00bb{}\u00bb][et_pb_text _builder_version=\u00bb4.20.0&#8243; text_font=\u00bb||||||||\u00bb header_font=\u00bb||||||||\u00bb header_text_align=\u00bbcenter\u00bb header_2_font=\u00bb|300||on|||||\u00bb header_2_text_align=\u00bbright\u00bb header_2_font_size=\u00bb29px\u00bb custom_margin=\u00bb||0px||false|false\u00bb custom_padding=\u00bb|15%|0px||false|false\u00bb header_2_text_align_tablet=\u00bb\u00bb header_2_text_align_phone=\u00bbleft\u00bb header_2_text_align_last_edited=\u00bbon|phone\u00bb header_2_font_size_tablet=\u00bb51px\u00bb header_2_font_size_phone=\u00bb25px\u00bb header_2_font_size_last_edited=\u00bbon|phone\u00bb border_width_right=\u00bb2px\u00bb border_color_right=\u00bb#cccccc\u00bb border_width_right_tablet=\u00bb\u00bb border_width_right_phone=\u00bb0px\u00bb border_width_right_last_edited=\u00bbon|phone\u00bb locked=\u00bboff\u00bb global_colors_info=\u00bb{}\u00bb]<\/p>\n<h2>Clases de zumba en Alcoi Gabriel Mir\u00f3<\/h2>\n<p>[\/et_pb_text][\/et_pb_column][et_pb_column type=\u00bb2_3&#8243; _builder_version=\u00bb4.16&#8243; _module_preset=\u00bbdefault\u00bb global_colors_info=\u00bb{}\u00bb][et_pb_text _builder_version=\u00bb4.27.4&#8243; text_font=\u00bb|300|||||||\u00bb text_text_color=\u00bb#cccccc\u00bb text_line_height=\u00bb1.1em\u00bb header_font=\u00bb|300|||||||\u00bb header_2_font=\u00bb|300||on|||||\u00bb header_2_text_color=\u00bb#cccccc\u00bb header_2_font_size=\u00bb36px\u00bb header_2_letter_spacing=\u00bb2px\u00bb background_layout=\u00bbdark\u00bb hover_enabled=\u00bb0&#8243; global_colors_info=\u00bb{}\u00bb sticky_enabled=\u00bb0&#8243;]<\/p>\n<p><span style=\"font-weight: 400;\">En Sparta Sport Center Alcoi Gabriel Mir\u00f3, sabemos que moverse al ritmo de la m\u00fasica no solo es divertido, sino tambi\u00e9n una <\/span><b>excelente manera de mantenerse activo y saludable<\/b><span style=\"font-weight: 400;\">. Por eso, nuestras clases de Zumba est\u00e1n pensadas para que cada sesi\u00f3n se convierta en una aut\u00e9ntica fiesta del movimiento, donde el ejercicio y la alegr\u00eda van de la mano.<\/span><\/p>\n<p>[\/et_pb_text][et_pb_button button_text=\u00bb+\u00bb button_alignment=\u00bbcenter\u00bb module_class=\u00bbrv_button closed\u00bb _builder_version=\u00bb4.16&#8243; custom_button=\u00bbon\u00bb button_text_size=\u00bb39px\u00bb button_text_color=\u00bb#cccccc\u00bb button_border_width=\u00bb0px\u00bb button_border_radius=\u00bb0px\u00bb button_font=\u00bbOswald|700|||||||\u00bb button_use_icon=\u00bboff\u00bb custom_margin=\u00bb-40px|0px|-10px|0px|false|false\u00bb custom_margin_tablet=\u00bb\u00bb custom_margin_phone=\u00bb\u00bb custom_margin_last_edited=\u00bbon|phone\u00bb custom_padding=\u00bb0px|0px|0px|0px|true|\u00bb button_text_color_hover=\u00bbrgba(224,43,32,0.76)\u00bb button_border_color_hover=\u00bbrgba(0,0,0,0)\u00bb button_border_radius_hover=\u00bb0px\u00bb button_bg_color_hover=\u00bbrgba(0,0,0,0)\u00bb global_colors_info=\u00bb{}\u00bb button_text_size__hover_enabled=\u00bboff\u00bb button_one_text_size__hover_enabled=\u00bboff\u00bb button_two_text_size__hover_enabled=\u00bboff\u00bb button_text_color__hover_enabled=\u00bbon|desktop\u00bb button_text_color__hover=\u00bbrgba(255,255,255,0.5)\u00bb button_one_text_color__hover_enabled=\u00bboff\u00bb button_two_text_color__hover_enabled=\u00bboff\u00bb button_border_width__hover_enabled=\u00bboff\u00bb button_one_border_width__hover_enabled=\u00bboff\u00bb button_two_border_width__hover_enabled=\u00bboff\u00bb button_border_color__hover_enabled=\u00bbon\u00bb button_border_color__hover=\u00bbrgba(0,0,0,0)\u00bb button_one_border_color__hover_enabled=\u00bboff\u00bb button_two_border_color__hover_enabled=\u00bboff\u00bb button_border_radius__hover_enabled=\u00bbon\u00bb button_border_radius__hover=\u00bb0px\u00bb button_one_border_radius__hover_enabled=\u00bboff\u00bb button_two_border_radius__hover_enabled=\u00bboff\u00bb button_letter_spacing__hover_enabled=\u00bboff\u00bb button_one_letter_spacing__hover_enabled=\u00bboff\u00bb button_two_letter_spacing__hover_enabled=\u00bboff\u00bb button_bg_color__hover_enabled=\u00bbon\u00bb button_bg_color__hover=\u00bbrgba(255,255,255,0)\u00bb button_one_bg_color__hover_enabled=\u00bboff\u00bb button_two_bg_color__hover_enabled=\u00bboff\u00bb][\/et_pb_button][et_pb_text admin_label=\u00bbTexto\u00bb module_id=\u00bbreveal\u00bb _builder_version=\u00bb4.27.4&#8243; text_font=\u00bb|300|||||||\u00bb text_text_color=\u00bb#cccccc\u00bb text_line_height=\u00bb1.1em\u00bb header_font=\u00bb|300|||||||\u00bb header_2_font=\u00bb|300||on|||||\u00bb header_2_text_color=\u00bb#cccccc\u00bb header_2_font_size=\u00bb36px\u00bb header_2_letter_spacing=\u00bb2px\u00bb background_layout=\u00bbdark\u00bb hover_enabled=\u00bb0&#8243; global_colors_info=\u00bb{}\u00bb sticky_enabled=\u00bb0&#8243;]<\/p>\n<p><span style=\"font-weight: 400;\">La Zumba es mucho m\u00e1s que una rutina de entrenamiento: es una experiencia energ\u00e9tica que nos permite liberar tensiones, mejorar la condici\u00f3n f\u00edsica y disfrutar al m\u00e1ximo. En nuestras clases, combinamos coreograf\u00edas accesibles con ritmos latinos y actuales para que puedas ejercitarte mientras bailas, sin importar tu edad o nivel de experiencia.<\/span><\/p>\n<p><span style=\"font-weight: 400;\">Cada clase es dirigida por instructores cualificados, que te acompa\u00f1an paso a paso para que te sientas c\u00f3modo, motivado y seguro en cada movimiento. Ya sea que vengas por primera vez o lleves tiempo bailando, siempre hay un espacio para ti en nuestra comunidad.<\/span><\/p>\n<p><span style=\"font-weight: 400;\">Adem\u00e1s, entrenamos en un<\/span><b> ambiente animado, acogedor y lleno de buena energ\u00eda<\/b><span style=\"font-weight: 400;\">, donde es f\u00e1cil conectar con otras personas que tambi\u00e9n disfrutan cuidarse a trav\u00e9s de la m\u00fasica y el movimiento.<\/span><\/p>\n<p>[\/et_pb_text][\/et_pb_column][\/et_pb_row][et_pb_row column_structure=\u00bb1_3,2_3&#8243; custom_padding_last_edited=\u00bbon|phone\u00bb _builder_version=\u00bb4.16&#8243; _module_preset=\u00bbdefault\u00bb custom_margin=\u00bb||0px||false|false\u00bb custom_padding=\u00bb||||false|false\u00bb custom_padding_tablet=\u00bb\u00bb custom_padding_phone=\u00bb0px||0px||false|false\u00bb global_colors_info=\u00bb{}\u00bb][et_pb_column type=\u00bb1_3&#8243; _builder_version=\u00bb4.16&#8243; _module_preset=\u00bbdefault\u00bb global_colors_info=\u00bb{}\u00bb][et_pb_text _builder_version=\u00bb4.24.2&#8243; text_font=\u00bb||||||||\u00bb header_font=\u00bb||||||||\u00bb header_text_align=\u00bbcenter\u00bb header_2_font=\u00bb|300||on|||||\u00bb header_2_text_align=\u00bbright\u00bb header_2_font_size=\u00bb29px\u00bb custom_margin=\u00bb||0px||false|false\u00bb custom_padding=\u00bb|15%|0px||false|false\u00bb header_2_text_align_tablet=\u00bb\u00bb header_2_text_align_phone=\u00bbleft\u00bb header_2_text_align_last_edited=\u00bbon|phone\u00bb header_2_font_size_tablet=\u00bb51px\u00bb header_2_font_size_phone=\u00bb25px\u00bb header_2_font_size_last_edited=\u00bbon|phone\u00bb border_width_right=\u00bb2px\u00bb border_color_right=\u00bb#cccccc\u00bb border_width_right_tablet=\u00bb\u00bb border_width_right_phone=\u00bb0px\u00bb border_width_right_last_edited=\u00bbon|phone\u00bb locked=\u00bboff\u00bb global_colors_info=\u00bb{}\u00bb]<\/p>\n<h2>Beneficios de la Zumba en Alcoi Gabriel Mir\u00f3<\/h2>\n<p>[\/et_pb_text][\/et_pb_column][et_pb_column type=\u00bb2_3&#8243; _builder_version=\u00bb4.16&#8243; _module_preset=\u00bbdefault\u00bb global_colors_info=\u00bb{}\u00bb][et_pb_text _builder_version=\u00bb4.27.4&#8243; text_font=\u00bb|300|||||||\u00bb text_text_color=\u00bb#cccccc\u00bb text_line_height=\u00bb1.1em\u00bb header_font=\u00bb|300|||||||\u00bb header_2_font=\u00bb|300||on|||||\u00bb header_2_text_color=\u00bb#cccccc\u00bb header_2_font_size=\u00bb36px\u00bb header_2_letter_spacing=\u00bb2px\u00bb background_layout=\u00bbdark\u00bb hover_enabled=\u00bb0&#8243; global_colors_info=\u00bb{}\u00bb sticky_enabled=\u00bb0&#8243;]<\/p>\n<ul>\n<li style=\"font-weight: 400;\" aria-level=\"1\"><span style=\"font-weight: 400;\">Gran quema cal\u00f3rica: En una sola clase puedes llegar a quemar cientos de calor\u00edas, y lo haces disfrutando.<\/span><\/li>\n<li style=\"font-weight: 400;\" aria-level=\"1\"><span style=\"font-weight: 400;\">Mejora cardiovascular: La actividad aer\u00f3bica fortalece el sistema circulatorio y pulmonar, mejorando tu resistencia.<\/span><\/li>\n<li style=\"font-weight: 400;\" aria-level=\"1\"><span style=\"font-weight: 400;\">Tonificaci\u00f3n completa: <\/span><b>Trabajamos todo el cuerpo<\/b><span style=\"font-weight: 400;\">, desde las piernas y gl\u00fateos hasta el core y brazos.<\/span><\/li>\n<li style=\"font-weight: 400;\" aria-level=\"1\"><span style=\"font-weight: 400;\">Reducci\u00f3n del estr\u00e9s: El ritmo, la m\u00fasica y el movimiento liberan endorfinas que elevan tu estado de \u00e1nimo.<\/span><span style=\"font-weight: 400;\"><br \/><\/span><span style=\"font-weight: 400;\">Conexi\u00f3n social: Entrenas rodeado de personas con ganas de pasarlo bien, lo que hace de cada sesi\u00f3n una experiencia compartida.<\/span><\/li>\n<\/ul>\n<p>[\/et_pb_text][\/et_pb_column][\/et_pb_row][\/et_pb_section][et_pb_section fb_built=\u00bb1&#8243; custom_padding_last_edited=\u00bbon|phone\u00bb _builder_version=\u00bb4.16&#8243; _module_preset=\u00bbdefault\u00bb background_color=\u00bb#262626&#8243; custom_padding=\u00bb0px||50px||false|false\u00bb custom_padding_tablet=\u00bb\u00bb custom_padding_phone=\u00bb||30px||false|false\u00bb global_colors_info=\u00bb{}\u00bb][et_pb_row column_structure=\u00bb1_3,2_3&#8243; custom_padding_last_edited=\u00bbon|phone\u00bb _builder_version=\u00bb4.16&#8243; _module_preset=\u00bbdefault\u00bb custom_padding_tablet=\u00bb\u00bb custom_padding_phone=\u00bb0px||0px||false|false\u00bb global_colors_info=\u00bb{}\u00bb][et_pb_column type=\u00bb1_3&#8243; _builder_version=\u00bb4.16&#8243; _module_preset=\u00bbdefault\u00bb global_colors_info=\u00bb{}\u00bb][et_pb_text _builder_version=\u00bb4.26.1&#8243; text_font=\u00bb||||||||\u00bb header_font=\u00bb||||||||\u00bb header_text_align=\u00bbcenter\u00bb header_2_font=\u00bb|300||on|||||\u00bb header_2_text_align=\u00bbright\u00bb header_2_font_size=\u00bb29px\u00bb custom_margin=\u00bb||0px||false|false\u00bb custom_padding=\u00bb|15%|0px||false|false\u00bb header_2_text_align_tablet=\u00bb\u00bb header_2_text_align_phone=\u00bbleft\u00bb header_2_text_align_last_edited=\u00bbon|phone\u00bb header_2_font_size_tablet=\u00bb51px\u00bb header_2_font_size_phone=\u00bb25px\u00bb header_2_font_size_last_edited=\u00bbon|phone\u00bb border_width_right=\u00bb2px\u00bb border_color_right=\u00bb#cccccc\u00bb border_width_right_tablet=\u00bb\u00bb border_width_right_phone=\u00bb0px\u00bb border_width_right_last_edited=\u00bbon|phone\u00bb locked=\u00bboff\u00bb global_colors_info=\u00bb{}\u00bb]<\/p>\n<h2>Por qu\u00e9 Zumba en Sparta Sport Center Alcoi Gabriel Mir\u00f3<\/h2>\n<p>[\/et_pb_text][\/et_pb_column][et_pb_column type=\u00bb2_3&#8243; _builder_version=\u00bb4.16&#8243; _module_preset=\u00bbdefault\u00bb global_colors_info=\u00bb{}\u00bb][et_pb_text _builder_version=\u00bb4.27.4&#8243; text_font=\u00bb|300|||||||\u00bb text_text_color=\u00bb#cccccc\u00bb text_line_height=\u00bb1.1em\u00bb header_font=\u00bb|300|||||||\u00bb header_2_font=\u00bb|300||on|||||\u00bb header_2_text_color=\u00bb#cccccc\u00bb header_2_font_size=\u00bb36px\u00bb header_2_letter_spacing=\u00bb2px\u00bb background_layout=\u00bbdark\u00bb hover_enabled=\u00bb0&#8243; global_colors_info=\u00bb{}\u00bb sticky_enabled=\u00bb0&#8243;]<\/p>\n<p><span style=\"font-weight: 400;\">En cada clase ponemos el foco en tu bienestar, con un enfoque profesional y cercano. Esto es lo que nos distingue:<\/span><\/p>\n<ul>\n<li style=\"font-weight: 400;\" aria-level=\"1\"><span style=\"font-weight: 400;\">Profesionales del ritmo: Nuestro equipo de instructores est\u00e1 formado por expertos en Zumba que hacen de cada clase una experiencia \u00fanica y segura.<\/span><\/li>\n<li style=\"font-weight: 400;\" aria-level=\"1\"><span style=\"font-weight: 400;\">Espacios pensados para ti: Disponemos de <\/span><b>instalaciones amplias, limpias y bien equipadas<\/b><span style=\"font-weight: 400;\"> para que te muevas con libertad.<\/span><\/li>\n<li style=\"font-weight: 400;\" aria-level=\"1\"><span style=\"font-weight: 400;\">Horarios c\u00f3modos: Te ofrecemos distintas franjas horarias para que puedas entrenar sin complicaciones.<\/span><\/li>\n<li style=\"font-weight: 400;\" aria-level=\"1\"><span style=\"font-weight: 400;\">Acompa\u00f1amiento integral: Adem\u00e1s de nuestras clases, te damos acceso a orientaci\u00f3n y apoyo para que alcances tus metas de forma equilibrada.<\/span><\/li>\n<\/ul>\n<p><span style=\"font-weight: 400;\">En<\/span> <span style=\"font-weight: 400;\">Sparta Sport Center Alcoi Gabriel Mir\u00f3, transformamos el entrenamiento en una celebraci\u00f3n del cuerpo y el bienestar. Si buscas una <\/span><b>manera entretenida y efectiva de estar en forma<\/b><span style=\"font-weight: 400;\">, nuestras clases de Zumba son justo lo que necesitas.<\/span><\/p>\n<p>[\/et_pb_text][\/et_pb_column][\/et_pb_row][\/et_pb_section]<\/p>\n","protected":false},"excerpt":{"rendered":"<p>Clases de zumba en Alcoi Gabriel Mir\u00f3En Sparta Sport Center Alcoi Gabriel Mir\u00f3, sabemos que moverse al ritmo de la m\u00fasica no solo es divertido, sino tambi\u00e9n una excelente manera de mantenerse activo y saludable. Por eso, nuestras clases de Zumba est\u00e1n pensadas para que cada sesi\u00f3n se convierta en una aut\u00e9ntica fiesta del movimiento, [&hellip;]<\/p>\n","protected":false},"author":1,"featured_media":220377,"parent":0,"menu_order":0,"comment_status":"closed","ping_status":"closed","template":"","meta":{"_et_pb_use_builder":"on","_et_pb_old_content":"","_et_gb_content_width":"","footnotes":""},"class_list":["post-206537","page","type-page","status-publish","has-post-thumbnail","hentry"],"yoast_head":"<!-- This site is optimized with the Yoast SEO plugin v27.4 - https:\/\/yoast.com\/product\/yoast-seo-wordpress\/ -->\n<title>Zumba en Alcoi Gabriel Mir\u00f3 | Sparta Sport Center<\/title>\n<meta name=\"description\" content=\"Inscr\u00edbete y disfruta de nuestras clases de zumba en Alcoi Gabriel Mir\u00f3, contamos con un equipo de Instructores 100% dedicados a tu bienestar.\" \/>\n<meta name=\"robots\" content=\"index, follow, max-snippet:-1, max-image-preview:large, max-video-preview:-1\" \/>\n<link rel=\"canonical\" href=\"https:\/\/spartasportcenter.com\/alcoi-gabriel-miro\/zumba\/\" \/>\n<meta property=\"og:locale\" content=\"es_ES\" \/>\n<meta property=\"og:type\" content=\"article\" \/>\n<meta property=\"og:title\" content=\"Zumba en Alcoi Gabriel Mir\u00f3 | Sparta Sport Center\" \/>\n<meta property=\"og:description\" content=\"Inscr\u00edbete y disfruta de nuestras clases de zumba en Alcoi Gabriel Mir\u00f3, contamos con un equipo de Instructores 100% dedicados a tu bienestar.\" \/>\n<meta property=\"og:url\" content=\"https:\/\/spartasportcenter.com\/alcoi-gabriel-miro\/zumba\/\" \/>\n<meta property=\"og:site_name\" content=\"Sparta Sport Center Alcoi \u2013 Gabriel Mir\u00f3\" \/>\n<meta property=\"article:modified_time\" content=\"2025-06-03T13:10:34+00:00\" \/>\n<meta property=\"og:image\" content=\"https:\/\/spartasportcenter.com\/alcoi-gabriel-miro\/wp-content\/uploads\/2024\/07\/zumba-alcoi-gabriel-miro.webp\" \/>\n\t<meta property=\"og:image:width\" content=\"2000\" \/>\n\t<meta property=\"og:image:height\" content=\"1333\" \/>\n\t<meta property=\"og:image:type\" content=\"image\/webp\" \/>\n<meta name=\"twitter:card\" content=\"summary_large_image\" \/>\n<meta name=\"twitter:label1\" content=\"Tiempo de lectura\" \/>\n\t<meta name=\"twitter:data1\" content=\"4 minutos\" \/>\n<script type=\"application\/ld+json\" class=\"yoast-schema-graph\">{\"@context\":\"https:\\\/\\\/schema.org\",\"@graph\":[{\"@type\":\"WebPage\",\"@id\":\"https:\\\/\\\/spartasportcenter.com\\\/alcoi-gabriel-miro\\\/zumba\\\/\",\"url\":\"https:\\\/\\\/spartasportcenter.com\\\/alcoi-gabriel-miro\\\/zumba\\\/\",\"name\":\"Zumba en Alcoi Gabriel Mir\u00f3 | Sparta Sport Center\",\"isPartOf\":{\"@id\":\"https:\\\/\\\/spartasportcenter.com\\\/alcoi-gabriel-miro\\\/#website\"},\"primaryImageOfPage\":{\"@id\":\"https:\\\/\\\/spartasportcenter.com\\\/alcoi-gabriel-miro\\\/zumba\\\/#primaryimage\"},\"image\":{\"@id\":\"https:\\\/\\\/spartasportcenter.com\\\/alcoi-gabriel-miro\\\/zumba\\\/#primaryimage\"},\"thumbnailUrl\":\"https:\\\/\\\/spartasportcenter.com\\\/alcoi-gabriel-miro\\\/wp-content\\\/uploads\\\/2024\\\/07\\\/zumba-alcoi-gabriel-miro.webp\",\"datePublished\":\"2018-08-20T15:25:27+00:00\",\"dateModified\":\"2025-06-03T13:10:34+00:00\",\"description\":\"Inscr\u00edbete y disfruta de nuestras clases de zumba en Alcoi Gabriel Mir\u00f3, contamos con un equipo de Instructores 100% dedicados a tu bienestar.\",\"breadcrumb\":{\"@id\":\"https:\\\/\\\/spartasportcenter.com\\\/alcoi-gabriel-miro\\\/zumba\\\/#breadcrumb\"},\"inLanguage\":\"es\",\"potentialAction\":[{\"@type\":\"ReadAction\",\"target\":[\"https:\\\/\\\/spartasportcenter.com\\\/alcoi-gabriel-miro\\\/zumba\\\/\"]}]},{\"@type\":\"ImageObject\",\"inLanguage\":\"es\",\"@id\":\"https:\\\/\\\/spartasportcenter.com\\\/alcoi-gabriel-miro\\\/zumba\\\/#primaryimage\",\"url\":\"https:\\\/\\\/spartasportcenter.com\\\/alcoi-gabriel-miro\\\/wp-content\\\/uploads\\\/2024\\\/07\\\/zumba-alcoi-gabriel-miro.webp\",\"contentUrl\":\"https:\\\/\\\/spartasportcenter.com\\\/alcoi-gabriel-miro\\\/wp-content\\\/uploads\\\/2024\\\/07\\\/zumba-alcoi-gabriel-miro.webp\",\"width\":2000,\"height\":1333,\"caption\":\"zumba alcoi gabriel miro\"},{\"@type\":\"BreadcrumbList\",\"@id\":\"https:\\\/\\\/spartasportcenter.com\\\/alcoi-gabriel-miro\\\/zumba\\\/#breadcrumb\",\"itemListElement\":[{\"@type\":\"ListItem\",\"position\":1,\"name\":\"Portada\",\"item\":\"https:\\\/\\\/spartasportcenter.com\\\/alcoi-gabriel-miro\\\/\"},{\"@type\":\"ListItem\",\"position\":2,\"name\":\"Zumba Alcoi Gabriel Mir\u00f3\"}]},{\"@type\":\"WebSite\",\"@id\":\"https:\\\/\\\/spartasportcenter.com\\\/alcoi-gabriel-miro\\\/#website\",\"url\":\"https:\\\/\\\/spartasportcenter.com\\\/alcoi-gabriel-miro\\\/\",\"name\":\"Sparta Sport Center Alcoi \u2013 Gabriel Mir\u00f3\",\"description\":\"Gimnasios en Cuenca\",\"potentialAction\":[{\"@type\":\"SearchAction\",\"target\":{\"@type\":\"EntryPoint\",\"urlTemplate\":\"https:\\\/\\\/spartasportcenter.com\\\/alcoi-gabriel-miro\\\/?s={search_term_string}\"},\"query-input\":{\"@type\":\"PropertyValueSpecification\",\"valueRequired\":true,\"valueName\":\"search_term_string\"}}],\"inLanguage\":\"es\"}]}<\/script>\n<!-- \/ Yoast SEO plugin. -->","yoast_head_json":{"title":"Zumba en Alcoi Gabriel Mir\u00f3 | Sparta Sport Center","description":"Inscr\u00edbete y disfruta de nuestras clases de zumba en Alcoi Gabriel Mir\u00f3, contamos con un equipo de Instructores 100% dedicados a tu bienestar.","robots":{"index":"index","follow":"follow","max-snippet":"max-snippet:-1","max-image-preview":"max-image-preview:large","max-video-preview":"max-video-preview:-1"},"canonical":"https:\/\/spartasportcenter.com\/alcoi-gabriel-miro\/zumba\/","og_locale":"es_ES","og_type":"article","og_title":"Zumba en Alcoi Gabriel Mir\u00f3 | Sparta Sport Center","og_description":"Inscr\u00edbete y disfruta de nuestras clases de zumba en Alcoi Gabriel Mir\u00f3, contamos con un equipo de Instructores 100% dedicados a tu bienestar.","og_url":"https:\/\/spartasportcenter.com\/alcoi-gabriel-miro\/zumba\/","og_site_name":"Sparta Sport Center Alcoi \u2013 Gabriel Mir\u00f3","article_modified_time":"2025-06-03T13:10:34+00:00","og_image":[{"width":2000,"height":1333,"url":"https:\/\/spartasportcenter.com\/alcoi-gabriel-miro\/wp-content\/uploads\/2024\/07\/zumba-alcoi-gabriel-miro.webp","type":"image\/webp"}],"twitter_card":"summary_large_image","twitter_misc":{"Tiempo de lectura":"4 minutos"},"schema":{"@context":"https:\/\/schema.org","@graph":[{"@type":"WebPage","@id":"https:\/\/spartasportcenter.com\/alcoi-gabriel-miro\/zumba\/","url":"https:\/\/spartasportcenter.com\/alcoi-gabriel-miro\/zumba\/","name":"Zumba en Alcoi Gabriel Mir\u00f3 | Sparta Sport Center","isPartOf":{"@id":"https:\/\/spartasportcenter.com\/alcoi-gabriel-miro\/#website"},"primaryImageOfPage":{"@id":"https:\/\/spartasportcenter.com\/alcoi-gabriel-miro\/zumba\/#primaryimage"},"image":{"@id":"https:\/\/spartasportcenter.com\/alcoi-gabriel-miro\/zumba\/#primaryimage"},"thumbnailUrl":"https:\/\/spartasportcenter.com\/alcoi-gabriel-miro\/wp-content\/uploads\/2024\/07\/zumba-alcoi-gabriel-miro.webp","datePublished":"2018-08-20T15:25:27+00:00","dateModified":"2025-06-03T13:10:34+00:00","description":"Inscr\u00edbete y disfruta de nuestras clases de zumba en Alcoi Gabriel Mir\u00f3, contamos con un equipo de Instructores 100% dedicados a tu bienestar.","breadcrumb":{"@id":"https:\/\/spartasportcenter.com\/alcoi-gabriel-miro\/zumba\/#breadcrumb"},"inLanguage":"es","potentialAction":[{"@type":"ReadAction","target":["https:\/\/spartasportcenter.com\/alcoi-gabriel-miro\/zumba\/"]}]},{"@type":"ImageObject","inLanguage":"es","@id":"https:\/\/spartasportcenter.com\/alcoi-gabriel-miro\/zumba\/#primaryimage","url":"https:\/\/spartasportcenter.com\/alcoi-gabriel-miro\/wp-content\/uploads\/2024\/07\/zumba-alcoi-gabriel-miro.webp","contentUrl":"https:\/\/spartasportcenter.com\/alcoi-gabriel-miro\/wp-content\/uploads\/2024\/07\/zumba-alcoi-gabriel-miro.webp","width":2000,"height":1333,"caption":"zumba alcoi gabriel miro"},{"@type":"BreadcrumbList","@id":"https:\/\/spartasportcenter.com\/alcoi-gabriel-miro\/zumba\/#breadcrumb","itemListElement":[{"@type":"ListItem","position":1,"name":"Portada","item":"https:\/\/spartasportcenter.com\/alcoi-gabriel-miro\/"},{"@type":"ListItem","position":2,"name":"Zumba Alcoi Gabriel Mir\u00f3"}]},{"@type":"WebSite","@id":"https:\/\/spartasportcenter.com\/alcoi-gabriel-miro\/#website","url":"https:\/\/spartasportcenter.com\/alcoi-gabriel-miro\/","name":"Sparta Sport Center Alcoi \u2013 Gabriel Mir\u00f3","description":"Gimnasios en Cuenca","potentialAction":[{"@type":"SearchAction","target":{"@type":"EntryPoint","urlTemplate":"https:\/\/spartasportcenter.com\/alcoi-gabriel-miro\/?s={search_term_string}"},"query-input":{"@type":"PropertyValueSpecification","valueRequired":true,"valueName":"search_term_string"}}],"inLanguage":"es"}]}},"_links":{"self":[{"href":"https:\/\/spartasportcenter.com\/alcoi-gabriel-miro\/wp-json\/wp\/v2\/pages\/206537","targetHints":{"allow":["GET"]}}],"collection":[{"href":"https:\/\/spartasportcenter.com\/alcoi-gabriel-miro\/wp-json\/wp\/v2\/pages"}],"about":[{"href":"https:\/\/spartasportcenter.com\/alcoi-gabriel-miro\/wp-json\/wp\/v2\/types\/page"}],"author":[{"embeddable":true,"href":"https:\/\/spartasportcenter.com\/alcoi-gabriel-miro\/wp-json\/wp\/v2\/users\/1"}],"replies":[{"embeddable":true,"href":"https:\/\/spartasportcenter.com\/alcoi-gabriel-miro\/wp-json\/wp\/v2\/comments?post=206537"}],"version-history":[{"count":25,"href":"https:\/\/spartasportcenter.com\/alcoi-gabriel-miro\/wp-json\/wp\/v2\/pages\/206537\/revisions"}],"predecessor-version":[{"id":220569,"href":"https:\/\/spartasportcenter.com\/alcoi-gabriel-miro\/wp-json\/wp\/v2\/pages\/206537\/revisions\/220569"}],"wp:featuredmedia":[{"embeddable":true,"href":"https:\/\/spartasportcenter.com\/alcoi-gabriel-miro\/wp-json\/wp\/v2\/media\/220377"}],"wp:attachment":[{"href":"https:\/\/spartasportcenter.com\/alcoi-gabriel-miro\/wp-json\/wp\/v2\/media?parent=206537"}],"curies":[{"name":"wp","href":"https:\/\/api.w.org\/{rel}","templated":true}]}}