{"id":205894,"date":"2018-08-14T15:29:15","date_gmt":"2018-08-14T15:29:15","guid":{"rendered":"https:\/\/pamplona.spartasportcenter.com\/?page_id=205894"},"modified":"2026-01-07T11:56:07","modified_gmt":"2026-01-07T10:56:07","slug":"instalaciones","status":"publish","type":"page","link":"https:\/\/spartasportcenter.com\/alcoi-gabriel-miro\/instalaciones\/","title":{"rendered":"Instalaciones de Sparta Sport Center Alcoi Gabriel Mir\u00f3"},"content":{"rendered":"<p>[et_pb_section fb_built=\u00bb1&#8243; custom_padding_last_edited=\u00bbon|phone\u00bb _builder_version=\u00bb4.16&#8243; background_color=\u00bb#262626&#8243; background_enable_image=\u00bboff\u00bb custom_padding=\u00bb80px|0px|80px|0px|true|false\u00bb custom_padding_tablet=\u00bb\u00bb custom_padding_phone=\u00bb30px||30px||true|false\u00bb bottom_divider_color=\u00bb#cf0a2c\u00bb custom_css_main_element=\u00bb\/*&#8212;&#8212;&#8212;-Custom Divi Gallery&#8212;&#8212;&#8212;-*\/|| ||.et_overlay {|| display: none;||}|| ||.mfp-title {|| display: none;||}|| ||.et_pb_gallery_grid .et_pb_gallery_item img {|| transform: scale(1.03);|| transition: transform 0.5s, opacity 0.5s;||}|| ||.et_pb_gallery_grid .et_pb_gallery_item img:hover {|| transform: scale(1.15);|| opacity: 1;||}|| ||.et_pb_gallery_grid .et_pb_gallery_item {|| padding: 2px;|| width: 20%!important;|| clear: right!important;||}|| ||@media only screen and (max-width: 479px) {|| ||.et_pb_column .et_pb_grid_item:nth-child(n) {|| width: 33%!important;||}||}\u00bb global_colors_info=\u00bb{}\u00bb][et_pb_row use_custom_gutter=\u00bbon\u00bb gutter_width=\u00bb1&#8243; _builder_version=\u00bb4.16&#8243; width_tablet=\u00bb\u00bb width_phone=\u00bb90%\u00bb width_last_edited=\u00bbon|phone\u00bb custom_margin=\u00bb||||false|false\u00bb custom_padding=\u00bb0px|0px|0px|0px|true|false\u00bb global_colors_info=\u00bb{}\u00bb][et_pb_column type=\u00bb4_4&#8243; _builder_version=\u00bb4.16&#8243; custom_padding=\u00bb|||\u00bb global_colors_info=\u00bb{}\u00bb custom_padding__hover=\u00bb|||\u00bb][et_pb_gallery gallery_ids=\u00bb221451,221471,221457,221469,221459,221475,221465,221455,221453,221463,221473,221461,221467,221479,221477&#8243; posts_number=\u00bb30&#8243; show_title_and_caption=\u00bboff\u00bb show_pagination=\u00bboff\u00bb _builder_version=\u00bb4.27.5&#8243; caption_font=\u00bb||||||||\u00bb locked=\u00bboff\u00bb global_colors_info=\u00bb{}\u00bb][\/et_pb_gallery][\/et_pb_column][\/et_pb_row][\/et_pb_section]<\/p>\n","protected":false},"excerpt":{"rendered":"<p>Amplias y completas instalaciones para tu bienestar y actividad deportiva. Nuestra casa es tu casa.<\/p>\n","protected":false},"author":1,"featured_media":220094,"parent":0,"menu_order":0,"comment_status":"closed","ping_status":"closed","template":"","meta":{"_et_pb_use_builder":"on","_et_pb_old_content":"","_et_gb_content_width":"","footnotes":""},"class_list":["post-205894","page","type-page","status-publish","has-post-thumbnail","hentry"],"yoast_head":"<!-- This site is optimized with the Yoast SEO plugin v27.4 - https:\/\/yoast.com\/product\/yoast-seo-wordpress\/ -->\n<title>Instalaciones de Sparta Sport Center Alcoi Gabriel Mir\u00f3 - Sparta Sport Center Alcoi \u2013 Gabriel Mir\u00f3<\/title>\n<meta name=\"description\" content=\"Entra y descubre c\u00f3mo son las instalaciones de Sparta Sport Center Alcoi Gabriel Mir\u00f3. \u00a1Echa un vistazo a nuestra galer\u00eda de fotos y ap\u00fantate ya!\" \/>\n<meta name=\"robots\" content=\"index, follow, max-snippet:-1, max-image-preview:large, max-video-preview:-1\" \/>\n<link rel=\"canonical\" href=\"https:\/\/spartasportcenter.com\/alcoi-gabriel-miro\/instalaciones\/\" \/>\n<meta property=\"og:locale\" content=\"es_ES\" \/>\n<meta property=\"og:type\" content=\"article\" \/>\n<meta property=\"og:title\" content=\"Instalaciones de Sparta Sport Center Alcoi Gabriel Mir\u00f3 - Sparta Sport Center Alcoi \u2013 Gabriel Mir\u00f3\" \/>\n<meta property=\"og:description\" content=\"Entra y descubre c\u00f3mo son las instalaciones de Sparta Sport Center Alcoi Gabriel Mir\u00f3. \u00a1Echa un vistazo a nuestra galer\u00eda de fotos y ap\u00fantate ya!\" \/>\n<meta property=\"og:url\" content=\"https:\/\/spartasportcenter.com\/alcoi-gabriel-miro\/instalaciones\/\" \/>\n<meta property=\"og:site_name\" content=\"Sparta Sport Center Alcoi \u2013 Gabriel Mir\u00f3\" \/>\n<meta property=\"article:modified_time\" content=\"2026-01-07T10:56:07+00:00\" \/>\n<meta property=\"og:image\" content=\"https:\/\/spartasportcenter.com\/alcoi-gabriel-miro\/wp-content\/uploads\/2024\/02\/gimnasio-sparta-sport-center-alcoi-gabriel-miro-instalaciones.jpeg\" \/>\n\t<meta property=\"og:image:width\" content=\"2000\" \/>\n\t<meta property=\"og:image:height\" content=\"1333\" \/>\n\t<meta property=\"og:image:type\" content=\"image\/jpeg\" \/>\n<meta name=\"twitter:card\" content=\"summary_large_image\" \/>\n<meta name=\"twitter:label1\" content=\"Tiempo de lectura\" \/>\n\t<meta name=\"twitter:data1\" content=\"4 minutos\" \/>\n<script type=\"application\/ld+json\" class=\"yoast-schema-graph\">{\"@context\":\"https:\\\/\\\/schema.org\",\"@graph\":[{\"@type\":\"WebPage\",\"@id\":\"https:\\\/\\\/spartasportcenter.com\\\/alcoi-gabriel-miro\\\/instalaciones\\\/\",\"url\":\"https:\\\/\\\/spartasportcenter.com\\\/alcoi-gabriel-miro\\\/instalaciones\\\/\",\"name\":\"Instalaciones de Sparta Sport Center Alcoi Gabriel Mir\u00f3 - Sparta Sport Center Alcoi \u2013 Gabriel Mir\u00f3\",\"isPartOf\":{\"@id\":\"https:\\\/\\\/spartasportcenter.com\\\/alcoi-gabriel-miro\\\/#website\"},\"primaryImageOfPage\":{\"@id\":\"https:\\\/\\\/spartasportcenter.com\\\/alcoi-gabriel-miro\\\/instalaciones\\\/#primaryimage\"},\"image\":{\"@id\":\"https:\\\/\\\/spartasportcenter.com\\\/alcoi-gabriel-miro\\\/instalaciones\\\/#primaryimage\"},\"thumbnailUrl\":\"https:\\\/\\\/spartasportcenter.com\\\/alcoi-gabriel-miro\\\/wp-content\\\/uploads\\\/2024\\\/02\\\/gimnasio-sparta-sport-center-alcoi-gabriel-miro-instalaciones.jpeg\",\"datePublished\":\"2018-08-14T15:29:15+00:00\",\"dateModified\":\"2026-01-07T10:56:07+00:00\",\"description\":\"Entra y descubre c\u00f3mo son las instalaciones de Sparta Sport Center Alcoi Gabriel Mir\u00f3. \u00a1Echa un vistazo a nuestra galer\u00eda de fotos y ap\u00fantate ya!\",\"breadcrumb\":{\"@id\":\"https:\\\/\\\/spartasportcenter.com\\\/alcoi-gabriel-miro\\\/instalaciones\\\/#breadcrumb\"},\"inLanguage\":\"es\",\"potentialAction\":[{\"@type\":\"ReadAction\",\"target\":[\"https:\\\/\\\/spartasportcenter.com\\\/alcoi-gabriel-miro\\\/instalaciones\\\/\"]}]},{\"@type\":\"ImageObject\",\"inLanguage\":\"es\",\"@id\":\"https:\\\/\\\/spartasportcenter.com\\\/alcoi-gabriel-miro\\\/instalaciones\\\/#primaryimage\",\"url\":\"https:\\\/\\\/spartasportcenter.com\\\/alcoi-gabriel-miro\\\/wp-content\\\/uploads\\\/2024\\\/02\\\/gimnasio-sparta-sport-center-alcoi-gabriel-miro-instalaciones.jpeg\",\"contentUrl\":\"https:\\\/\\\/spartasportcenter.com\\\/alcoi-gabriel-miro\\\/wp-content\\\/uploads\\\/2024\\\/02\\\/gimnasio-sparta-sport-center-alcoi-gabriel-miro-instalaciones.jpeg\",\"width\":2000,\"height\":1333,\"caption\":\"gimnasio-sparta-sport-center-alcoi-gabriel-miro-instalaciones\"},{\"@type\":\"BreadcrumbList\",\"@id\":\"https:\\\/\\\/spartasportcenter.com\\\/alcoi-gabriel-miro\\\/instalaciones\\\/#breadcrumb\",\"itemListElement\":[{\"@type\":\"ListItem\",\"position\":1,\"name\":\"Portada\",\"item\":\"https:\\\/\\\/spartasportcenter.com\\\/alcoi-gabriel-miro\\\/\"},{\"@type\":\"ListItem\",\"position\":2,\"name\":\"Instalaciones de Sparta Sport Center Alcoi Gabriel Mir\u00f3\"}]},{\"@type\":\"WebSite\",\"@id\":\"https:\\\/\\\/spartasportcenter.com\\\/alcoi-gabriel-miro\\\/#website\",\"url\":\"https:\\\/\\\/spartasportcenter.com\\\/alcoi-gabriel-miro\\\/\",\"name\":\"Sparta Sport Center Alcoi \u2013 Gabriel Mir\u00f3\",\"description\":\"Gimnasios en Cuenca\",\"potentialAction\":[{\"@type\":\"SearchAction\",\"target\":{\"@type\":\"EntryPoint\",\"urlTemplate\":\"https:\\\/\\\/spartasportcenter.com\\\/alcoi-gabriel-miro\\\/?s={search_term_string}\"},\"query-input\":{\"@type\":\"PropertyValueSpecification\",\"valueRequired\":true,\"valueName\":\"search_term_string\"}}],\"inLanguage\":\"es\"}]}<\/script>\n<!-- \/ Yoast SEO plugin. -->","yoast_head_json":{"title":"Instalaciones de Sparta Sport Center Alcoi Gabriel Mir\u00f3 - Sparta Sport Center Alcoi \u2013 Gabriel Mir\u00f3","description":"Entra y descubre c\u00f3mo son las instalaciones de Sparta Sport Center Alcoi Gabriel Mir\u00f3. \u00a1Echa un vistazo a nuestra galer\u00eda de fotos y ap\u00fantate ya!","robots":{"index":"index","follow":"follow","max-snippet":"max-snippet:-1","max-image-preview":"max-image-preview:large","max-video-preview":"max-video-preview:-1"},"canonical":"https:\/\/spartasportcenter.com\/alcoi-gabriel-miro\/instalaciones\/","og_locale":"es_ES","og_type":"article","og_title":"Instalaciones de Sparta Sport Center Alcoi Gabriel Mir\u00f3 - Sparta Sport Center Alcoi \u2013 Gabriel Mir\u00f3","og_description":"Entra y descubre c\u00f3mo son las instalaciones de Sparta Sport Center Alcoi Gabriel Mir\u00f3. \u00a1Echa un vistazo a nuestra galer\u00eda de fotos y ap\u00fantate ya!","og_url":"https:\/\/spartasportcenter.com\/alcoi-gabriel-miro\/instalaciones\/","og_site_name":"Sparta Sport Center Alcoi \u2013 Gabriel Mir\u00f3","article_modified_time":"2026-01-07T10:56:07+00:00","og_image":[{"width":2000,"height":1333,"url":"https:\/\/spartasportcenter.com\/alcoi-gabriel-miro\/wp-content\/uploads\/2024\/02\/gimnasio-sparta-sport-center-alcoi-gabriel-miro-instalaciones.jpeg","type":"image\/jpeg"}],"twitter_card":"summary_large_image","twitter_misc":{"Tiempo de lectura":"4 minutos"},"schema":{"@context":"https:\/\/schema.org","@graph":[{"@type":"WebPage","@id":"https:\/\/spartasportcenter.com\/alcoi-gabriel-miro\/instalaciones\/","url":"https:\/\/spartasportcenter.com\/alcoi-gabriel-miro\/instalaciones\/","name":"Instalaciones de Sparta Sport Center Alcoi Gabriel Mir\u00f3 - Sparta Sport Center Alcoi \u2013 Gabriel Mir\u00f3","isPartOf":{"@id":"https:\/\/spartasportcenter.com\/alcoi-gabriel-miro\/#website"},"primaryImageOfPage":{"@id":"https:\/\/spartasportcenter.com\/alcoi-gabriel-miro\/instalaciones\/#primaryimage"},"image":{"@id":"https:\/\/spartasportcenter.com\/alcoi-gabriel-miro\/instalaciones\/#primaryimage"},"thumbnailUrl":"https:\/\/spartasportcenter.com\/alcoi-gabriel-miro\/wp-content\/uploads\/2024\/02\/gimnasio-sparta-sport-center-alcoi-gabriel-miro-instalaciones.jpeg","datePublished":"2018-08-14T15:29:15+00:00","dateModified":"2026-01-07T10:56:07+00:00","description":"Entra y descubre c\u00f3mo son las instalaciones de Sparta Sport Center Alcoi Gabriel Mir\u00f3. \u00a1Echa un vistazo a nuestra galer\u00eda de fotos y ap\u00fantate ya!","breadcrumb":{"@id":"https:\/\/spartasportcenter.com\/alcoi-gabriel-miro\/instalaciones\/#breadcrumb"},"inLanguage":"es","potentialAction":[{"@type":"ReadAction","target":["https:\/\/spartasportcenter.com\/alcoi-gabriel-miro\/instalaciones\/"]}]},{"@type":"ImageObject","inLanguage":"es","@id":"https:\/\/spartasportcenter.com\/alcoi-gabriel-miro\/instalaciones\/#primaryimage","url":"https:\/\/spartasportcenter.com\/alcoi-gabriel-miro\/wp-content\/uploads\/2024\/02\/gimnasio-sparta-sport-center-alcoi-gabriel-miro-instalaciones.jpeg","contentUrl":"https:\/\/spartasportcenter.com\/alcoi-gabriel-miro\/wp-content\/uploads\/2024\/02\/gimnasio-sparta-sport-center-alcoi-gabriel-miro-instalaciones.jpeg","width":2000,"height":1333,"caption":"gimnasio-sparta-sport-center-alcoi-gabriel-miro-instalaciones"},{"@type":"BreadcrumbList","@id":"https:\/\/spartasportcenter.com\/alcoi-gabriel-miro\/instalaciones\/#breadcrumb","itemListElement":[{"@type":"ListItem","position":1,"name":"Portada","item":"https:\/\/spartasportcenter.com\/alcoi-gabriel-miro\/"},{"@type":"ListItem","position":2,"name":"Instalaciones de Sparta Sport Center Alcoi Gabriel Mir\u00f3"}]},{"@type":"WebSite","@id":"https:\/\/spartasportcenter.com\/alcoi-gabriel-miro\/#website","url":"https:\/\/spartasportcenter.com\/alcoi-gabriel-miro\/","name":"Sparta Sport Center Alcoi \u2013 Gabriel Mir\u00f3","description":"Gimnasios en Cuenca","potentialAction":[{"@type":"SearchAction","target":{"@type":"EntryPoint","urlTemplate":"https:\/\/spartasportcenter.com\/alcoi-gabriel-miro\/?s={search_term_string}"},"query-input":{"@type":"PropertyValueSpecification","valueRequired":true,"valueName":"search_term_string"}}],"inLanguage":"es"}]}},"_links":{"self":[{"href":"https:\/\/spartasportcenter.com\/alcoi-gabriel-miro\/wp-json\/wp\/v2\/pages\/205894","targetHints":{"allow":["GET"]}}],"collection":[{"href":"https:\/\/spartasportcenter.com\/alcoi-gabriel-miro\/wp-json\/wp\/v2\/pages"}],"about":[{"href":"https:\/\/spartasportcenter.com\/alcoi-gabriel-miro\/wp-json\/wp\/v2\/types\/page"}],"author":[{"embeddable":true,"href":"https:\/\/spartasportcenter.com\/alcoi-gabriel-miro\/wp-json\/wp\/v2\/users\/1"}],"replies":[{"embeddable":true,"href":"https:\/\/spartasportcenter.com\/alcoi-gabriel-miro\/wp-json\/wp\/v2\/comments?post=205894"}],"version-history":[{"count":30,"href":"https:\/\/spartasportcenter.com\/alcoi-gabriel-miro\/wp-json\/wp\/v2\/pages\/205894\/revisions"}],"predecessor-version":[{"id":221487,"href":"https:\/\/spartasportcenter.com\/alcoi-gabriel-miro\/wp-json\/wp\/v2\/pages\/205894\/revisions\/221487"}],"wp:featuredmedia":[{"embeddable":true,"href":"https:\/\/spartasportcenter.com\/alcoi-gabriel-miro\/wp-json\/wp\/v2\/media\/220094"}],"wp:attachment":[{"href":"https:\/\/spartasportcenter.com\/alcoi-gabriel-miro\/wp-json\/wp\/v2\/media?parent=205894"}],"curies":[{"name":"wp","href":"https:\/\/api.w.org\/{rel}","templated":true}]}}