{"id":221173,"date":"2018-08-21T18:05:21","date_gmt":"2018-08-21T16:05:21","guid":{"rendered":"https:\/\/spartasportcenter.com\/alcoi-gabriel-miro\/politica-de-privacidad-de-sparta-sport-center-alcoi-gabriel-miro\/"},"modified":"2025-07-22T08:23:02","modified_gmt":"2025-07-22T06:23:02","slug":"politica-privacitat-sparta","status":"publish","type":"page","link":"https:\/\/spartasportcenter.com\/alcoi-gabriel-miro\/ca\/politica-privacitat-sparta\/","title":{"rendered":"Pol\u00edtica de Privacitat Alcoi Gabriel Mir\u00f3"},"content":{"rendered":"\n<p>SPARTA SPORT CENTER, informa els usuaris del lloc web sobre la seua pol\u00edtica respecte al tractament i protecci\u00f3 de les dades de car\u00e0cter personal dels usuaris i clients.<\/p>\n\n\n\n<p>I garantix en tot moment l&#8217;\u00edntegre i ple compliment de les obligacions disposades per la normativa de protecci\u00f3 de dades i serveis de la societat de la informaci\u00f3: Reglament (UE) 2016\/679 del Parlament Europeu i del Consell, de 27 d&#8217;abril de 2016, relatiu a la protecci\u00f3 de les persones f\u00edsiques pel que fa al tractament de dades personals i a la lliure circulaci\u00f3 d&#8217;estes dades (RGPD), la normativa Llei org\u00e0nica 3\/2018, de 5 de desembre, de Protecci\u00f3 de Dades Personals i garantia dels drets digitals (LOPDGDD) i la Llei 34\/2002, d&#8217;11 de juliol, de serveis de la Societat de la Informaci\u00f3 i del Comer\u00e7 Electr\u00f2nic (LSSIce).<\/p>\n\n\n\n<h2 class=\"wp-block-heading\"><strong>RESPONSABLE DEL TRACTAMENT<\/strong><\/h2>\n\n\n\n<p>Empresa titular d&#8217;esta web: ALCOI CALLE GABRIEL MIR\u00d3 SPORT SOLUTIONS, SL.<\/p>\n\n\n\n<p>C.I.F.: B71527881<\/p>\n\n\n\n<p>Domicili: C\/ ARROBIA 3, LOCAL 8, CP 31180, ZIZUR MAYOR (NAVARRA)<\/p>\n\n\n\n<p>Inscrit en el Registre Mercantil de Navarra, fulla NA-00044050, IRUS 1000445518771, data 26\/03\/2025<\/p>\n\n\n\n<p>Tel\u00e8fon: 627083173<\/p>\n\n\n\n<p>Correu electr\u00f2nic: alcoigabrielmiro@spartasportcenter.com<\/p>\n\n\n\n<h2 class=\"wp-block-heading\"><strong>FINALITATS DEL TRACTAMENT DE LES DADES<\/strong><\/h2>\n\n\n\n<p>Les dades facilitades per l&#8217;Usuari s\u00f3n utilitzats amb diverses finalitats que s&#8217;enumeren a continuaci\u00f3:<\/p>\n\n\n\n<figure class=\"wp-block-table\"><table class=\"has-fixed-layout\"><tbody><tr><td><strong>Finalitat del tractament<\/strong><\/td><td><strong>Base jur\u00eddica per al tractament<\/strong><\/td><\/tr><tr><td><br>Gestionar les consultes o qualsevol tipus de petici\u00f3 que siga realitzada a trav\u00e9s de les formes de contacte que es posen a disposici\u00f3 en la p\u00e0gina web.<\/td><td>Inter\u00e9s leg\u00edtim de la Societat per a atendre els requeriments d&#8217;informaci\u00f3 a trav\u00e9s de la web. Consentiment prestat de manera expressa en el moment de recollida de les dades a trav\u00e9s dels formularis web.<br><\/td><\/tr><tr><td>Enviament de newsletters, comunicacions comercials i promocions.<\/td><td>Consentimiento prestat de manera expressa en el moment de recollida de les dades a trav\u00e9s dels formularis web.<\/td><\/tr><tr><td>Crear i gestionar el teu registre com a Usuari.<br><\/td><td>Consentimiento prestat de manera expressa en el moment de recollida de les dades a trav\u00e9s dels formularis web.<br><\/td><\/tr><tr><td><br>Per al desenrotllament, compliment i execuci\u00f3 del contracte de compravenda o de serveis que hages contractat a trav\u00e9s de la nostra web.<br><\/td><td><br>Consentimiento prestat de manera expressa en el moment de recollida de les dades a trav\u00e9s dels formularis web. Considerem que tenim un inter\u00e9s leg\u00edtim per a realitzar les comprovacions necess\u00e0ries per a detectar i previndre possibles fraus quan realitzes una compra. Execuci\u00f3 d&#8217;un contracte.<br><\/td><\/tr><tr><td>Realitzar la gesti\u00f3 comptable.<\/td><td>Execuci\u00f3 d&#8217;un contracte.<br><\/td><\/tr><tr><td>Complir amb les obligacions fiscals vigents.<br><\/td><td>Compliment d&#8217;obligacions legals que ens siguen aplicable.<br><\/td><\/tr><tr><td>Gestionar les incid\u00e8ncies i el manteniment de la web<br><\/td><td>Inter\u00e9s leg\u00edtim de la Societat.<br><\/td><\/tr><\/tbody><\/table><\/figure>\n\n\n\n<p><\/p>\n\n\n\n<h2 class=\"wp-block-heading\"><strong>TERMINI DE CONSERVACI\u00d3 DE LES DADES<\/strong><\/h2>\n\n\n\n<figure class=\"wp-block-table\"><table class=\"has-fixed-layout\"><tbody><tr><td><strong>Finalitat del tractament<\/strong><\/td><td><strong>Termini de conservaci\u00f3<\/strong><\/td><\/tr><tr><td><br>Gestionar les consultes o qualsevol tipus de petici\u00f3 que siga realitzada a trav\u00e9s de les formes de contacte que es posen a disposici\u00f3 en la p\u00e0gina web.<br><\/td><td><br>Tractarem les teues dades durant el temps que siga necessari per a atendre la teua sol\u00b7licitud o petici\u00f3.<br><\/td><\/tr><tr><td>Enviament de newsletters, comunicacions comercials i promocions.<br><\/td><td>Tractarem les teues dades fins que et dones de baixa.<br><\/td><\/tr><tr><td>Crear i gestionar el teu registre com a Usuari.<br><\/td><td>Tractarem les teues dades durant el temps en qu\u00e8 mantingues la condici\u00f3 d&#8217;usuari registrat (\u00e9s a dir, fins que decidisques donar-te de baixa).<br><\/td><\/tr><tr><td>Per al desenrotllament, compliment i execuci\u00f3 del contracte de compravenda o de serveis que hages contractat a trav\u00e9s de la nostra web.<\/td><td>Tractarem les teues dades durant el temps necessari per a gestionar la compra dels productes o serveis que hages adquirit, incloent-hi possibles devolucions, queixes o reclamacions associades a la compra del producte o servici en particular.<br><\/td><\/tr><tr><td>Realitzar la gesti\u00f3 comptable.<br><\/td><td>Tractarem les seues dades durant el temps necessari per a complir els terminis legals de prescripci\u00f3 que li resulten d&#8217;aplicaci\u00f3.<br><\/td><\/tr><tr><td>Complir amb les obligacions fiscals vigents.<br><\/td><td>Tractarem les seues dades durant el temps necessari per a complir els terminis legals de prescripci\u00f3 que li resulten d&#8217;aplicaci\u00f3.<br><\/td><\/tr><tr><td>Gestionar les incid\u00e8ncies i el manteniment de la web.<br><\/td><td>Tractarem les seues dades durant el temps necessari per a complir els terminis legals de prescripci\u00f3 que li resulten d&#8217;aplicaci\u00f3.<br><\/td><\/tr><\/tbody><\/table><\/figure>\n\n\n\n<p><\/p>\n\n\n\n<h2 class=\"wp-block-heading\"><strong>DRETS<\/strong> <strong>D&#8217;IMATGE<\/strong><\/h2>\n\n\n\n<p>El dret a la imatge personal est\u00e0 reconegut en l&#8217;article 18.1 de la Constituci\u00f3 i regulat per la Llei 1\/1982, de 5 de maig, sobre el dret a l&#8217;honor, a la intimitat personal i familiar i a la pr\u00f2pia imatge.<\/p>\n\n\n\n<p>Si l&#8217;usuari autoritza la captaci\u00f3 i publicaci\u00f3 de la seua imatge per part del Responsable del tractament, el fa de manera expressa, lliure, volunt\u00e0ria i gratu\u00efta, sense l\u00edmit temporal ni geogr\u00e0fic. Esta autoritzaci\u00f3 inclou la possibilitat de difusi\u00f3 de la seua imatge, juntament amb el seu nom i cognoms, en qualsevol suport o format, incloent, per\u00f2 no limitant-se a:<\/p>\n\n\n\n<p>Intranet, p\u00e0gina web, comunicacions comercials per via electr\u00f2nica, revistes, xarxes socials, mitjans de comunicaci\u00f3 i altres suports digitals o impresos.<\/p>\n\n\n\n<p>La captaci\u00f3 d&#8217;imatges o v\u00eddeos per part del Responsable del Tractament o per tercers autoritzats es limitar\u00e0 a les activitats desenrotllades per l&#8217;entitat. El responsable del tractament es compromet a adoptar totes les mesures de seguretat adequades per a evitar l&#8217;acc\u00e9s, cessi\u00f3 o \u00fas no autoritzat de les imatges.<\/p>\n\n\n\n<h2 class=\"wp-block-heading\"><strong>DESTINATARIS DE LES DADES<\/strong><\/h2>\n\n\n\n<p>Per a complir les finalitats indicades en la present Pol\u00edtica de Privacitat, \u00e9s necessari que donem acc\u00e9s a les teues dades personals a terceres parts que ens donen suport en els serveis que t&#8217;oferim (Encarregats de Tractament), a saber:<\/p>\n\n\n\n<p>&#8211; Entitats financeres<\/p>\n\n\n\n<p>&#8211; Prove\u00efdors de serveis tecnol\u00f2gics<\/p>\n\n\n\n<p>&#8211; Prove\u00efdors i col\u00b7laboradors de serveis de log\u00edstica, transport i lliurament.<\/p>\n\n\n\n<p>&#8211; Prove\u00efdors i col\u00b7laboradors de serveis relacionats amb m\u00e0rqueting i publicitat.<\/p>\n\n\n\n<p>Lus encarregats de tractament per a l&#8217;execuci\u00f3 d&#8217;un contracte o prestaci\u00f3 d&#8217;un servici al Responsable, seguint per aix\u00f2 les seues instruccions en tot moment i assegurant els mateixos nivells de seguretat.<\/p>\n\n\n\n<p>Les dades poden ser compartits entre les empreses del Grup Sparta Sport Center.<\/p>\n\n\n\n<h2 class=\"wp-block-heading\"><strong>COOKIES<\/strong><\/h2>\n\n\n\n<p>Pel que fa a l&#8217;\u00fas de les&nbsp;cookies i altres tecnologies de seguiment, consulte la&nbsp;Pol\u00edtica de Cookies d&#8217;este Lloc web. En este cas, la base legal per al tractament de les seues dades \u00e9s el seu consentiment atorgat en acceptar la c\u00e0rrega de les cookies en el seu navegador.<\/p>\n\n\n\n<h2 class=\"wp-block-heading\"><strong>DRETS DELS USUARIS<\/strong><\/h2>\n\n\n\n<p>L&#8217;usuari t\u00e9 dret a:<\/p>\n\n\n\n<ul class=\"wp-block-list\">\n<li>Sol\u00b7licitar l&#8217;acc\u00e9s a les seues dades personals que s&#8217;estan tractant i rebre esta informaci\u00f3 per escrit pel mig sol\u00b7licitat.<\/li>\n\n\n\n<li>Sol\u00b7licitar la rectificaci\u00f3 de les dades personals inexactes o, si \u00e9s el cas, sol\u00b7licitar la seua supressi\u00f3 quan, entre altres motius, les dades ja no siguen necessaris per a la finalitat pels quals van ser arreplegats.<\/li>\n\n\n\n<li>Sol\u00b7licitar la limitaci\u00f3 del tractament de les seues dades.<\/li>\n\n\n\n<li>Oposar-se al tractament de les seues dades personals quan siga procedent, i en este cas es deixaran de tractar les seues dades excepte per motius leg\u00edtims.<\/li>\n<\/ul>\n\n\n\n<ul class=\"wp-block-list\">\n<li>Dret a la portabilitat de les seues dades personals quan el tractament estiga basat en un consentiment i s&#8217;efectue per mitjans automatitzats. les dades s&#8217;entregaren de forma estructurada, \u00fas com\u00fa i lectura mec\u00e0nica.<\/li>\n\n\n\n<li>Dret a retirar el consentiment prestat.<\/li>\n\n\n\n<li>Dret a reclamar davant l&#8217;ag\u00e8ncia espanyola de protecci\u00f3 de dades.<\/li>\n<\/ul>\n\n\n\n<p>L&#8217;Usuari pot exercitar els drets anteriorment indicats a l&#8217;adre\u00e7a de correu postal o electr\u00f2nica del Responsable, acreditant la seua identitat amb una c\u00f2pia escanejada del seu DNI o document equivalent, i especificant el dret que desitja exercir.<\/p>\n\n\n\n<h2 class=\"wp-block-heading\"><strong>PROCED\u00c8NCIA DE LES DADES<\/strong><\/h2>\n\n\n\n<p>Les dades personals seran facilitats pel propi interessat de forma absolutament volunt\u00e0ria. La car\u00e8ncia de facilitar determinades dades o preguntes que pogueren formular-se en els processos de registre o en els diferents formularis electr\u00f2nics que se li presenten a l&#8217;Usuari, pot provocar la impossibilitat d&#8217;acc\u00e9s a determinats serveis per a la prestaci\u00f3 dels quals \u00e9s imprescindible disposar de les dades de car\u00e0cter personal, en tal case El Responsable informar\u00e0 del car\u00e0cter obligatori i\/o necessari de facilitar les dades personals per al funcionament del servici.<\/p>\n\n\n\n<p>El Responsable li assegura la confidencialitat de les seues dades personals i li garantix la seguretat d&#8217;estos, adoptant les mesures necess\u00e0ries per a evitar la seua alteraci\u00f3, p\u00e8rdua, tractament o acc\u00e9s no autoritzat.<\/p>\n\n\n\n<h2 class=\"wp-block-heading\"><strong>INFORMACI\u00d3 FACILITADA PER L&#8217;USUARI<\/strong><\/h2>\n\n\n\n<p>Els i les menors de 18 anys no poden cedir les seues dades personals sense el previ consentiment del seu pare\/mare i\/o tutors legals.<\/p>\n\n\n\n<p>Els Usuaris, introduint les seues dades en els formularis de contacte o presentats en formularis de desc\u00e0rrega, accepten expressament i de manera lliure i inequ\u00edvoca, que les seues dades s\u00f3n necessaris per a atendre la seua petici\u00f3, per part del Responsable, sent volunt\u00e0ria la inclusi\u00f3 de dades en els camps restants.<\/p>\n\n\n\n<p>L&#8217;Usuari garantix que les dades personals facilitades s\u00f3n reals i es fa responsable de comunicar qualsevol modificaci\u00f3 d&#8217;estos.<\/p>\n\n\n\n<p>Totes les dades sol\u00b7licitades a trav\u00e9s del lloc web s\u00f3n necessaris per a la prestaci\u00f3 d&#8217;un servici \u00f2ptim al Usiari. En cas que no siguen facilitats totes les dades, no es garantix que la informaci\u00f3 i serveis que El Responsable li facilite, siguen completament ajustats a les seues necessitats.<\/p>\n\n\n\n<h2 class=\"wp-block-heading\"><strong>MESURES DE SEGURETAT<\/strong><\/h2>\n\n\n\n<p>Que de conformitat amb el que es disposa en les normatives vigents en mat\u00e8ria de protecci\u00f3 de dades personals, El Responsable est\u00e0 complint amb totes les disposicions de les normatives RGPD i LOPDGDD per al tractament de les dades personals de la seua responsabilitat, els quals s\u00f3n tractats de manera l\u00edcita, lleial i transparent en relaci\u00f3 amb l&#8217;interessat i adequats, pertinents i limitats al necessari en relaci\u00f3 amb els fins per als quals s\u00f3n tractats.<\/p>\n\n\n\n<p>El Responsable garantix que ha implementat pol\u00edtiques t\u00e8cniques i organitzatives apropiades per a aplicar les mesures de seguretat que establixen el RGPD i la LOPDGDD amb la finalitat de protegir els drets i llibertats dels Usuaris i els ha comunicat la informaci\u00f3 adequada perqu\u00e8 puguen exercir-los.<\/p>\n\n\n\n<h2 class=\"wp-block-heading\"><strong>BRETXES DE SEGURETAT<\/strong><\/h2>\n\n\n\n<p>El Responsable&nbsp;informar\u00e0 sobre qualsevol bretxa de seguretat que afecte la base de dades que utilitza este lloc web, o que afecte a qualsevol dels nostres serveis de tercers, a totes i cada una de les persones, dades dels quals puguen haver sigut afectades, i autoritats, dins de les 72 hores seg\u00fcents a la detecci\u00f3 de la bretxa.<\/p>\n\n\n\n<h2 class=\"wp-block-heading\"><strong>LEGISLACI\u00d3 APLICABLE I JURISDICCI\u00d3<\/strong><\/h2>\n\n\n\n<p>Es reserva la facultat de presentar les accions civils o penals que considere necess\u00e0ries per la utilitzaci\u00f3 indeguda del Lloc web i Continguts.<\/p>\n\n\n\n<p>La relaci\u00f3 entre l&#8217;Usuari i&nbsp;el Responsable es regir\u00e0 per la normativa vigent i d&#8217;aplicaci\u00f3 en el territori espanyol. De sorgir qualsevol controv\u00e8rsia en relaci\u00f3 amb la interpretaci\u00f3 i\/o a l&#8217;aplicaci\u00f3, les parts sotmetran els seus conflictes a la jurisdicci\u00f3 ordin\u00e0ria sotmetent-se als jutges i tribunals que corresponguen conforme a dret.<\/p>\n","protected":false},"excerpt":{"rendered":"<p>.<\/p>\n","protected":false},"author":1,"featured_media":221114,"parent":0,"menu_order":0,"comment_status":"closed","ping_status":"closed","template":"","meta":{"_et_pb_use_builder":"","_et_pb_old_content":"","_et_gb_content_width":"","footnotes":""},"class_list":["post-221173","page","type-page","status-publish","has-post-thumbnail","hentry"],"yoast_head":"<!-- This site is optimized with the Yoast SEO plugin v27.4 - https:\/\/yoast.com\/product\/yoast-seo-wordpress\/ -->\n<title>Pol\u00edtica de Privacitat | Sparta Sport Center Alcoi Gabriel Mir\u00f3<\/title>\n<meta name=\"description\" content=\"Consulta la pol\u00edtica de privacitat de Sparta Sport Center Alcoi Gabriel Mir\u00f3. Tota la informaci\u00f3 sobre privacitat en la nostra web a un sol clic.\" \/>\n<meta name=\"robots\" content=\"index, follow, max-snippet:-1, max-image-preview:large, max-video-preview:-1\" \/>\n<link rel=\"canonical\" href=\"https:\/\/spartasportcenter.com\/alcoi-gabriel-miro\/ca\/politica-privacitat-sparta\/\" \/>\n<meta property=\"og:locale\" content=\"ca_ES\" \/>\n<meta property=\"og:type\" content=\"article\" \/>\n<meta property=\"og:title\" content=\"Pol\u00edtica de Privacitat | Sparta Sport Center Alcoi Gabriel Mir\u00f3\" \/>\n<meta property=\"og:description\" content=\"Consulta la pol\u00edtica de privacitat de Sparta Sport Center Alcoi Gabriel Mir\u00f3. Tota la informaci\u00f3 sobre privacitat en la nostra web a un sol clic.\" \/>\n<meta property=\"og:url\" content=\"https:\/\/spartasportcenter.com\/alcoi-gabriel-miro\/ca\/politica-privacitat-sparta\/\" \/>\n<meta property=\"og:site_name\" content=\"Sparta Sport Center Alcoi \u2013 Gabriel Mir\u00f3\" \/>\n<meta property=\"article:modified_time\" content=\"2025-07-22T06:23:02+00:00\" \/>\n<meta property=\"og:image\" content=\"https:\/\/spartasportcenter.com\/alcoi-gabriel-miro\/wp-content\/uploads\/2025\/06\/material-deportivo-de-colores.jpg\" \/>\n\t<meta property=\"og:image:width\" content=\"2000\" \/>\n\t<meta property=\"og:image:height\" content=\"1333\" \/>\n\t<meta property=\"og:image:type\" content=\"image\/jpeg\" \/>\n<meta name=\"twitter:card\" content=\"summary_large_image\" \/>\n<meta name=\"twitter:label1\" content=\"Temps estimat de lectura\" \/>\n\t<meta name=\"twitter:data1\" content=\"9 minuts\" \/>\n<script type=\"application\/ld+json\" class=\"yoast-schema-graph\">{\"@context\":\"https:\\\/\\\/schema.org\",\"@graph\":[{\"@type\":\"WebPage\",\"@id\":\"https:\\\/\\\/spartasportcenter.com\\\/alcoi-gabriel-miro\\\/ca\\\/politica-privacitat-sparta\\\/\",\"url\":\"https:\\\/\\\/spartasportcenter.com\\\/alcoi-gabriel-miro\\\/ca\\\/politica-privacitat-sparta\\\/\",\"name\":\"Pol\u00edtica de Privacitat | Sparta Sport Center Alcoi Gabriel Mir\u00f3\",\"isPartOf\":{\"@id\":\"https:\\\/\\\/spartasportcenter.com\\\/alcoi-gabriel-miro\\\/ca\\\/#website\"},\"primaryImageOfPage\":{\"@id\":\"https:\\\/\\\/spartasportcenter.com\\\/alcoi-gabriel-miro\\\/ca\\\/politica-privacitat-sparta\\\/#primaryimage\"},\"image\":{\"@id\":\"https:\\\/\\\/spartasportcenter.com\\\/alcoi-gabriel-miro\\\/ca\\\/politica-privacitat-sparta\\\/#primaryimage\"},\"thumbnailUrl\":\"https:\\\/\\\/spartasportcenter.com\\\/alcoi-gabriel-miro\\\/wp-content\\\/uploads\\\/2025\\\/06\\\/material-deportivo-de-colores.jpg\",\"datePublished\":\"2018-08-21T16:05:21+00:00\",\"dateModified\":\"2025-07-22T06:23:02+00:00\",\"description\":\"Consulta la pol\u00edtica de privacitat de Sparta Sport Center Alcoi Gabriel Mir\u00f3. Tota la informaci\u00f3 sobre privacitat en la nostra web a un sol clic.\",\"breadcrumb\":{\"@id\":\"https:\\\/\\\/spartasportcenter.com\\\/alcoi-gabriel-miro\\\/ca\\\/politica-privacitat-sparta\\\/#breadcrumb\"},\"inLanguage\":\"ca\",\"potentialAction\":[{\"@type\":\"ReadAction\",\"target\":[\"https:\\\/\\\/spartasportcenter.com\\\/alcoi-gabriel-miro\\\/ca\\\/politica-privacitat-sparta\\\/\"]}]},{\"@type\":\"ImageObject\",\"inLanguage\":\"ca\",\"@id\":\"https:\\\/\\\/spartasportcenter.com\\\/alcoi-gabriel-miro\\\/ca\\\/politica-privacitat-sparta\\\/#primaryimage\",\"url\":\"https:\\\/\\\/spartasportcenter.com\\\/alcoi-gabriel-miro\\\/wp-content\\\/uploads\\\/2025\\\/06\\\/material-deportivo-de-colores.jpg\",\"contentUrl\":\"https:\\\/\\\/spartasportcenter.com\\\/alcoi-gabriel-miro\\\/wp-content\\\/uploads\\\/2025\\\/06\\\/material-deportivo-de-colores.jpg\",\"width\":2000,\"height\":1333,\"caption\":\"material deportivo de colores\"},{\"@type\":\"BreadcrumbList\",\"@id\":\"https:\\\/\\\/spartasportcenter.com\\\/alcoi-gabriel-miro\\\/ca\\\/politica-privacitat-sparta\\\/#breadcrumb\",\"itemListElement\":[{\"@type\":\"ListItem\",\"position\":1,\"name\":\"Portada\",\"item\":\"https:\\\/\\\/spartasportcenter.com\\\/alcoi-gabriel-miro\\\/ca\\\/\"},{\"@type\":\"ListItem\",\"position\":2,\"name\":\"Pol\u00edtica de Privacitat Alcoi Gabriel Mir\u00f3\"}]},{\"@type\":\"WebSite\",\"@id\":\"https:\\\/\\\/spartasportcenter.com\\\/alcoi-gabriel-miro\\\/ca\\\/#website\",\"url\":\"https:\\\/\\\/spartasportcenter.com\\\/alcoi-gabriel-miro\\\/ca\\\/\",\"name\":\"Sparta Sport Center Alcoi \u2013 Gabriel Mir\u00f3\",\"description\":\"Gimnasios en Cuenca\",\"potentialAction\":[{\"@type\":\"SearchAction\",\"target\":{\"@type\":\"EntryPoint\",\"urlTemplate\":\"https:\\\/\\\/spartasportcenter.com\\\/alcoi-gabriel-miro\\\/ca\\\/?s={search_term_string}\"},\"query-input\":{\"@type\":\"PropertyValueSpecification\",\"valueRequired\":true,\"valueName\":\"search_term_string\"}}],\"inLanguage\":\"ca\"}]}<\/script>\n<!-- \/ Yoast SEO plugin. -->","yoast_head_json":{"title":"Pol\u00edtica de Privacitat | Sparta Sport Center Alcoi Gabriel Mir\u00f3","description":"Consulta la pol\u00edtica de privacitat de Sparta Sport Center Alcoi Gabriel Mir\u00f3. Tota la informaci\u00f3 sobre privacitat en la nostra web a un sol clic.","robots":{"index":"index","follow":"follow","max-snippet":"max-snippet:-1","max-image-preview":"max-image-preview:large","max-video-preview":"max-video-preview:-1"},"canonical":"https:\/\/spartasportcenter.com\/alcoi-gabriel-miro\/ca\/politica-privacitat-sparta\/","og_locale":"ca_ES","og_type":"article","og_title":"Pol\u00edtica de Privacitat | Sparta Sport Center Alcoi Gabriel Mir\u00f3","og_description":"Consulta la pol\u00edtica de privacitat de Sparta Sport Center Alcoi Gabriel Mir\u00f3. Tota la informaci\u00f3 sobre privacitat en la nostra web a un sol clic.","og_url":"https:\/\/spartasportcenter.com\/alcoi-gabriel-miro\/ca\/politica-privacitat-sparta\/","og_site_name":"Sparta Sport Center Alcoi \u2013 Gabriel Mir\u00f3","article_modified_time":"2025-07-22T06:23:02+00:00","og_image":[{"width":2000,"height":1333,"url":"https:\/\/spartasportcenter.com\/alcoi-gabriel-miro\/wp-content\/uploads\/2025\/06\/material-deportivo-de-colores.jpg","type":"image\/jpeg"}],"twitter_card":"summary_large_image","twitter_misc":{"Temps estimat de lectura":"9 minuts"},"schema":{"@context":"https:\/\/schema.org","@graph":[{"@type":"WebPage","@id":"https:\/\/spartasportcenter.com\/alcoi-gabriel-miro\/ca\/politica-privacitat-sparta\/","url":"https:\/\/spartasportcenter.com\/alcoi-gabriel-miro\/ca\/politica-privacitat-sparta\/","name":"Pol\u00edtica de Privacitat | Sparta Sport Center Alcoi Gabriel Mir\u00f3","isPartOf":{"@id":"https:\/\/spartasportcenter.com\/alcoi-gabriel-miro\/ca\/#website"},"primaryImageOfPage":{"@id":"https:\/\/spartasportcenter.com\/alcoi-gabriel-miro\/ca\/politica-privacitat-sparta\/#primaryimage"},"image":{"@id":"https:\/\/spartasportcenter.com\/alcoi-gabriel-miro\/ca\/politica-privacitat-sparta\/#primaryimage"},"thumbnailUrl":"https:\/\/spartasportcenter.com\/alcoi-gabriel-miro\/wp-content\/uploads\/2025\/06\/material-deportivo-de-colores.jpg","datePublished":"2018-08-21T16:05:21+00:00","dateModified":"2025-07-22T06:23:02+00:00","description":"Consulta la pol\u00edtica de privacitat de Sparta Sport Center Alcoi Gabriel Mir\u00f3. Tota la informaci\u00f3 sobre privacitat en la nostra web a un sol clic.","breadcrumb":{"@id":"https:\/\/spartasportcenter.com\/alcoi-gabriel-miro\/ca\/politica-privacitat-sparta\/#breadcrumb"},"inLanguage":"ca","potentialAction":[{"@type":"ReadAction","target":["https:\/\/spartasportcenter.com\/alcoi-gabriel-miro\/ca\/politica-privacitat-sparta\/"]}]},{"@type":"ImageObject","inLanguage":"ca","@id":"https:\/\/spartasportcenter.com\/alcoi-gabriel-miro\/ca\/politica-privacitat-sparta\/#primaryimage","url":"https:\/\/spartasportcenter.com\/alcoi-gabriel-miro\/wp-content\/uploads\/2025\/06\/material-deportivo-de-colores.jpg","contentUrl":"https:\/\/spartasportcenter.com\/alcoi-gabriel-miro\/wp-content\/uploads\/2025\/06\/material-deportivo-de-colores.jpg","width":2000,"height":1333,"caption":"material deportivo de colores"},{"@type":"BreadcrumbList","@id":"https:\/\/spartasportcenter.com\/alcoi-gabriel-miro\/ca\/politica-privacitat-sparta\/#breadcrumb","itemListElement":[{"@type":"ListItem","position":1,"name":"Portada","item":"https:\/\/spartasportcenter.com\/alcoi-gabriel-miro\/ca\/"},{"@type":"ListItem","position":2,"name":"Pol\u00edtica de Privacitat Alcoi Gabriel Mir\u00f3"}]},{"@type":"WebSite","@id":"https:\/\/spartasportcenter.com\/alcoi-gabriel-miro\/ca\/#website","url":"https:\/\/spartasportcenter.com\/alcoi-gabriel-miro\/ca\/","name":"Sparta Sport Center Alcoi \u2013 Gabriel Mir\u00f3","description":"Gimnasios en Cuenca","potentialAction":[{"@type":"SearchAction","target":{"@type":"EntryPoint","urlTemplate":"https:\/\/spartasportcenter.com\/alcoi-gabriel-miro\/ca\/?s={search_term_string}"},"query-input":{"@type":"PropertyValueSpecification","valueRequired":true,"valueName":"search_term_string"}}],"inLanguage":"ca"}]}},"_links":{"self":[{"href":"https:\/\/spartasportcenter.com\/alcoi-gabriel-miro\/ca\/wp-json\/wp\/v2\/pages\/221173","targetHints":{"allow":["GET"]}}],"collection":[{"href":"https:\/\/spartasportcenter.com\/alcoi-gabriel-miro\/ca\/wp-json\/wp\/v2\/pages"}],"about":[{"href":"https:\/\/spartasportcenter.com\/alcoi-gabriel-miro\/ca\/wp-json\/wp\/v2\/types\/page"}],"author":[{"embeddable":true,"href":"https:\/\/spartasportcenter.com\/alcoi-gabriel-miro\/ca\/wp-json\/wp\/v2\/users\/1"}],"replies":[{"embeddable":true,"href":"https:\/\/spartasportcenter.com\/alcoi-gabriel-miro\/ca\/wp-json\/wp\/v2\/comments?post=221173"}],"version-history":[{"count":2,"href":"https:\/\/spartasportcenter.com\/alcoi-gabriel-miro\/ca\/wp-json\/wp\/v2\/pages\/221173\/revisions"}],"predecessor-version":[{"id":221180,"href":"https:\/\/spartasportcenter.com\/alcoi-gabriel-miro\/ca\/wp-json\/wp\/v2\/pages\/221173\/revisions\/221180"}],"wp:featuredmedia":[{"embeddable":true,"href":"https:\/\/spartasportcenter.com\/alcoi-gabriel-miro\/ca\/wp-json\/wp\/v2\/media\/221114"}],"wp:attachment":[{"href":"https:\/\/spartasportcenter.com\/alcoi-gabriel-miro\/ca\/wp-json\/wp\/v2\/media?parent=221173"}],"curies":[{"name":"wp","href":"https:\/\/api.w.org\/{rel}","templated":true}]}}