{"id":221169,"date":"2018-08-21T18:04:26","date_gmt":"2018-08-21T16:04:26","guid":{"rendered":"https:\/\/spartasportcenter.com\/alcoi-gabriel-miro\/aviso-legal-alcoi-gabriel-miro\/"},"modified":"2025-07-22T08:18:42","modified_gmt":"2025-07-22T06:18:42","slug":"avis-legal-sparta","status":"publish","type":"page","link":"https:\/\/spartasportcenter.com\/alcoi-gabriel-miro\/ca\/avis-legal-sparta\/","title":{"rendered":"Av\u00eds Legal Alcoi Gabriel Mir\u00f3"},"content":{"rendered":"\n<h2 class=\"wp-block-heading\"><strong>TITULAR DE LA WEB<\/strong><\/h2>\n\n\n\n<p>En compliment amb el deure d&#8217;informaci\u00f3 arreplegat en article 10 de la Llei 34\/2002, d&#8217;11 de juliol, de serveis de la Societat de la Informaci\u00f3 i del Comer\u00e7 Electr\u00f2nic, a continuaci\u00f3 es reflectixen les seg\u00fcents dades:<\/p>\n\n\n\n<p>Empresa titular d&#8217;esta web: ALCOI CALLE GABRIEL MIR\u00d3 SPORT SOLUTIONS, SL.<\/p>\n\n\n\n<p>C.I.F.: B71527881<\/p>\n\n\n\n<p>Domicili: C\/ ARROBIA 3, LOCAL 8, CP 31180, ZIZUR MAYOR (NAVARRA)<\/p>\n\n\n\n<p>Inscrit en el Registre Mercantil de Navarra, fulla NA-00044050, IRUS 1000445518771, data 26\/03\/2025<\/p>\n\n\n\n<p>Tel\u00e8fon: 627083173<\/p>\n\n\n\n<p>Correu electr\u00f2nic: alcoigabrielmiro@spartasportcenter.com<\/p>\n\n\n\n<h2 class=\"wp-block-heading\"><strong>OBJECTE<\/strong><\/h2>\n\n\n\n<p>El Responsable posa a la disposici\u00f3 dels usuaris el present document amb el qual pret\u00e9n donar compliment del que es disposa per la Llei 34\/2002, d&#8217;11 de juliol, de Serveis de la Societat de la Informaci\u00f3 i del Comer\u00e7 Electr\u00f2nic i les normatives vigents en mat\u00e8ria de Protecci\u00f3 de dades, aix\u00ed com informar a tots els usuaris del lloc web respecte a quins s\u00f3n les condicions d&#8217;\u00fas d&#8217;este.<\/p>\n\n\n\n<p>Tota persona que accedisca a este lloc web assumix el paper d&#8217;usuari, comprometent-se a l&#8217;observan\u00e7a i compliment rigor\u00f3s de les disposicions ac\u00ed disposades, aix\u00ed com a qualsevol altra disposici\u00f3 legal que fora aplicable.<\/p>\n\n\n\n<p>El Responsable es reserva el dret a modificar qualsevol tipus d&#8217;informaci\u00f3 que poguera apar\u00e9ixer en el lloc web, sense que existisca obligaci\u00f3 de preavisar o posar en coneixement dels usuaris estes obligacions, entenent-se com a suficient amb la publicaci\u00f3 en el lloc web del Responsable.<\/p>\n\n\n\n<h2 class=\"wp-block-heading\"><strong>RESPONSABILITAT<\/strong><\/h2>\n\n\n\n<p>El Responsable s&#8217;eximix de qualsevol tipus de responsabilitat derivada de la informaci\u00f3 publicada en el seu lloc web, sempre que esta informaci\u00f3 hi haa sigut manipulada o introdu\u00efda per un tercer ali\u00e9 a este.<\/p>\n\n\n\n<h2 class=\"wp-block-heading\"><strong>ADRECES IP<\/strong><\/h2>\n\n\n\n<p>Els servidors del lloc web podran detectar de manera autom\u00e1tica l&#8217;adre\u00e7a IP i el nom de domini utilitzats per l&#8217;usuari.<\/p>\n\n\n\n<p>Una adre\u00e7a IP \u00e9s un n\u00famero assignat autom\u00e1ticament a un ordinador quan este es connecta a Internet. Tota esta informaci\u00f3 \u00e9s registrada en un fitxer d&#8217;activitat del servidor, que permet el posterior processament de les dades amb la finalitat d&#8217;obtindre mesuraments \u00fanicament estad\u00edstics que permeten con\u00e9ixer el nom d&#8217;impressions de p\u00e0gines, el nombre de visites realitzades als servidors web, l&#8217;orde de vaig veuresituades, el punt d&#8217;acc\u00e9s, etc.<\/p>\n\n\n\n<h2 class=\"wp-block-heading\"><strong>POLITICA D&#8217;ENLLA\u00c7OS<\/strong><\/h2>\n\n\n\n<p>Des del present lloc web \u00e9s possible que es redirigisca a cotinguts de tercers llocs web. At\u00e9s que El Responsable no pot controlar sempre els continguts introduits pels tercers en els seus llocs web, este no assumix cap mena de responsabilitat respecte als continguts. En tot cas , El Responsable manifesta que procedir\u00e0 a la retirada inmediata de qualsevol contingut que poguera contravindre la legislaci\u00f3 nacional o internacional, la moral o l&#8217;orde p\u00fablic, procedint a la retirada immediata de la redirecci\u00f3 a este lloc web, posant en coneixement de les autoritats competents el contingut en q\u00fcesti\u00f3.<\/p>\n\n\n\n<p>El Responsable no es fa responsable de la informaci\u00f3 i continguts emmagatzemats, a t\u00edtol enunciatiu per\u00f2 no limitatiu, en f\u00f2rums, xats, generador\u00e9s de blogs, comentaris, xarxes socials o qualsevol altre mitj\u00e0 que permeta a tercerus publicar continguts de manera independent en la p\u00e0gina web del Responsable. No obstant aix\u00f2 i en compliment del que es disposa en l&#8217;art. 11 i 16 de la LSSICE, El Responsable es posa a disposici\u00f3 de tots els usuaris, autoritats i forces de seguretat, col\u00b7laborant de manera activa en la retirada o si \u00e9s el cas bloqueig de tots aquells continguts que pogueren afectar o contravindre la legislaci\u00f3 nacional, o internacional, drets de tercers o la moral i l&#8217;orden p\u00fablic. En cas que l&#8217;usuari considere que existix en el lloc web algun contingut que poguera ser susceptible d&#8217;esta classificaci\u00f3, es prega el notifique de manera immediata a l&#8217;administrador del lloc web.<\/p>\n\n\n\n<p>Este lloc web ha sigut revisat i provat perqu\u00e8 funcione correctament. En principi, pot garantir-se el correcte funcionament els 365 dies de l&#8217;any, 24 hores al dia. No obstant aix\u00f2 , El Responsable no descarta la possibilitat que existisquen uns certs errors de programaci\u00f3, o que esdevinguen causes de for\u00e7a major, cat\u00e1strofes naturals, vagues, o circumst\u00e0ncies semblants que facen impossible l&#8217;acc\u00e9s a la p\u00e0gina web.<\/p>\n\n\n\n<h2 class=\"wp-block-heading\"><strong>PROTECCI\u00d3 DE DADES<\/strong><\/h2>\n\n\n\n<p>El Responsable es troba profundament comprom\u00e9s en el compliment del que es disposa per la normativa vigent en mat\u00e8ria de protecci\u00f3 de dades, i en el context del nou marc normatiu establit en virtut del que es disposa en el Reglament (UE) 2016\/679 del Parlament Europeu i del Consell, de 27 d&#8217;abril de 2016, relatiu a la protecci\u00f3 de les persones f\u00edsiques pel que fa al tractament de dades personals i a la lliure circulaci\u00f3 d&#8217;estes dades (d&#8217;ara en avant, el \u201cRGPD\u201d), i la normativa Llei org\u00e0nica 3\/2018, de 5 de desembre, de Protecci\u00f3 de Dades Personals i garantia dels drets digitals (d&#8217;ara en avant, el \u201cLOPDGDD\u201d).<\/p>\n\n\n\n<p>Aix\u00ed mateix, El Responsable informa que dona compliment a la Llei 34\/2002 d&#8217;11 de juliol, de serveis de la Societat de la Informaci\u00f3 i el Comer\u00e7 Electr\u00f2nic i li sol\u00b7licitar\u00e0 el seu consentiment al tractament de les seues dades amb finalitats comercials a cada moment.<\/p>\n\n\n\n<h2 class=\"wp-block-heading\"><strong>PROPIETAT INTEL\u00b7LECTUAL I INDUSTRIAL<\/strong><\/h2>\n\n\n\n<p>El lloc web, incloent-hi t\u00edtol enunciatiu per\u00f2 no limitatiu la seua programaci\u00f3, edici\u00f3, compilaci\u00f3 i altres elements necessaris per al seu funcionament, els dissenys, logotips, text i\/o gr\u00e0fics s\u00f3n propietat del Responsable o si \u00e9s el cas disposa de llic\u00e8ncia o autoritzaci\u00f3 expressa per part dels autors.<\/p>\n\n\n\n<p>Tots els continguts del lloc web es troben degudament protegits per la normativa de propietat intel\u00b7lectual i industrial.<\/p>\n\n\n\n<p>Independentment de la finalitat per a la qual foren destinats, la reproducci\u00f3 total o parcial, \u00fas, explotaci\u00f3, distribuci\u00f3 i comercialitzaci\u00f3, requerix en tot cas de l&#8217;autoritzaci\u00f3 escrita pr\u00e8via per part del Responsable. Cualquier us no autoritzat pr\u00e8viament per part del Responsable ser\u00e0 considerat un incompliment greu dels drets de propietat intel\u00b7lectual o industrial de l&#8217;autor.<\/p>\n\n\n\n<p>Els dissenys, logotips, text i\/o gr\u00e0fics aliens al prestador i que pogueren apar\u00e9ixer en el lloc web , pertanyen als seus respectius propietaris, sent ells mateixos responsables de qualsevol possible controv\u00e8rsia que poguera suscitar-se respecte als els mateixos. En tot cas, El Responsable compta amb l&#8217;autoritzaci\u00f3 expressa i pr\u00e8via per part d&#8217;estos .<\/p>\n\n\n\n<p>El Responsable autoritza expressament al fet que tercers puguen redirigir directament als continguts concrets del lloc web, devent en tot cas redirigir a la p\u00e0gina principal del lloc web del Responsable.<\/p>\n\n\n\n<p>El Responsable reconeix a favor dels seus titulars els corresponents drets de propietat intel\u00b7lectual i industrial, no implicant la seua sola menci\u00f3 o aparici\u00f3 en el lloc web l&#8217;exist\u00e8ncia de drets o responsabilitat alguna del Responsable sobre estos, com tampoc suport, patrocini o recomanaci\u00f3 per part seua.<\/p>\n\n\n\n<p>Per a totes aquelles imatges en les quals el programari de disseny ho permet, s&#8217;han incl\u00f2s les refer\u00e8ncies corresponents a l&#8217;autoria i llic\u00e8ncia corresponent.<\/p>\n\n\n\n<p>Per a realitzar qualsevol tipus d&#8217;observaci\u00f3 respecte a possibles incompliments dels drets de propietat intel\u00b7lectual o industrial, aix\u00ed com sobre qualquier dels continguts del lloc web, pot fer-lo per escrit o correu electr\u00f2nic indicat en l&#8217;encap\u00e7alament.<\/p>\n\n\n\n<h2 class=\"wp-block-heading\"><strong>SSL<\/strong><\/h2>\n\n\n\n<p>El Responsable ha contractat per al seu lloc web un certificat SSL (&#8220;Secure Sockets Layer&#8221;).<\/p>\n\n\n\n<p>Un certificat SSL permet protegir tota la informaci\u00f3 personal i confidencial que es puga manejar en un lloc web, independentment de la informaci\u00f3 que s&#8217;estiga transmetent, com per exemple, des de qualsevol dels formularis de contacte del lloc web fins al servidor, o les dades introdu\u00efdes per a la subscripci\u00f3 de butlletins de not\u00edcies o accessos a les \u00e0rees protegides, etc.<\/p>\n\n\n\n<p>L&#8217;adre\u00e7a del lloc web apareixer\u00e0 en color verd, activanse el protocol \u201chttps\u201d que permet connexions segures des d&#8217;un servidor web al navegador de l&#8217;usuari.<\/p>\n","protected":false},"excerpt":{"rendered":"<p>.<\/p>\n","protected":false},"author":1,"featured_media":221114,"parent":0,"menu_order":0,"comment_status":"closed","ping_status":"closed","template":"","meta":{"_et_pb_use_builder":"off","_et_pb_old_content":"","_et_gb_content_width":"","footnotes":""},"class_list":["post-221169","page","type-page","status-publish","has-post-thumbnail","hentry"],"yoast_head":"<!-- This site is optimized with the Yoast SEO plugin v27.4 - https:\/\/yoast.com\/product\/yoast-seo-wordpress\/ -->\n<title>Av\u00eds Legal | Sparta Sport Center Alcoi Gabriel Mir\u00f3<\/title>\n<meta name=\"description\" content=\"Consulta els termes legals de Sparta Sport Center a Alcoi Gabriel Mir\u00f3. Coneix les condicions d&#039;\u00fas i responsabilitat del nostre lloc web.\" \/>\n<meta name=\"robots\" content=\"index, follow, max-snippet:-1, max-image-preview:large, max-video-preview:-1\" \/>\n<link rel=\"canonical\" href=\"https:\/\/spartasportcenter.com\/alcoi-gabriel-miro\/ca\/avis-legal-sparta\/\" \/>\n<meta property=\"og:locale\" content=\"ca_ES\" \/>\n<meta property=\"og:type\" content=\"article\" \/>\n<meta property=\"og:title\" content=\"Av\u00eds Legal | Sparta Sport Center Alcoi Gabriel Mir\u00f3\" \/>\n<meta property=\"og:description\" content=\"Consulta els termes legals de Sparta Sport Center a Alcoi Gabriel Mir\u00f3. Coneix les condicions d&#039;\u00fas i responsabilitat del nostre lloc web.\" \/>\n<meta property=\"og:url\" content=\"https:\/\/spartasportcenter.com\/alcoi-gabriel-miro\/ca\/avis-legal-sparta\/\" \/>\n<meta property=\"og:site_name\" content=\"Sparta Sport Center Alcoi \u2013 Gabriel Mir\u00f3\" \/>\n<meta property=\"article:modified_time\" content=\"2025-07-22T06:18:42+00:00\" \/>\n<meta property=\"og:image\" content=\"https:\/\/spartasportcenter.com\/alcoi-gabriel-miro\/wp-content\/uploads\/2025\/06\/material-deportivo-de-colores.jpg\" \/>\n\t<meta property=\"og:image:width\" content=\"2000\" \/>\n\t<meta property=\"og:image:height\" content=\"1333\" \/>\n\t<meta property=\"og:image:type\" content=\"image\/jpeg\" \/>\n<meta name=\"twitter:card\" content=\"summary_large_image\" \/>\n<meta name=\"twitter:label1\" content=\"Temps estimat de lectura\" \/>\n\t<meta name=\"twitter:data1\" content=\"6 minuts\" \/>\n<script type=\"application\/ld+json\" class=\"yoast-schema-graph\">{\"@context\":\"https:\\\/\\\/schema.org\",\"@graph\":[{\"@type\":\"WebPage\",\"@id\":\"https:\\\/\\\/spartasportcenter.com\\\/alcoi-gabriel-miro\\\/ca\\\/avis-legal-sparta\\\/\",\"url\":\"https:\\\/\\\/spartasportcenter.com\\\/alcoi-gabriel-miro\\\/ca\\\/avis-legal-sparta\\\/\",\"name\":\"Av\u00eds Legal | Sparta Sport Center Alcoi Gabriel Mir\u00f3\",\"isPartOf\":{\"@id\":\"https:\\\/\\\/spartasportcenter.com\\\/alcoi-gabriel-miro\\\/ca\\\/#website\"},\"primaryImageOfPage\":{\"@id\":\"https:\\\/\\\/spartasportcenter.com\\\/alcoi-gabriel-miro\\\/ca\\\/avis-legal-sparta\\\/#primaryimage\"},\"image\":{\"@id\":\"https:\\\/\\\/spartasportcenter.com\\\/alcoi-gabriel-miro\\\/ca\\\/avis-legal-sparta\\\/#primaryimage\"},\"thumbnailUrl\":\"https:\\\/\\\/spartasportcenter.com\\\/alcoi-gabriel-miro\\\/wp-content\\\/uploads\\\/2025\\\/06\\\/material-deportivo-de-colores.jpg\",\"datePublished\":\"2018-08-21T16:04:26+00:00\",\"dateModified\":\"2025-07-22T06:18:42+00:00\",\"description\":\"Consulta els termes legals de Sparta Sport Center a Alcoi Gabriel Mir\u00f3. Coneix les condicions d'\u00fas i responsabilitat del nostre lloc web.\",\"breadcrumb\":{\"@id\":\"https:\\\/\\\/spartasportcenter.com\\\/alcoi-gabriel-miro\\\/ca\\\/avis-legal-sparta\\\/#breadcrumb\"},\"inLanguage\":\"ca\",\"potentialAction\":[{\"@type\":\"ReadAction\",\"target\":[\"https:\\\/\\\/spartasportcenter.com\\\/alcoi-gabriel-miro\\\/ca\\\/avis-legal-sparta\\\/\"]}]},{\"@type\":\"ImageObject\",\"inLanguage\":\"ca\",\"@id\":\"https:\\\/\\\/spartasportcenter.com\\\/alcoi-gabriel-miro\\\/ca\\\/avis-legal-sparta\\\/#primaryimage\",\"url\":\"https:\\\/\\\/spartasportcenter.com\\\/alcoi-gabriel-miro\\\/wp-content\\\/uploads\\\/2025\\\/06\\\/material-deportivo-de-colores.jpg\",\"contentUrl\":\"https:\\\/\\\/spartasportcenter.com\\\/alcoi-gabriel-miro\\\/wp-content\\\/uploads\\\/2025\\\/06\\\/material-deportivo-de-colores.jpg\",\"width\":2000,\"height\":1333,\"caption\":\"material deportivo de colores\"},{\"@type\":\"BreadcrumbList\",\"@id\":\"https:\\\/\\\/spartasportcenter.com\\\/alcoi-gabriel-miro\\\/ca\\\/avis-legal-sparta\\\/#breadcrumb\",\"itemListElement\":[{\"@type\":\"ListItem\",\"position\":1,\"name\":\"Portada\",\"item\":\"https:\\\/\\\/spartasportcenter.com\\\/alcoi-gabriel-miro\\\/ca\\\/\"},{\"@type\":\"ListItem\",\"position\":2,\"name\":\"Av\u00eds Legal Alcoi Gabriel Mir\u00f3\"}]},{\"@type\":\"WebSite\",\"@id\":\"https:\\\/\\\/spartasportcenter.com\\\/alcoi-gabriel-miro\\\/ca\\\/#website\",\"url\":\"https:\\\/\\\/spartasportcenter.com\\\/alcoi-gabriel-miro\\\/ca\\\/\",\"name\":\"Sparta Sport Center Alcoi \u2013 Gabriel Mir\u00f3\",\"description\":\"Gimnasios en Cuenca\",\"potentialAction\":[{\"@type\":\"SearchAction\",\"target\":{\"@type\":\"EntryPoint\",\"urlTemplate\":\"https:\\\/\\\/spartasportcenter.com\\\/alcoi-gabriel-miro\\\/ca\\\/?s={search_term_string}\"},\"query-input\":{\"@type\":\"PropertyValueSpecification\",\"valueRequired\":true,\"valueName\":\"search_term_string\"}}],\"inLanguage\":\"ca\"}]}<\/script>\n<!-- \/ Yoast SEO plugin. -->","yoast_head_json":{"title":"Av\u00eds Legal | Sparta Sport Center Alcoi Gabriel Mir\u00f3","description":"Consulta els termes legals de Sparta Sport Center a Alcoi Gabriel Mir\u00f3. Coneix les condicions d'\u00fas i responsabilitat del nostre lloc web.","robots":{"index":"index","follow":"follow","max-snippet":"max-snippet:-1","max-image-preview":"max-image-preview:large","max-video-preview":"max-video-preview:-1"},"canonical":"https:\/\/spartasportcenter.com\/alcoi-gabriel-miro\/ca\/avis-legal-sparta\/","og_locale":"ca_ES","og_type":"article","og_title":"Av\u00eds Legal | Sparta Sport Center Alcoi Gabriel Mir\u00f3","og_description":"Consulta els termes legals de Sparta Sport Center a Alcoi Gabriel Mir\u00f3. Coneix les condicions d'\u00fas i responsabilitat del nostre lloc web.","og_url":"https:\/\/spartasportcenter.com\/alcoi-gabriel-miro\/ca\/avis-legal-sparta\/","og_site_name":"Sparta Sport Center Alcoi \u2013 Gabriel Mir\u00f3","article_modified_time":"2025-07-22T06:18:42+00:00","og_image":[{"width":2000,"height":1333,"url":"https:\/\/spartasportcenter.com\/alcoi-gabriel-miro\/wp-content\/uploads\/2025\/06\/material-deportivo-de-colores.jpg","type":"image\/jpeg"}],"twitter_card":"summary_large_image","twitter_misc":{"Temps estimat de lectura":"6 minuts"},"schema":{"@context":"https:\/\/schema.org","@graph":[{"@type":"WebPage","@id":"https:\/\/spartasportcenter.com\/alcoi-gabriel-miro\/ca\/avis-legal-sparta\/","url":"https:\/\/spartasportcenter.com\/alcoi-gabriel-miro\/ca\/avis-legal-sparta\/","name":"Av\u00eds Legal | Sparta Sport Center Alcoi Gabriel Mir\u00f3","isPartOf":{"@id":"https:\/\/spartasportcenter.com\/alcoi-gabriel-miro\/ca\/#website"},"primaryImageOfPage":{"@id":"https:\/\/spartasportcenter.com\/alcoi-gabriel-miro\/ca\/avis-legal-sparta\/#primaryimage"},"image":{"@id":"https:\/\/spartasportcenter.com\/alcoi-gabriel-miro\/ca\/avis-legal-sparta\/#primaryimage"},"thumbnailUrl":"https:\/\/spartasportcenter.com\/alcoi-gabriel-miro\/wp-content\/uploads\/2025\/06\/material-deportivo-de-colores.jpg","datePublished":"2018-08-21T16:04:26+00:00","dateModified":"2025-07-22T06:18:42+00:00","description":"Consulta els termes legals de Sparta Sport Center a Alcoi Gabriel Mir\u00f3. Coneix les condicions d'\u00fas i responsabilitat del nostre lloc web.","breadcrumb":{"@id":"https:\/\/spartasportcenter.com\/alcoi-gabriel-miro\/ca\/avis-legal-sparta\/#breadcrumb"},"inLanguage":"ca","potentialAction":[{"@type":"ReadAction","target":["https:\/\/spartasportcenter.com\/alcoi-gabriel-miro\/ca\/avis-legal-sparta\/"]}]},{"@type":"ImageObject","inLanguage":"ca","@id":"https:\/\/spartasportcenter.com\/alcoi-gabriel-miro\/ca\/avis-legal-sparta\/#primaryimage","url":"https:\/\/spartasportcenter.com\/alcoi-gabriel-miro\/wp-content\/uploads\/2025\/06\/material-deportivo-de-colores.jpg","contentUrl":"https:\/\/spartasportcenter.com\/alcoi-gabriel-miro\/wp-content\/uploads\/2025\/06\/material-deportivo-de-colores.jpg","width":2000,"height":1333,"caption":"material deportivo de colores"},{"@type":"BreadcrumbList","@id":"https:\/\/spartasportcenter.com\/alcoi-gabriel-miro\/ca\/avis-legal-sparta\/#breadcrumb","itemListElement":[{"@type":"ListItem","position":1,"name":"Portada","item":"https:\/\/spartasportcenter.com\/alcoi-gabriel-miro\/ca\/"},{"@type":"ListItem","position":2,"name":"Av\u00eds Legal Alcoi Gabriel Mir\u00f3"}]},{"@type":"WebSite","@id":"https:\/\/spartasportcenter.com\/alcoi-gabriel-miro\/ca\/#website","url":"https:\/\/spartasportcenter.com\/alcoi-gabriel-miro\/ca\/","name":"Sparta Sport Center Alcoi \u2013 Gabriel Mir\u00f3","description":"Gimnasios en Cuenca","potentialAction":[{"@type":"SearchAction","target":{"@type":"EntryPoint","urlTemplate":"https:\/\/spartasportcenter.com\/alcoi-gabriel-miro\/ca\/?s={search_term_string}"},"query-input":{"@type":"PropertyValueSpecification","valueRequired":true,"valueName":"search_term_string"}}],"inLanguage":"ca"}]}},"_links":{"self":[{"href":"https:\/\/spartasportcenter.com\/alcoi-gabriel-miro\/ca\/wp-json\/wp\/v2\/pages\/221169","targetHints":{"allow":["GET"]}}],"collection":[{"href":"https:\/\/spartasportcenter.com\/alcoi-gabriel-miro\/ca\/wp-json\/wp\/v2\/pages"}],"about":[{"href":"https:\/\/spartasportcenter.com\/alcoi-gabriel-miro\/ca\/wp-json\/wp\/v2\/types\/page"}],"author":[{"embeddable":true,"href":"https:\/\/spartasportcenter.com\/alcoi-gabriel-miro\/ca\/wp-json\/wp\/v2\/users\/1"}],"replies":[{"embeddable":true,"href":"https:\/\/spartasportcenter.com\/alcoi-gabriel-miro\/ca\/wp-json\/wp\/v2\/comments?post=221169"}],"version-history":[{"count":4,"href":"https:\/\/spartasportcenter.com\/alcoi-gabriel-miro\/ca\/wp-json\/wp\/v2\/pages\/221169\/revisions"}],"predecessor-version":[{"id":221178,"href":"https:\/\/spartasportcenter.com\/alcoi-gabriel-miro\/ca\/wp-json\/wp\/v2\/pages\/221169\/revisions\/221178"}],"wp:featuredmedia":[{"embeddable":true,"href":"https:\/\/spartasportcenter.com\/alcoi-gabriel-miro\/ca\/wp-json\/wp\/v2\/media\/221114"}],"wp:attachment":[{"href":"https:\/\/spartasportcenter.com\/alcoi-gabriel-miro\/ca\/wp-json\/wp\/v2\/media?parent=221169"}],"curies":[{"name":"wp","href":"https:\/\/api.w.org\/{rel}","templated":true}]}}