{"id":220917,"date":"2018-08-20T15:40:03","date_gmt":"2018-08-20T13:40:03","guid":{"rendered":"https:\/\/spartasportcenter.com\/alcoi-gabriel-miro\/spinning-alcoi-gabriel-miro\/"},"modified":"2025-06-27T13:16:38","modified_gmt":"2025-06-27T11:16:38","slug":"spinning","status":"publish","type":"page","link":"https:\/\/spartasportcenter.com\/alcoi-gabriel-miro\/ca\/spinning\/","title":{"rendered":"Spinning Alcoi Gabriel Mir\u00f3"},"content":{"rendered":"<p>[et_pb_section fb_built=&#8221;1&#8243; custom_padding_last_edited=&#8221;on|phone&#8221; disabled_on=&#8221;off|off|off&#8221; _builder_version=&#8221;4.16&#8243; background_color=&#8221;#262626&#8243; background_enable_image=&#8221;off&#8221; custom_margin=&#8221;||||false|false&#8221; custom_padding=&#8221;80px|0px|0px|0px|false|false&#8221; custom_padding_tablet=&#8221;&#8221; custom_padding_phone=&#8221;30px||50px||false|false&#8221; global_colors_info=&#8221;{}&#8221;][et_pb_row column_structure=&#8221;1_3,2_3&#8243; custom_padding_last_edited=&#8221;on|desktop&#8221; _builder_version=&#8221;4.16&#8243; _module_preset=&#8221;default&#8221; custom_padding=&#8221;0px||||false|false&#8221; custom_padding_tablet=&#8221;&#8221; custom_padding_phone=&#8221;0px||||false|false&#8221; global_colors_info=&#8221;{}&#8221;][et_pb_column type=&#8221;1_3&#8243; _builder_version=&#8221;4.16&#8243; _module_preset=&#8221;default&#8221; global_colors_info=&#8221;{}&#8221;][et_pb_text _builder_version=&#8221;4.27.4&#8243; text_font=&#8221;||||||||&#8221; header_font=&#8221;||||||||&#8221; header_text_align=&#8221;center&#8221; header_2_font=&#8221;|300||on|||||&#8221; header_2_text_align=&#8221;right&#8221; header_2_font_size=&#8221;29px&#8221; custom_margin=&#8221;||0px||false|false&#8221; custom_padding=&#8221;|15%|0px||false|false&#8221; hover_enabled=&#8221;0&#8243; header_2_text_align_tablet=&#8221;&#8221; header_2_text_align_phone=&#8221;left&#8221; header_2_text_align_last_edited=&#8221;on|phone&#8221; header_2_font_size_tablet=&#8221;51px&#8221; header_2_font_size_phone=&#8221;25px&#8221; header_2_font_size_last_edited=&#8221;on|phone&#8221; border_width_right=&#8221;2px&#8221; border_color_right=&#8221;#cccccc&#8221; border_width_right_tablet=&#8221;&#8221; border_width_right_phone=&#8221;0px&#8221; border_width_right_last_edited=&#8221;on|phone&#8221; locked=&#8221;off&#8221; global_colors_info=&#8221;{}&#8221; sticky_enabled=&#8221;0&#8243;]<\/p>\n<h2>Classes de spinning Alcoi Gabriel Mir\u00f3<\/h2>\n<p>[\/et_pb_text][\/et_pb_column][et_pb_column type=&#8221;2_3&#8243; _builder_version=&#8221;4.16&#8243; _module_preset=&#8221;default&#8221; global_colors_info=&#8221;{}&#8221;][et_pb_text _builder_version=&#8221;4.27.4&#8243; text_font=&#8221;|300|||||||&#8221; text_text_color=&#8221;#cccccc&#8221; text_line_height=&#8221;1.1em&#8221; header_font=&#8221;|300|||||||&#8221; header_2_font=&#8221;|300||on|||||&#8221; header_2_text_color=&#8221;#cccccc&#8221; header_2_font_size=&#8221;36px&#8221; header_2_letter_spacing=&#8221;2px&#8221; background_layout=&#8221;dark&#8221; global_colors_info=&#8221;{}&#8221;]<\/p>\n<p><span style=\"font-weight: 400;\">En Sparta Sport Center Alcoi Gabriel Mir\u00f3, vivim el spinning com alguna cosa m\u00e9s que un simple entrenament: ho convertim en una<\/span> <b>experi\u00e8ncia que combina energia, ritme i superaci\u00f3 personal<\/b><span style=\"font-weight: 400;\">. Esta disciplina cardiovascular, que reprodu\u00efx recorreguts de ciclisme sobre bicicletes est\u00e0tiques, \u00e9s una de les nostres activitats estrela per la seua intensitat i dinamisme.<\/span><\/p>\n<p>[\/et_pb_text][et_pb_button button_text=&#8221;+&#8221; button_alignment=&#8221;center&#8221; module_class=&#8221;rv_button closed&#8221; _builder_version=&#8221;4.16&#8243; custom_button=&#8221;on&#8221; button_text_size=&#8221;39px&#8221; button_text_color=&#8221;#cccccc&#8221; button_border_width=&#8221;0px&#8221; button_border_radius=&#8221;0px&#8221; button_font=&#8221;Oswald|700|||||||&#8221; button_use_icon=&#8221;off&#8221; custom_margin=&#8221;-40px|0px|-10px|0px|false|false&#8221; custom_margin_tablet=&#8221;&#8221; custom_margin_phone=&#8221;&#8221; custom_margin_last_edited=&#8221;on|phone&#8221; custom_padding=&#8221;0px|0px|0px|0px|true|&#8221; button_text_color_hover=&#8221;rgba(224,43,32,0.76)&#8221; button_border_color_hover=&#8221;rgba(0,0,0,0)&#8221; button_border_radius_hover=&#8221;0px&#8221; button_bg_color_hover=&#8221;rgba(0,0,0,0)&#8221; locked=&#8221;off&#8221; global_colors_info=&#8221;{}&#8221; button_text_size__hover_enabled=&#8221;off&#8221; button_one_text_size__hover_enabled=&#8221;off&#8221; button_two_text_size__hover_enabled=&#8221;off&#8221; button_text_color__hover_enabled=&#8221;on|desktop&#8221; button_text_color__hover=&#8221;rgba(255,255,255,0.5)&#8221; button_one_text_color__hover_enabled=&#8221;off&#8221; button_two_text_color__hover_enabled=&#8221;off&#8221; button_border_width__hover_enabled=&#8221;off&#8221; button_one_border_width__hover_enabled=&#8221;off&#8221; button_two_border_width__hover_enabled=&#8221;off&#8221; button_border_color__hover_enabled=&#8221;on&#8221; button_border_color__hover=&#8221;rgba(0,0,0,0)&#8221; button_one_border_color__hover_enabled=&#8221;off&#8221; button_two_border_color__hover_enabled=&#8221;off&#8221; button_border_radius__hover_enabled=&#8221;on&#8221; button_border_radius__hover=&#8221;0px&#8221; button_one_border_radius__hover_enabled=&#8221;off&#8221; button_two_border_radius__hover_enabled=&#8221;off&#8221; button_letter_spacing__hover_enabled=&#8221;off&#8221; button_one_letter_spacing__hover_enabled=&#8221;off&#8221; button_two_letter_spacing__hover_enabled=&#8221;off&#8221; button_bg_color__hover_enabled=&#8221;on&#8221; button_bg_color__hover=&#8221;rgba(255,255,255,0)&#8221; button_one_bg_color__hover_enabled=&#8221;off&#8221; button_two_bg_color__hover_enabled=&#8221;off&#8221;][\/et_pb_button][et_pb_text module_id=&#8221;reveal&#8221; _builder_version=&#8221;4.27.4&#8243; text_font=&#8221;|300|||||||&#8221; text_text_color=&#8221;#cccccc&#8221; text_line_height=&#8221;1.1em&#8221; header_font=&#8221;|300|||||||&#8221; header_2_font=&#8221;|300||on|||||&#8221; header_2_text_color=&#8221;#cccccc&#8221; header_2_font_size=&#8221;36px&#8221; header_2_letter_spacing=&#8221;2px&#8221; background_layout=&#8221;dark&#8221; global_colors_info=&#8221;{}&#8221;]<\/p>\n<p><span style=\"font-weight: 400;\">Durant cada sessi\u00f3, pedalem al ritme de la m\u00fasica, guiats per instructors que ens impulsen a donar el millor de nosaltres mateixos. Ja sigues principiant o tingues experi\u00e8ncia sobre la bici, les nostres classes estan dissenyades per a adaptar-se al teu nivell, permetent-te progressar al teu ritme i amb total seguretat. <\/span><\/p>\n<p><span style=\"font-weight: 400;\">Comptem amb<\/span> <b>bicicletes d&#8217;\u00faltima tecnologia<\/b><span style=\"font-weight: 400;\">, equipades amb sistemes que et permeten seguir el teu esfor\u00e7, freq\u00fc\u00e8ncia card\u00edaca i evoluci\u00f3. Aix\u00ed, cada entrenament es convertix en una oportunitat per a superar-te i avan\u00e7ar cap a les teues metes amb dades reals i motivaci\u00f3 constant. <\/span><\/p>\n<p>[\/et_pb_text][\/et_pb_column][\/et_pb_row][et_pb_row column_structure=&#8221;1_3,2_3&#8243; custom_padding_last_edited=&#8221;on|phone&#8221; _builder_version=&#8221;4.16&#8243; _module_preset=&#8221;default&#8221; custom_margin=&#8221;||0px||false|false&#8221; custom_padding=&#8221;||||false|false&#8221; custom_padding_tablet=&#8221;&#8221; custom_padding_phone=&#8221;0px||0px||false|false&#8221; global_colors_info=&#8221;{}&#8221;][et_pb_column type=&#8221;1_3&#8243; _builder_version=&#8221;4.16&#8243; _module_preset=&#8221;default&#8221; global_colors_info=&#8221;{}&#8221;][et_pb_text _builder_version=&#8221;4.27.4&#8243; text_font=&#8221;||||||||&#8221; header_font=&#8221;||||||||&#8221; header_text_align=&#8221;center&#8221; header_2_font=&#8221;|300||on|||||&#8221; header_2_text_align=&#8221;right&#8221; header_2_font_size=&#8221;29px&#8221; custom_margin=&#8221;||0px||false|false&#8221; custom_padding=&#8221;|15%|0px||false|false&#8221; hover_enabled=&#8221;0&#8243; header_2_text_align_tablet=&#8221;&#8221; header_2_text_align_phone=&#8221;left&#8221; header_2_text_align_last_edited=&#8221;on|phone&#8221; header_2_font_size_tablet=&#8221;51px&#8221; header_2_font_size_phone=&#8221;25px&#8221; header_2_font_size_last_edited=&#8221;on|phone&#8221; border_width_right=&#8221;2px&#8221; border_color_right=&#8221;#cccccc&#8221; border_width_right_tablet=&#8221;&#8221; border_width_right_phone=&#8221;0px&#8221; border_width_right_last_edited=&#8221;on|phone&#8221; locked=&#8221;off&#8221; global_colors_info=&#8221;{}&#8221; sticky_enabled=&#8221;0&#8243;]<\/p>\n<h2>Beneficis del spinning Alcoi Gabriel Mir\u00f3<\/h2>\n<p>[\/et_pb_text][\/et_pb_column][et_pb_column type=&#8221;2_3&#8243; _builder_version=&#8221;4.16&#8243; _module_preset=&#8221;default&#8221; global_colors_info=&#8221;{}&#8221;][et_pb_text _builder_version=&#8221;4.27.4&#8243; text_font=&#8221;|300|||||||&#8221; text_text_color=&#8221;#cccccc&#8221; text_line_height=&#8221;1.1em&#8221; header_font=&#8221;|300|||||||&#8221; header_2_font=&#8221;|300||on|||||&#8221; header_2_text_color=&#8221;#cccccc&#8221; header_2_font_size=&#8221;36px&#8221; header_2_letter_spacing=&#8221;2px&#8221; background_layout=&#8221;dark&#8221; hover_enabled=&#8221;0&#8243; global_colors_info=&#8221;{}&#8221; sticky_enabled=&#8221;0&#8243;]<\/p>\n<p><span style=\"font-weight: 400;\">Practicar spinning amb regularitat t\u00e9 un impacte molt positiu tant en el cos com en la ment. Entre els seus principals beneficis destaquen: <\/span><\/p>\n<ul>\n<li style=\"font-weight: 400;\" aria-level=\"1\"><span style=\"font-weight: 400;\">Tonificaci\u00f3 muscular: Enfortim especialment cames i gl\u00fateo sense castigar les articulacions.<\/span><\/li>\n<li style=\"font-weight: 400;\" aria-level=\"1\"><span style=\"font-weight: 400;\">Salut cardiovascular: Augmentem la nostra capacitat pulmonar i resist\u00e8ncia mentres cuidem el cor.<\/span><\/li>\n<li style=\"font-weight: 400;\" aria-level=\"1\"><span style=\"font-weight: 400;\">Control del pes: Podem<\/span> <b>cremar fins a 600 calories per classe<\/b>, <span style=\"font-weight: 400;\">ideal per als qui busquen perdre greix corporal.<\/span><\/li>\n<li style=\"font-weight: 400;\" aria-level=\"1\"><span style=\"font-weight: 400;\">Benestar emocional: La m\u00fasica, l&#8217;ambient i l&#8217;esfor\u00e7 f\u00edsic afavorixen l&#8217;alliberament d&#8217;endorfinas, combatent l&#8217;estr\u00e9s.<\/span><\/li>\n<li style=\"font-weight: 400;\" aria-level=\"1\"><span style=\"font-weight: 400;\">Entrenament personalitzat: Cada persona ajusta la resist\u00e8ncia de la seua bicicleta, la qual cosa fa del spinning una activitat accessible per a tots.<\/span><\/li>\n<li style=\"font-weight: 400;\" aria-level=\"1\"><span style=\"font-weight: 400;\">Motivaci\u00f3 col\u00b7lectiva: Compartir classe amb altres companys ens anima a mantindre el ritme i a no rendir-nos.<\/span><\/li>\n<\/ul>\n<p>[\/et_pb_text][\/et_pb_column][\/et_pb_row][\/et_pb_section][et_pb_section fb_built=&#8221;1&#8243; custom_padding_last_edited=&#8221;on|phone&#8221; _builder_version=&#8221;4.16&#8243; _module_preset=&#8221;default&#8221; background_color=&#8221;#262626&#8243; custom_padding=&#8221;0px||50px||false|false&#8221; custom_padding_tablet=&#8221;&#8221; custom_padding_phone=&#8221;||30px||false|false&#8221; global_colors_info=&#8221;{}&#8221;][et_pb_row column_structure=&#8221;1_3,2_3&#8243; custom_padding_last_edited=&#8221;on|phone&#8221; _builder_version=&#8221;4.16&#8243; _module_preset=&#8221;default&#8221; custom_padding_tablet=&#8221;&#8221; custom_padding_phone=&#8221;0px||0px||false|false&#8221; global_colors_info=&#8221;{}&#8221;][et_pb_column type=&#8221;1_3&#8243; _builder_version=&#8221;4.16&#8243; _module_preset=&#8221;default&#8221; global_colors_info=&#8221;{}&#8221;][et_pb_text _builder_version=&#8221;4.27.4&#8243; text_font=&#8221;||||||||&#8221; header_font=&#8221;||||||||&#8221; header_text_align=&#8221;center&#8221; header_2_font=&#8221;|300||on|||||&#8221; header_2_text_align=&#8221;right&#8221; header_2_font_size=&#8221;29px&#8221; custom_margin=&#8221;||0px||false|false&#8221; custom_padding=&#8221;|15%|0px||false|false&#8221; header_2_text_align_tablet=&#8221;&#8221; header_2_text_align_phone=&#8221;left&#8221; header_2_text_align_last_edited=&#8221;on|phone&#8221; header_2_font_size_tablet=&#8221;51px&#8221; header_2_font_size_phone=&#8221;25px&#8221; header_2_font_size_last_edited=&#8221;on|phone&#8221; border_width_right=&#8221;2px&#8221; border_color_right=&#8221;#cccccc&#8221; border_width_right_tablet=&#8221;&#8221; border_width_right_phone=&#8221;0px&#8221; border_width_right_last_edited=&#8221;on|phone&#8221; locked=&#8221;off&#8221; global_colors_info=&#8221;{}&#8221;]<\/p>\n<h2>Per que spinning en Sparta Sport Center Alcoi Gabriel Mir\u00f3<\/h2>\n<p>[\/et_pb_text][\/et_pb_column][et_pb_column type=&#8221;2_3&#8243; _builder_version=&#8221;4.16&#8243; _module_preset=&#8221;default&#8221; global_colors_info=&#8221;{}&#8221;][et_pb_text _builder_version=&#8221;4.27.4&#8243; text_font=&#8221;|300|||||||&#8221; text_text_color=&#8221;#cccccc&#8221; text_line_height=&#8221;1.1em&#8221; header_font=&#8221;|300|||||||&#8221; header_2_font=&#8221;|300||on|||||&#8221; header_2_text_color=&#8221;#cccccc&#8221; header_2_font_size=&#8221;36px&#8221; header_2_letter_spacing=&#8221;2px&#8221; background_layout=&#8221;dark&#8221; global_colors_info=&#8221;{}&#8221;]<\/p>\n<p><span style=\"font-weight: 400;\">Triar-nos significa formar part d&#8217;un gimn\u00e0s que aposta per la qualitat, la proximitat i la millora cont\u00ednua. Estes s\u00f3n algunes raons per les quals cada vegada m\u00e9s persones se sumen a les nostres classes: <\/span><\/p>\n<ul>\n<li style=\"font-weight: 400;\" aria-level=\"1\"><span style=\"font-weight: 400;\">Instructors apassionats: El nostre equip est\u00e0 format per professionals que no sols ensenyen, sin\u00f3 que inspiren.<\/span><\/li>\n<li style=\"font-weight: 400;\" aria-level=\"1\"><span style=\"font-weight: 400;\">Tecnologia i confort: Disposem d&#8217;un espai modern amb equipament d&#8217;\u00faltima generaci\u00f3 per a garantir entrenaments efica\u00e7os.<\/span><\/li>\n<li style=\"font-weight: 400;\" aria-level=\"1\"><span style=\"font-weight: 400;\">Comunitat activa: Creem un ambient positiu on tots compartim la mateixa passi\u00f3 per l&#8217;esport i el benestar.<\/span><\/li>\n<li style=\"font-weight: 400;\" aria-level=\"1\"><span style=\"font-weight: 400;\">Enfocament integral: Pots complementar les teues sessions de spinning amb altres activitats com a<\/span> <b>yoga, pilates o entrenament personalitzat<\/b> <span style=\"font-weight: 400;\">per a potenciar els teus resultats.<\/span><\/li>\n<\/ul>\n<p><span style=\"font-weight: 400;\">Si el que busques \u00e9s millorar la teua condici\u00f3 f\u00edsica mentres gaudixes del cam\u00ed, les classes de spinning en Sparta Sport Center Alcoi Gabriel Mir\u00f3 s\u00f3n la teua millor opci\u00f3. Ac\u00ed no sols pedalem, tamb\u00e9 constru\u00efm salut, energia i comunitat. <\/span><\/p>\n<p>[\/et_pb_text][\/et_pb_column][\/et_pb_row][\/et_pb_section]<\/p>\n","protected":false},"excerpt":{"rendered":"<p>Classes de spinning Alcoi Gabriel Mir\u00f3En Sparta Sport Center Alcoi Gabriel Mir\u00f3, vivim el spinning com alguna cosa m\u00e9s que un simple entrenament: ho convertim en una experi\u00e8ncia que combina energia, ritme i superaci\u00f3 personal. Esta disciplina cardiovascular, que reprodu\u00efx recorreguts de ciclisme sobre bicicletes est\u00e0tiques, \u00e9s una de les nostres activitats estrela per la [&hellip;]<\/p>\n","protected":false},"author":1,"featured_media":220823,"parent":0,"menu_order":0,"comment_status":"closed","ping_status":"closed","template":"","meta":{"_et_pb_use_builder":"on","_et_pb_old_content":"","_et_gb_content_width":"","footnotes":""},"class_list":["post-220917","page","type-page","status-publish","has-post-thumbnail","hentry"],"yoast_head":"<!-- This site is optimized with the Yoast SEO plugin v27.4 - https:\/\/yoast.com\/product\/yoast-seo-wordpress\/ -->\n<title>Spinning Alcoi Gabriel Mir\u00f3 | Sparta Sport Center<\/title>\n<meta name=\"description\" content=\"Inscriu-te i gaudix de les nostres classes de spinning a Alcoi Gabriel Mir\u00f3, comptem amb un equip d&#039;Instructors 100% dedicats al teu benestar.\" \/>\n<meta name=\"robots\" content=\"index, follow, max-snippet:-1, max-image-preview:large, max-video-preview:-1\" \/>\n<link rel=\"canonical\" href=\"https:\/\/spartasportcenter.com\/alcoi-gabriel-miro\/ca\/spinning\/\" \/>\n<meta property=\"og:locale\" content=\"ca_ES\" \/>\n<meta property=\"og:type\" content=\"article\" \/>\n<meta property=\"og:title\" content=\"Spinning Alcoi Gabriel Mir\u00f3 | Sparta Sport Center\" \/>\n<meta property=\"og:description\" content=\"Inscriu-te i gaudix de les nostres classes de spinning a Alcoi Gabriel Mir\u00f3, comptem amb un equip d&#039;Instructors 100% dedicats al teu benestar.\" \/>\n<meta property=\"og:url\" content=\"https:\/\/spartasportcenter.com\/alcoi-gabriel-miro\/ca\/spinning\/\" \/>\n<meta property=\"og:site_name\" content=\"Sparta Sport Center Alcoi \u2013 Gabriel Mir\u00f3\" \/>\n<meta property=\"article:modified_time\" content=\"2025-06-27T11:16:38+00:00\" \/>\n<meta property=\"og:image\" content=\"https:\/\/spartasportcenter.com\/alcoi-gabriel-miro\/wp-content\/uploads\/2024\/07\/spinning-alcoi-gabriel-miro.webp\" \/>\n\t<meta property=\"og:image:width\" content=\"2000\" \/>\n\t<meta property=\"og:image:height\" content=\"1333\" \/>\n\t<meta property=\"og:image:type\" content=\"image\/webp\" \/>\n<meta name=\"twitter:card\" content=\"summary_large_image\" \/>\n<meta name=\"twitter:label1\" content=\"Temps estimat de lectura\" \/>\n\t<meta name=\"twitter:data1\" content=\"3 minuts\" \/>\n<script type=\"application\/ld+json\" class=\"yoast-schema-graph\">{\"@context\":\"https:\\\/\\\/schema.org\",\"@graph\":[{\"@type\":\"WebPage\",\"@id\":\"https:\\\/\\\/spartasportcenter.com\\\/alcoi-gabriel-miro\\\/ca\\\/spinning\\\/\",\"url\":\"https:\\\/\\\/spartasportcenter.com\\\/alcoi-gabriel-miro\\\/ca\\\/spinning\\\/\",\"name\":\"Spinning Alcoi Gabriel Mir\u00f3 | Sparta Sport Center\",\"isPartOf\":{\"@id\":\"https:\\\/\\\/spartasportcenter.com\\\/alcoi-gabriel-miro\\\/ca\\\/#website\"},\"primaryImageOfPage\":{\"@id\":\"https:\\\/\\\/spartasportcenter.com\\\/alcoi-gabriel-miro\\\/ca\\\/spinning\\\/#primaryimage\"},\"image\":{\"@id\":\"https:\\\/\\\/spartasportcenter.com\\\/alcoi-gabriel-miro\\\/ca\\\/spinning\\\/#primaryimage\"},\"thumbnailUrl\":\"https:\\\/\\\/spartasportcenter.com\\\/alcoi-gabriel-miro\\\/wp-content\\\/uploads\\\/2024\\\/07\\\/spinning-alcoi-gabriel-miro.webp\",\"datePublished\":\"2018-08-20T13:40:03+00:00\",\"dateModified\":\"2025-06-27T11:16:38+00:00\",\"description\":\"Inscriu-te i gaudix de les nostres classes de spinning a Alcoi Gabriel Mir\u00f3, comptem amb un equip d'Instructors 100% dedicats al teu benestar.\",\"breadcrumb\":{\"@id\":\"https:\\\/\\\/spartasportcenter.com\\\/alcoi-gabriel-miro\\\/ca\\\/spinning\\\/#breadcrumb\"},\"inLanguage\":\"ca\",\"potentialAction\":[{\"@type\":\"ReadAction\",\"target\":[\"https:\\\/\\\/spartasportcenter.com\\\/alcoi-gabriel-miro\\\/ca\\\/spinning\\\/\"]}]},{\"@type\":\"ImageObject\",\"inLanguage\":\"ca\",\"@id\":\"https:\\\/\\\/spartasportcenter.com\\\/alcoi-gabriel-miro\\\/ca\\\/spinning\\\/#primaryimage\",\"url\":\"https:\\\/\\\/spartasportcenter.com\\\/alcoi-gabriel-miro\\\/wp-content\\\/uploads\\\/2024\\\/07\\\/spinning-alcoi-gabriel-miro.webp\",\"contentUrl\":\"https:\\\/\\\/spartasportcenter.com\\\/alcoi-gabriel-miro\\\/wp-content\\\/uploads\\\/2024\\\/07\\\/spinning-alcoi-gabriel-miro.webp\",\"width\":2000,\"height\":1333,\"caption\":\"spinning alcoi gabriel miro\"},{\"@type\":\"BreadcrumbList\",\"@id\":\"https:\\\/\\\/spartasportcenter.com\\\/alcoi-gabriel-miro\\\/ca\\\/spinning\\\/#breadcrumb\",\"itemListElement\":[{\"@type\":\"ListItem\",\"position\":1,\"name\":\"Portada\",\"item\":\"https:\\\/\\\/spartasportcenter.com\\\/alcoi-gabriel-miro\\\/ca\\\/\"},{\"@type\":\"ListItem\",\"position\":2,\"name\":\"Spinning Alcoi Gabriel Mir\u00f3\"}]},{\"@type\":\"WebSite\",\"@id\":\"https:\\\/\\\/spartasportcenter.com\\\/alcoi-gabriel-miro\\\/ca\\\/#website\",\"url\":\"https:\\\/\\\/spartasportcenter.com\\\/alcoi-gabriel-miro\\\/ca\\\/\",\"name\":\"Sparta Sport Center Alcoi \u2013 Gabriel Mir\u00f3\",\"description\":\"Gimnasios en Cuenca\",\"potentialAction\":[{\"@type\":\"SearchAction\",\"target\":{\"@type\":\"EntryPoint\",\"urlTemplate\":\"https:\\\/\\\/spartasportcenter.com\\\/alcoi-gabriel-miro\\\/ca\\\/?s={search_term_string}\"},\"query-input\":{\"@type\":\"PropertyValueSpecification\",\"valueRequired\":true,\"valueName\":\"search_term_string\"}}],\"inLanguage\":\"ca\"}]}<\/script>\n<!-- \/ Yoast SEO plugin. -->","yoast_head_json":{"title":"Spinning Alcoi Gabriel Mir\u00f3 | Sparta Sport Center","description":"Inscriu-te i gaudix de les nostres classes de spinning a Alcoi Gabriel Mir\u00f3, comptem amb un equip d'Instructors 100% dedicats al teu benestar.","robots":{"index":"index","follow":"follow","max-snippet":"max-snippet:-1","max-image-preview":"max-image-preview:large","max-video-preview":"max-video-preview:-1"},"canonical":"https:\/\/spartasportcenter.com\/alcoi-gabriel-miro\/ca\/spinning\/","og_locale":"ca_ES","og_type":"article","og_title":"Spinning Alcoi Gabriel Mir\u00f3 | Sparta Sport Center","og_description":"Inscriu-te i gaudix de les nostres classes de spinning a Alcoi Gabriel Mir\u00f3, comptem amb un equip d'Instructors 100% dedicats al teu benestar.","og_url":"https:\/\/spartasportcenter.com\/alcoi-gabriel-miro\/ca\/spinning\/","og_site_name":"Sparta Sport Center Alcoi \u2013 Gabriel Mir\u00f3","article_modified_time":"2025-06-27T11:16:38+00:00","og_image":[{"width":2000,"height":1333,"url":"https:\/\/spartasportcenter.com\/alcoi-gabriel-miro\/wp-content\/uploads\/2024\/07\/spinning-alcoi-gabriel-miro.webp","type":"image\/webp"}],"twitter_card":"summary_large_image","twitter_misc":{"Temps estimat de lectura":"3 minuts"},"schema":{"@context":"https:\/\/schema.org","@graph":[{"@type":"WebPage","@id":"https:\/\/spartasportcenter.com\/alcoi-gabriel-miro\/ca\/spinning\/","url":"https:\/\/spartasportcenter.com\/alcoi-gabriel-miro\/ca\/spinning\/","name":"Spinning Alcoi Gabriel Mir\u00f3 | Sparta Sport Center","isPartOf":{"@id":"https:\/\/spartasportcenter.com\/alcoi-gabriel-miro\/ca\/#website"},"primaryImageOfPage":{"@id":"https:\/\/spartasportcenter.com\/alcoi-gabriel-miro\/ca\/spinning\/#primaryimage"},"image":{"@id":"https:\/\/spartasportcenter.com\/alcoi-gabriel-miro\/ca\/spinning\/#primaryimage"},"thumbnailUrl":"https:\/\/spartasportcenter.com\/alcoi-gabriel-miro\/wp-content\/uploads\/2024\/07\/spinning-alcoi-gabriel-miro.webp","datePublished":"2018-08-20T13:40:03+00:00","dateModified":"2025-06-27T11:16:38+00:00","description":"Inscriu-te i gaudix de les nostres classes de spinning a Alcoi Gabriel Mir\u00f3, comptem amb un equip d'Instructors 100% dedicats al teu benestar.","breadcrumb":{"@id":"https:\/\/spartasportcenter.com\/alcoi-gabriel-miro\/ca\/spinning\/#breadcrumb"},"inLanguage":"ca","potentialAction":[{"@type":"ReadAction","target":["https:\/\/spartasportcenter.com\/alcoi-gabriel-miro\/ca\/spinning\/"]}]},{"@type":"ImageObject","inLanguage":"ca","@id":"https:\/\/spartasportcenter.com\/alcoi-gabriel-miro\/ca\/spinning\/#primaryimage","url":"https:\/\/spartasportcenter.com\/alcoi-gabriel-miro\/wp-content\/uploads\/2024\/07\/spinning-alcoi-gabriel-miro.webp","contentUrl":"https:\/\/spartasportcenter.com\/alcoi-gabriel-miro\/wp-content\/uploads\/2024\/07\/spinning-alcoi-gabriel-miro.webp","width":2000,"height":1333,"caption":"spinning alcoi gabriel miro"},{"@type":"BreadcrumbList","@id":"https:\/\/spartasportcenter.com\/alcoi-gabriel-miro\/ca\/spinning\/#breadcrumb","itemListElement":[{"@type":"ListItem","position":1,"name":"Portada","item":"https:\/\/spartasportcenter.com\/alcoi-gabriel-miro\/ca\/"},{"@type":"ListItem","position":2,"name":"Spinning Alcoi Gabriel Mir\u00f3"}]},{"@type":"WebSite","@id":"https:\/\/spartasportcenter.com\/alcoi-gabriel-miro\/ca\/#website","url":"https:\/\/spartasportcenter.com\/alcoi-gabriel-miro\/ca\/","name":"Sparta Sport Center Alcoi \u2013 Gabriel Mir\u00f3","description":"Gimnasios en Cuenca","potentialAction":[{"@type":"SearchAction","target":{"@type":"EntryPoint","urlTemplate":"https:\/\/spartasportcenter.com\/alcoi-gabriel-miro\/ca\/?s={search_term_string}"},"query-input":{"@type":"PropertyValueSpecification","valueRequired":true,"valueName":"search_term_string"}}],"inLanguage":"ca"}]}},"_links":{"self":[{"href":"https:\/\/spartasportcenter.com\/alcoi-gabriel-miro\/ca\/wp-json\/wp\/v2\/pages\/220917","targetHints":{"allow":["GET"]}}],"collection":[{"href":"https:\/\/spartasportcenter.com\/alcoi-gabriel-miro\/ca\/wp-json\/wp\/v2\/pages"}],"about":[{"href":"https:\/\/spartasportcenter.com\/alcoi-gabriel-miro\/ca\/wp-json\/wp\/v2\/types\/page"}],"author":[{"embeddable":true,"href":"https:\/\/spartasportcenter.com\/alcoi-gabriel-miro\/ca\/wp-json\/wp\/v2\/users\/1"}],"replies":[{"embeddable":true,"href":"https:\/\/spartasportcenter.com\/alcoi-gabriel-miro\/ca\/wp-json\/wp\/v2\/comments?post=220917"}],"version-history":[{"count":6,"href":"https:\/\/spartasportcenter.com\/alcoi-gabriel-miro\/ca\/wp-json\/wp\/v2\/pages\/220917\/revisions"}],"predecessor-version":[{"id":221143,"href":"https:\/\/spartasportcenter.com\/alcoi-gabriel-miro\/ca\/wp-json\/wp\/v2\/pages\/220917\/revisions\/221143"}],"wp:featuredmedia":[{"embeddable":true,"href":"https:\/\/spartasportcenter.com\/alcoi-gabriel-miro\/ca\/wp-json\/wp\/v2\/media\/220823"}],"wp:attachment":[{"href":"https:\/\/spartasportcenter.com\/alcoi-gabriel-miro\/ca\/wp-json\/wp\/v2\/media?parent=220917"}],"curies":[{"name":"wp","href":"https:\/\/api.w.org\/{rel}","templated":true}]}}