{"id":220908,"date":"2018-08-30T19:42:11","date_gmt":"2018-08-30T17:42:11","guid":{"rendered":"https:\/\/spartasportcenter.com\/alcoi-gabriel-miro\/prova-un-dia-gratis-en-sparta-sport-center-alcoi-gabriel-miro\/"},"modified":"2025-11-28T09:03:09","modified_gmt":"2025-11-28T08:03:09","slug":"prova-un-dia-gratis","status":"publish","type":"page","link":"https:\/\/spartasportcenter.com\/alcoi-gabriel-miro\/ca\/prova-un-dia-gratis\/","title":{"rendered":"Prova un dia gratu\u00eft a Sparta Sport Center Alcoi Gabriel Mir\u00f3"},"content":{"rendered":"<p>[et_pb_section fb_built=&#8221;1&#8243; custom_padding_last_edited=&#8221;on|phone&#8221; disabled_on=&#8221;off|off|off&#8221; _builder_version=&#8221;4.16&#8243; background_color=&#8221;#262626&#8243; background_enable_image=&#8221;off&#8221; custom_margin=&#8221;|||&#8221; custom_padding=&#8221;80px|0px|80px|0px|true|false&#8221; custom_padding_tablet=&#8221;&#8221; custom_padding_phone=&#8221;30px||30px||true|false&#8221; global_colors_info=&#8221;{}&#8221;][et_pb_row use_custom_gutter=&#8221;on&#8221; gutter_width=&#8221;2&#8243; padding_left_right_link_1=&#8221;true&#8221; padding_left_right_link_2=&#8221;true&#8221; padding_left_right_link_3=&#8221;true&#8221; padding_left_right_link_4=&#8221;true&#8221; padding_left_right_link_5=&#8221;true&#8221; padding_left_right_link_6=&#8221;true&#8221; module_class=&#8221;twoX2 et_pb_row_fullwidth&#8221; _builder_version=&#8221;4.16&#8243; width=&#8221;94%&#8221; width_tablet=&#8221;80%&#8221; width_phone=&#8221;100%&#8221; width_last_edited=&#8221;on|phone&#8221; max_width=&#8221;94%&#8221; max_width_tablet=&#8221;80%&#8221; max_width_phone=&#8221;100%&#8221; max_width_last_edited=&#8221;on|desktop&#8221; module_alignment=&#8221;left&#8221; custom_padding=&#8221;0px||0px||false|false&#8221; make_fullwidth=&#8221;on&#8221; global_colors_info=&#8221;{}&#8221;][et_pb_column type=&#8221;4_4&#8243; _builder_version=&#8221;4.16&#8243; custom_padding=&#8221;|||6%&#8221; global_colors_info=&#8221;{}&#8221; custom_padding__hover=&#8221;|||&#8221;][et_pb_code raw_content_tablet=&#8221;<iframe src=%22https:\/\/sparta.deporweb.net\/altaonline\/venaprobar.aspx?header=false&#038;footer=false&#038;nav=false&#038;lang=es-ES&#038;type=QWxjb2kgLSBHYWJyaWVsIE1pcsOzfDE3N3xodHRwczovL3NwYXJ0YXNwb3J0Y2VudGVyLmNvbS9hbGNvaS1nYWJyaWVsLW1pcm8vZ3JhY2lhcy1wcnVlYmEtZGlhLw==%22 name=%22myIFrame%22 width=%22100%%22 height=%22800px%22><\/iframe> <\/p>\n<div style=%22max-width:578px; margin:auto;%22>\n<p style=%22margin-top:-70px; font-weight: 300; line-height: 1.1em; font-size:13px%22>\n<p> <strong>INFORMACI\u00d3 B\u00c0SICA SOBRE PROTECCI\u00d3 DE DADES: Responsable del tractament:<\/strong> ALCOI CALLE GABRIEL MIRO SPORT SOLUTIONS S.L. <strong>Finalitat del tractament:<\/strong> Gestionar les consultes plantejades. Enviament de butlletins informatius, comunicacions comercials i promocions (pr\u00e8via autoritzaci\u00f3). <strong>Legitimaci\u00f3 del tractament:<\/strong> Inter\u00e9s leg\u00edtim i consentiment de la persona interessada. <strong>Conservaci\u00f3 de les dades:<\/strong> Es conservaran mentre existisca un inter\u00e9s mutu o durant el temps necessari per a complir les obligacions legals. <strong>Destinataris:<\/strong> Empreses del Grup Sparta i prestadors de serveis o col\u00b7laboradors. <strong>Drets:<\/strong> Dret a retirar el consentiment en qualsevol moment. Dret d\u2019acc\u00e9s, rectificaci\u00f3, portabilitat i supressi\u00f3 de les seues dades, aix\u00ed com a la limitaci\u00f3 u oposici\u00f3 al seu tractament. <strong>Dades de contacte per a exercir els seus drets:<\/strong><a href=%22mailto:alcoigabrielmiro@spartasportcenter.com%22> alcoigabrielmiro@spartasportcenter.com<\/a>. <strong>Informaci\u00f3 addicional:<\/strong> Pot consultar la informaci\u00f3 addicional en la nostra <a href=%22https:\/\/spartasportcenter.com\/alcoi-gabriel-miro\/ca\/politica-privacitat-sparta\/%22><u>Pol\u00edtica de Privacitat<\/u><\/a>.<\/p>\n<\/div>\n<p>&#8221; raw_content_phone=&#8221;<iframe src=%22https:\/\/sparta.deporweb.net\/altaonline\/venaprobar.aspx?header=false&#038;footer=false&#038;nav=false&#038;lang=es-ES&#038;type=QWxjb2kgLSBHYWJyaWVsIE1pcsOzfDE3N3xodHRwczovL3NwYXJ0YXNwb3J0Y2VudGVyLmNvbS9hbGNvaS1nYWJyaWVsLW1pcm8vZ3JhY2lhcy1wcnVlYmEtZGlhLw==%22 name=%22myIFrame%22 width=%22100%%22 height=%221000px%22><\/iframe><\/p>\n<p style=%22margin-top:-230px; font-weight: 300; line-height: 1.1em; font-size:13px%22>\n<p><strong>INFORMACI\u00d3 B\u00c0SICA SOBRE PROTECCI\u00d3 DE DADES: Responsable del tractament:<\/strong> ALCOI CALLE GABRIEL MIRO SPORT SOLUTIONS S.L. <strong>Finalitat del tractament:<\/strong> Gestionar les consultes plantejades. Enviament de butlletins informatius, comunicacions comercials i promocions (pr\u00e8via autoritzaci\u00f3). <strong>Legitimaci\u00f3 del tractament:<\/strong> Inter\u00e9s leg\u00edtim i consentiment de la persona interessada. <strong>Conservaci\u00f3 de les dades:<\/strong> Es conservaran mentre existisca un inter\u00e9s mutu o durant el temps necessari per a complir les obligacions legals. <strong>Destinataris:<\/strong> Empreses del Grup Sparta i prestadors de serveis o col\u00b7laboradors. <strong>Drets:<\/strong> Dret a retirar el consentiment en qualsevol moment. Dret d\u2019acc\u00e9s, rectificaci\u00f3, portabilitat i supressi\u00f3 de les seues dades, aix\u00ed com a la limitaci\u00f3 u oposici\u00f3 al seu tractament. <strong>Dades de contacte per a exercir els seus drets:<\/strong><a href=%22mailto:alcoigabrielmiro@spartasportcenter.com%22> alcoigabrielmiro@spartasportcenter.com<\/a>. <strong>Informaci\u00f3 addicional:<\/strong> Pot consultar la informaci\u00f3 addicional en la nostra <a href=%22https:\/\/spartasportcenter.com\/alcoi-gabriel-miro\/ca\/politica-privacitat-sparta\/%22><u>Pol\u00edtica de Privacitat<\/u><\/a>.<\/p>\n<p>&#8221; raw_content_last_edited=&#8221;on|desktop&#8221; _builder_version=&#8221;4.27.4&#8243; _module_preset=&#8221;default&#8221; text_orientation=&#8221;justified&#8221; custom_padding_tablet=&#8221;&#8221; custom_padding_phone=&#8221;|7%|||false|false&#8221; custom_padding_last_edited=&#8221;on|phone&#8221; hover_enabled=&#8221;0&#8243; locked=&#8221;off&#8221; global_colors_info=&#8221;{}&#8221; sticky_enabled=&#8221;0&#8243;]<iframe src=\"https:\/\/sparta.deporweb.net\/altaonline\/venaprobar.aspx?header=false&#038;footer=false&#038;nav=false&#038;lang=es-ES&#038;type=QWxjb2kgLSBHYWJyaWVsIE1pcsOzfDE3N3xodHRwczovL3NwYXJ0YXNwb3J0Y2VudGVyLmNvbS9hbGNvaS1nYWJyaWVsLW1pcm8vZ3JhY2lhcy1wcnVlYmEtZGlhLw==\" name=\"myIFrame\" width=\"100%\" height=\"800px\"><\/iframe> <!-- [et_pb_line_break_holder] --><!-- [et_pb_line_break_holder] --><!-- [et_pb_line_break_holder] --><\/p>\n<div style=\"max-width:1140px; margin:auto;\"><!-- [et_pb_line_break_holder] -->  <pee style=\"margin-top:-270px; font-weight: 300; line-height: 1.1em; font-size:13px\"><!-- [et_pb_line_break_holder] --><!-- [et_pb_line_break_holder] --> <strong>INFORMACI\u00d3 B\u00c0SICA SOBRE PROTECCI\u00d3 DE DADES:\u00a0Responsable del tractament:<\/strong>\u00a0ALCOI CALLE GABRIEL MIRO SPORT SOLUTIONS S.L.\u00a0<strong>Finalitat del tractament:<\/strong>\u00a0Gestionar les consultes plantejades. Enviament de butlletins informatius, comunicacions comercials i promocions (pr\u00e8via autoritzaci\u00f3).\u00a0<strong>Legitimaci\u00f3 del tractament:<\/strong>\u00a0Inter\u00e9s leg\u00edtim i consentiment de la persona interessada.\u00a0<strong>Conservaci\u00f3 de les dades:<\/strong>\u00a0Es conservaran mentre existisca un inter\u00e9s mutu o durant el temps necessari per a complir les obligacions legals.\u00a0<strong>Destinataris:<\/strong>\u00a0Empreses del Grup Sparta i prestadors de serveis o col\u00b7laboradors.\u00a0<strong>Drets:<\/strong>\u00a0Dret a retirar el consentiment en qualsevol moment. Dret d\u2019acc\u00e9s, rectificaci\u00f3, portabilitat i supressi\u00f3 de les seues dades, aix\u00ed com a la limitaci\u00f3 u oposici\u00f3 al seu tractament.\u00a0<strong>Dades de contacte per a exercir els seus drets:<\/strong><a href=\"mailto:alcoigabrielmiro@spartasportcenter.com\">\u00a0alcoigabrielmiro@spartasportcenter.com<\/a>.\u00a0<strong>Informaci\u00f3 addicional:<\/strong>\u00a0Pot consultar la informaci\u00f3 addicional en la nostra <a href=\"https:\/\/spartasportcenter.com\/alcoi-gabriel-miro\/ca\/politica-privacitat-sparta\/\"><u>Pol\u00edtica de Privacitat<\/u><\/a>.<!-- [et_pb_line_break_holder] -->  <!-- [et_pb_line_break_holder] -->  <\/pee><!-- [et_pb_line_break_holder] --><\/div>\n<p><!-- [et_pb_line_break_holder] --><!-- [et_pb_line_break_holder] -->[\/et_pb_code][\/et_pb_column][\/et_pb_row][\/et_pb_section]<\/p>\n","protected":false},"excerpt":{"rendered":"<p>Ompli el formulari per a gaudir d\u2019un dia gratu\u00eft al nostre centre esportiu. Activitats dirigides i sala de musculaci\u00f3.<\/p>\n","protected":false},"author":1,"featured_media":220827,"parent":0,"menu_order":0,"comment_status":"closed","ping_status":"closed","template":"","meta":{"_et_pb_use_builder":"on","_et_pb_old_content":"","_et_gb_content_width":"","footnotes":""},"class_list":["post-220908","page","type-page","status-publish","has-post-thumbnail","hentry"],"yoast_head":"<!-- This site is optimized with the Yoast SEO plugin v27.4 - https:\/\/yoast.com\/product\/yoast-seo-wordpress\/ -->\n<title>prova un dia gratu\u00eft - Sparta Sport Center Alcoi Gabriel Mir\u00f3<\/title>\n<meta name=\"description\" content=\"Vols una prova d&#039;un dia gratis en el nostre gimn\u00e0s d&#039;Alcoi Gabriel Mir\u00f3? Entra en la web de Sparta Sport Center i emplena el formulari.\" \/>\n<meta name=\"robots\" content=\"index, follow, max-snippet:-1, max-image-preview:large, max-video-preview:-1\" \/>\n<link rel=\"canonical\" href=\"https:\/\/spartasportcenter.com\/alcoi-gabriel-miro\/ca\/prova-un-dia-gratis\/\" \/>\n<meta property=\"og:locale\" content=\"ca_ES\" \/>\n<meta property=\"og:type\" content=\"article\" \/>\n<meta property=\"og:title\" content=\"prova un dia gratu\u00eft - Sparta Sport Center Alcoi Gabriel Mir\u00f3\" \/>\n<meta property=\"og:description\" content=\"Vols una prova d&#039;un dia gratis en el nostre gimn\u00e0s d&#039;Alcoi Gabriel Mir\u00f3? Entra en la web de Sparta Sport Center i emplena el formulari.\" \/>\n<meta property=\"og:url\" content=\"https:\/\/spartasportcenter.com\/alcoi-gabriel-miro\/ca\/prova-un-dia-gratis\/\" \/>\n<meta property=\"og:site_name\" content=\"Sparta Sport Center Alcoi \u2013 Gabriel Mir\u00f3\" \/>\n<meta property=\"article:modified_time\" content=\"2025-11-28T08:03:09+00:00\" \/>\n<meta property=\"og:image\" content=\"https:\/\/spartasportcenter.com\/alcoi-gabriel-miro\/wp-content\/uploads\/2024\/07\/prueba-un-dia-gratis.webp\" \/>\n\t<meta property=\"og:image:width\" content=\"2000\" \/>\n\t<meta property=\"og:image:height\" content=\"1333\" \/>\n\t<meta property=\"og:image:type\" content=\"image\/webp\" \/>\n<meta name=\"twitter:card\" content=\"summary_large_image\" \/>\n<meta name=\"twitter:label1\" content=\"Temps estimat de lectura\" \/>\n\t<meta name=\"twitter:data1\" content=\"3 minuts\" \/>\n<script type=\"application\/ld+json\" class=\"yoast-schema-graph\">{\"@context\":\"https:\\\/\\\/schema.org\",\"@graph\":[{\"@type\":\"WebPage\",\"@id\":\"https:\\\/\\\/spartasportcenter.com\\\/alcoi-gabriel-miro\\\/ca\\\/prova-un-dia-gratis\\\/\",\"url\":\"https:\\\/\\\/spartasportcenter.com\\\/alcoi-gabriel-miro\\\/ca\\\/prova-un-dia-gratis\\\/\",\"name\":\"prova un dia gratu\u00eft - Sparta Sport Center Alcoi Gabriel Mir\u00f3\",\"isPartOf\":{\"@id\":\"https:\\\/\\\/spartasportcenter.com\\\/alcoi-gabriel-miro\\\/ca\\\/#website\"},\"primaryImageOfPage\":{\"@id\":\"https:\\\/\\\/spartasportcenter.com\\\/alcoi-gabriel-miro\\\/ca\\\/prova-un-dia-gratis\\\/#primaryimage\"},\"image\":{\"@id\":\"https:\\\/\\\/spartasportcenter.com\\\/alcoi-gabriel-miro\\\/ca\\\/prova-un-dia-gratis\\\/#primaryimage\"},\"thumbnailUrl\":\"https:\\\/\\\/spartasportcenter.com\\\/alcoi-gabriel-miro\\\/wp-content\\\/uploads\\\/2024\\\/07\\\/prueba-un-dia-gratis.webp\",\"datePublished\":\"2018-08-30T17:42:11+00:00\",\"dateModified\":\"2025-11-28T08:03:09+00:00\",\"description\":\"Vols una prova d'un dia gratis en el nostre gimn\u00e0s d'Alcoi Gabriel Mir\u00f3? Entra en la web de Sparta Sport Center i emplena el formulari.\",\"breadcrumb\":{\"@id\":\"https:\\\/\\\/spartasportcenter.com\\\/alcoi-gabriel-miro\\\/ca\\\/prova-un-dia-gratis\\\/#breadcrumb\"},\"inLanguage\":\"ca\",\"potentialAction\":[{\"@type\":\"ReadAction\",\"target\":[\"https:\\\/\\\/spartasportcenter.com\\\/alcoi-gabriel-miro\\\/ca\\\/prova-un-dia-gratis\\\/\"]}]},{\"@type\":\"ImageObject\",\"inLanguage\":\"ca\",\"@id\":\"https:\\\/\\\/spartasportcenter.com\\\/alcoi-gabriel-miro\\\/ca\\\/prova-un-dia-gratis\\\/#primaryimage\",\"url\":\"https:\\\/\\\/spartasportcenter.com\\\/alcoi-gabriel-miro\\\/wp-content\\\/uploads\\\/2024\\\/07\\\/prueba-un-dia-gratis.webp\",\"contentUrl\":\"https:\\\/\\\/spartasportcenter.com\\\/alcoi-gabriel-miro\\\/wp-content\\\/uploads\\\/2024\\\/07\\\/prueba-un-dia-gratis.webp\",\"width\":2000,\"height\":1333},{\"@type\":\"BreadcrumbList\",\"@id\":\"https:\\\/\\\/spartasportcenter.com\\\/alcoi-gabriel-miro\\\/ca\\\/prova-un-dia-gratis\\\/#breadcrumb\",\"itemListElement\":[{\"@type\":\"ListItem\",\"position\":1,\"name\":\"Portada\",\"item\":\"https:\\\/\\\/spartasportcenter.com\\\/alcoi-gabriel-miro\\\/ca\\\/\"},{\"@type\":\"ListItem\",\"position\":2,\"name\":\"Prova un dia gratu\u00eft a Sparta Sport Center Alcoi Gabriel Mir\u00f3\"}]},{\"@type\":\"WebSite\",\"@id\":\"https:\\\/\\\/spartasportcenter.com\\\/alcoi-gabriel-miro\\\/ca\\\/#website\",\"url\":\"https:\\\/\\\/spartasportcenter.com\\\/alcoi-gabriel-miro\\\/ca\\\/\",\"name\":\"Sparta Sport Center Alcoi \u2013 Gabriel Mir\u00f3\",\"description\":\"Gimnasios en Cuenca\",\"potentialAction\":[{\"@type\":\"SearchAction\",\"target\":{\"@type\":\"EntryPoint\",\"urlTemplate\":\"https:\\\/\\\/spartasportcenter.com\\\/alcoi-gabriel-miro\\\/ca\\\/?s={search_term_string}\"},\"query-input\":{\"@type\":\"PropertyValueSpecification\",\"valueRequired\":true,\"valueName\":\"search_term_string\"}}],\"inLanguage\":\"ca\"}]}<\/script>\n<!-- \/ Yoast SEO plugin. -->","yoast_head_json":{"title":"prova un dia gratu\u00eft - Sparta Sport Center Alcoi Gabriel Mir\u00f3","description":"Vols una prova d'un dia gratis en el nostre gimn\u00e0s d'Alcoi Gabriel Mir\u00f3? Entra en la web de Sparta Sport Center i emplena el formulari.","robots":{"index":"index","follow":"follow","max-snippet":"max-snippet:-1","max-image-preview":"max-image-preview:large","max-video-preview":"max-video-preview:-1"},"canonical":"https:\/\/spartasportcenter.com\/alcoi-gabriel-miro\/ca\/prova-un-dia-gratis\/","og_locale":"ca_ES","og_type":"article","og_title":"prova un dia gratu\u00eft - Sparta Sport Center Alcoi Gabriel Mir\u00f3","og_description":"Vols una prova d'un dia gratis en el nostre gimn\u00e0s d'Alcoi Gabriel Mir\u00f3? Entra en la web de Sparta Sport Center i emplena el formulari.","og_url":"https:\/\/spartasportcenter.com\/alcoi-gabriel-miro\/ca\/prova-un-dia-gratis\/","og_site_name":"Sparta Sport Center Alcoi \u2013 Gabriel Mir\u00f3","article_modified_time":"2025-11-28T08:03:09+00:00","og_image":[{"width":2000,"height":1333,"url":"https:\/\/spartasportcenter.com\/alcoi-gabriel-miro\/wp-content\/uploads\/2024\/07\/prueba-un-dia-gratis.webp","type":"image\/webp"}],"twitter_card":"summary_large_image","twitter_misc":{"Temps estimat de lectura":"3 minuts"},"schema":{"@context":"https:\/\/schema.org","@graph":[{"@type":"WebPage","@id":"https:\/\/spartasportcenter.com\/alcoi-gabriel-miro\/ca\/prova-un-dia-gratis\/","url":"https:\/\/spartasportcenter.com\/alcoi-gabriel-miro\/ca\/prova-un-dia-gratis\/","name":"prova un dia gratu\u00eft - Sparta Sport Center Alcoi Gabriel Mir\u00f3","isPartOf":{"@id":"https:\/\/spartasportcenter.com\/alcoi-gabriel-miro\/ca\/#website"},"primaryImageOfPage":{"@id":"https:\/\/spartasportcenter.com\/alcoi-gabriel-miro\/ca\/prova-un-dia-gratis\/#primaryimage"},"image":{"@id":"https:\/\/spartasportcenter.com\/alcoi-gabriel-miro\/ca\/prova-un-dia-gratis\/#primaryimage"},"thumbnailUrl":"https:\/\/spartasportcenter.com\/alcoi-gabriel-miro\/wp-content\/uploads\/2024\/07\/prueba-un-dia-gratis.webp","datePublished":"2018-08-30T17:42:11+00:00","dateModified":"2025-11-28T08:03:09+00:00","description":"Vols una prova d'un dia gratis en el nostre gimn\u00e0s d'Alcoi Gabriel Mir\u00f3? Entra en la web de Sparta Sport Center i emplena el formulari.","breadcrumb":{"@id":"https:\/\/spartasportcenter.com\/alcoi-gabriel-miro\/ca\/prova-un-dia-gratis\/#breadcrumb"},"inLanguage":"ca","potentialAction":[{"@type":"ReadAction","target":["https:\/\/spartasportcenter.com\/alcoi-gabriel-miro\/ca\/prova-un-dia-gratis\/"]}]},{"@type":"ImageObject","inLanguage":"ca","@id":"https:\/\/spartasportcenter.com\/alcoi-gabriel-miro\/ca\/prova-un-dia-gratis\/#primaryimage","url":"https:\/\/spartasportcenter.com\/alcoi-gabriel-miro\/wp-content\/uploads\/2024\/07\/prueba-un-dia-gratis.webp","contentUrl":"https:\/\/spartasportcenter.com\/alcoi-gabriel-miro\/wp-content\/uploads\/2024\/07\/prueba-un-dia-gratis.webp","width":2000,"height":1333},{"@type":"BreadcrumbList","@id":"https:\/\/spartasportcenter.com\/alcoi-gabriel-miro\/ca\/prova-un-dia-gratis\/#breadcrumb","itemListElement":[{"@type":"ListItem","position":1,"name":"Portada","item":"https:\/\/spartasportcenter.com\/alcoi-gabriel-miro\/ca\/"},{"@type":"ListItem","position":2,"name":"Prova un dia gratu\u00eft a Sparta Sport Center Alcoi Gabriel Mir\u00f3"}]},{"@type":"WebSite","@id":"https:\/\/spartasportcenter.com\/alcoi-gabriel-miro\/ca\/#website","url":"https:\/\/spartasportcenter.com\/alcoi-gabriel-miro\/ca\/","name":"Sparta Sport Center Alcoi \u2013 Gabriel Mir\u00f3","description":"Gimnasios en Cuenca","potentialAction":[{"@type":"SearchAction","target":{"@type":"EntryPoint","urlTemplate":"https:\/\/spartasportcenter.com\/alcoi-gabriel-miro\/ca\/?s={search_term_string}"},"query-input":{"@type":"PropertyValueSpecification","valueRequired":true,"valueName":"search_term_string"}}],"inLanguage":"ca"}]}},"_links":{"self":[{"href":"https:\/\/spartasportcenter.com\/alcoi-gabriel-miro\/ca\/wp-json\/wp\/v2\/pages\/220908","targetHints":{"allow":["GET"]}}],"collection":[{"href":"https:\/\/spartasportcenter.com\/alcoi-gabriel-miro\/ca\/wp-json\/wp\/v2\/pages"}],"about":[{"href":"https:\/\/spartasportcenter.com\/alcoi-gabriel-miro\/ca\/wp-json\/wp\/v2\/types\/page"}],"author":[{"embeddable":true,"href":"https:\/\/spartasportcenter.com\/alcoi-gabriel-miro\/ca\/wp-json\/wp\/v2\/users\/1"}],"replies":[{"embeddable":true,"href":"https:\/\/spartasportcenter.com\/alcoi-gabriel-miro\/ca\/wp-json\/wp\/v2\/comments?post=220908"}],"version-history":[{"count":11,"href":"https:\/\/spartasportcenter.com\/alcoi-gabriel-miro\/ca\/wp-json\/wp\/v2\/pages\/220908\/revisions"}],"predecessor-version":[{"id":221334,"href":"https:\/\/spartasportcenter.com\/alcoi-gabriel-miro\/ca\/wp-json\/wp\/v2\/pages\/220908\/revisions\/221334"}],"wp:featuredmedia":[{"embeddable":true,"href":"https:\/\/spartasportcenter.com\/alcoi-gabriel-miro\/ca\/wp-json\/wp\/v2\/media\/220827"}],"wp:attachment":[{"href":"https:\/\/spartasportcenter.com\/alcoi-gabriel-miro\/ca\/wp-json\/wp\/v2\/media?parent=220908"}],"curies":[{"name":"wp","href":"https:\/\/api.w.org\/{rel}","templated":true}]}}