{"id":220891,"date":"2018-08-14T10:57:23","date_gmt":"2018-08-14T08:57:23","guid":{"rendered":"https:\/\/spartasportcenter.com\/alcoi-gabriel-miro\/horari-dactivitats\/"},"modified":"2025-06-17T15:37:13","modified_gmt":"2025-06-17T13:37:13","slug":"horari-dactivitats","status":"publish","type":"page","link":"https:\/\/spartasportcenter.com\/alcoi-gabriel-miro\/ca\/horari-dactivitats\/","title":{"rendered":"Horari d&#8217;activitats"},"content":{"rendered":"\n[et_pb_section fb_built=&#8221;1&#8243; custom_padding_last_edited=&#8221;on|desktop&#8221; _builder_version=&#8221;4.16&#8243; background_color=&#8221;#262626&#8243; background_enable_image=&#8221;off&#8221; custom_margin=&#8221;0px|||&#8221; custom_padding=&#8221;80px|0px|80px|0px|true|false&#8221; custom_padding_tablet=&#8221;&#8221; custom_padding_phone=&#8221;30px||30px||false|false&#8221; bottom_divider_color=&#8221;#cf0a2c&#8221; global_colors_info=&#8221;{}&#8221;][et_pb_row module_class=&#8221; et_pb_row_fullwidth&#8221; _builder_version=&#8221;4.16&#8243; width_tablet=&#8221;80%&#8221; width_phone=&#8221;90%&#8221; width_last_edited=&#8221;on|phone&#8221; max_width_tablet=&#8221;80%&#8221; max_width_last_edited=&#8221;off|desktop&#8221; custom_padding=&#8221;0px|0px|0px|0px|false|false&#8221; make_fullwidth=&#8221;on&#8221; global_colors_info=&#8221;{}&#8221;][et_pb_column type=&#8221;4_4&#8243; _builder_version=&#8221;4.16&#8243; custom_padding=&#8221;|||&#8221; global_colors_info=&#8221;{}&#8221; custom_padding__hover=&#8221;|||&#8221;][et_pb_text _builder_version=&#8221;4.26.1&#8243; text_font=&#8221;||||||||&#8221; header_font=&#8221;|300||on|||||&#8221; header_text_align=&#8221;center&#8221; header_text_color=&#8221;#cccccc&#8221; header_font_size=&#8221;36px&#8221; header_2_font=&#8221;|300|||||||&#8221; header_2_text_align=&#8221;center&#8221; header_2_text_color=&#8221;#cccccc&#8221; header_2_font_size=&#8221;36px&#8221; custom_margin=&#8221;||||false|false&#8221; custom_padding=&#8221;11px||3px||false|false&#8221; hover_enabled=&#8221;0&#8243; header_font_size_tablet=&#8221;51px&#8221; header_font_size_phone=&#8221;25px&#8221; header_font_size_last_edited=&#8221;on|phone&#8221; header_2_font_size_tablet=&#8221;51px&#8221; header_2_font_size_phone=&#8221;25px&#8221; header_2_font_size_last_edited=&#8221;on|phone&#8221; border_radii=&#8221;on|1px|1px|1px|1px&#8221; border_color_all=&#8221;#FFFFFF&#8221; locked=&#8221;off&#8221; global_colors_info=&#8221;{}&#8221; sticky_enabled=&#8221;0&#8243;]<h2><span>Horari d&#8217;activitats d&#8217;un dels nostres centres oberts. L&#8217;horari d&#8217;Alcoi Gabriel Mir\u00f3 estar\u00e0 disponible pr\u00f2ximament <\/span><\/h2>[\/et_pb_text][et_pb_image src=&#8221;https:\/\/spartasportcenter.com\/alcoi-gabriel-miro\/wp-content\/uploads\/2024\/02\/horario.jpeg&#8221; alt=&#8221;horari gimn\u00e0s sparta sport center en cuenca jose cobo&#8221; title_text=&#8221;horario-gimnasio-sparta-sport-center-en-cuenca-jose-cobo&#8221; url=&#8221;https:\/\/spartasportcenter.com\/alcoi-gabriel-miro\/wp-content\/uploads\/2024\/02\/horario.pdf&#8221; url_new_window=&#8221;on&#8221; align=&#8221;center&#8221; _builder_version=&#8221;4.24.2&#8243; box_shadow_style=&#8221;preset2&#8243; box_shadow_color=&#8221;rgba(255,255,255,0.3)&#8221; global_colors_info=&#8221;{}&#8221;][\/et_pb_image][\/et_pb_column][\/et_pb_row][et_pb_row _builder_version=&#8221;4.16&#8243; custom_padding=&#8221;||0px||false|false&#8221; locked=&#8221;off&#8221; global_colors_info=&#8221;{}&#8221;][et_pb_column type=&#8221;4_4&#8243; _builder_version=&#8221;4.16&#8243; global_colors_info=&#8221;{}&#8221;][et_pb_button button_url=&#8221;https:\/\/spartasportcenter.com\/alcoi-gabriel-miro\/wp-content\/uploads\/2024\/02\/horario.pdf&#8221; url_new_window=&#8221;on&#8221; button_text=&#8221;Fes clic en la imatge per a ampliar&#8221; button_alignment=&#8221;center&#8221; _builder_version=&#8221;4.24.2&#8243; custom_button=&#8221;on&#8221; button_text_color=&#8221;#cccccc&#8221; button_border_width=&#8221;1px&#8221; button_border_color=&#8221;#cccccc&#8221; button_border_radius=&#8221;0px&#8221; button_letter_spacing=&#8221;1px&#8221; button_font=&#8221;|300||on|||||&#8221; button_use_icon=&#8221;off&#8221; custom_margin=&#8221;0%|||&#8221; custom_padding=&#8221;|||&#8221; button_text_size_tablet=&#8221;&#8221; button_text_size_phone=&#8221;16px&#8221; button_text_size_last_edited=&#8221;on|phone&#8221; button_border_radius_hover=&#8221;0px&#8221; button_letter_spacing_hover=&#8221;3px&#8221; global_colors_info=&#8221;{}&#8221; button_text_size__hover_enabled=&#8221;off&#8221; button_text_size__hover=&#8221;null&#8221; button_one_text_size__hover_enabled=&#8221;off&#8221; button_one_text_size__hover=&#8221;null&#8221; button_two_text_size__hover_enabled=&#8221;off&#8221; button_two_text_size__hover=&#8221;null&#8221; button_text_color__hover_enabled=&#8221;on|hover&#8221; button_text_color__hover=&#8221;#ffffff&#8221; button_one_text_color__hover_enabled=&#8221;off&#8221; button_one_text_color__hover=&#8221;null&#8221; button_two_text_color__hover_enabled=&#8221;off&#8221; button_two_text_color__hover=&#8221;null&#8221; button_border_width__hover_enabled=&#8221;off&#8221; button_border_width__hover=&#8221;null&#8221; button_one_border_width__hover_enabled=&#8221;off&#8221; button_one_border_width__hover=&#8221;null&#8221; button_two_border_width__hover_enabled=&#8221;off&#8221; button_two_border_width__hover=&#8221;null&#8221; button_border_color__hover_enabled=&#8221;off&#8221; button_border_color__hover=&#8221;null&#8221; button_one_border_color__hover_enabled=&#8221;off&#8221; button_one_border_color__hover=&#8221;null&#8221; button_two_border_color__hover_enabled=&#8221;off&#8221; button_two_border_color__hover=&#8221;null&#8221; button_border_radius__hover_enabled=&#8221;off|hover&#8221; button_border_radius__hover=&#8221;0px&#8221; button_one_border_radius__hover_enabled=&#8221;off&#8221; button_one_border_radius__hover=&#8221;null&#8221; button_two_border_radius__hover_enabled=&#8221;off&#8221; button_two_border_radius__hover=&#8221;null&#8221; button_letter_spacing__hover_enabled=&#8221;off|hover&#8221; button_letter_spacing__hover=&#8221;3px&#8221; button_one_letter_spacing__hover_enabled=&#8221;off&#8221; button_one_letter_spacing__hover=&#8221;null&#8221; button_two_letter_spacing__hover_enabled=&#8221;off&#8221; button_two_letter_spacing__hover=&#8221;null&#8221; button_bg_color__hover_enabled=&#8221;off&#8221; button_bg_color__hover=&#8221;null&#8221; button_one_bg_color__hover_enabled=&#8221;off&#8221; button_one_bg_color__hover=&#8221;null&#8221; button_two_bg_color__hover_enabled=&#8221;off&#8221; button_two_bg_color__hover=&#8221;null&#8221;][\/et_pb_button][\/et_pb_column][\/et_pb_row][\/et_pb_section][et_pb_section fb_built=&#8221;1&#8243; admin_label=&#8221;banner footer prueba un dia&#8221; _builder_version=&#8221;4.20.0&#8243; background_color=&#8221;#363636&#8243; background_image=&#8221;https:\/\/spartasportcenter.com\/alcoi-gabriel-miro\/wp-content\/uploads\/2019\/09\/instalaciones-gimnasio-sparta-sport-center-pamplona-11.jpg&#8221; background_enable_image=&#8221;off&#8221; background_blend=&#8221;multiply&#8221; custom_margin=&#8221;||||false|false&#8221; custom_padding=&#8221;0px|0px|0|0px|false|false&#8221; top_divider_flip=&#8221;horizontal&#8221; global_module=&#8221;206679&#8243; global_colors_info=&#8221;{}&#8221;][\/et_pb_section]\n","protected":false},"excerpt":{"rendered":"<p>Una molt extensa varietat d&#8217;activitats, totes elles dirigides per monitors titulats en \u00e0mplies i c\u00f2modes sales.<\/p>\n","protected":false},"author":1,"featured_media":220710,"parent":0,"menu_order":0,"comment_status":"closed","ping_status":"closed","template":"","meta":{"_et_pb_use_builder":"on","_et_pb_old_content":"","_et_gb_content_width":"","footnotes":""},"class_list":["post-220891","page","type-page","status-publish","has-post-thumbnail","hentry"],"yoast_head":"<!-- This site is optimized with the Yoast SEO plugin v27.4 - https:\/\/yoast.com\/product\/yoast-seo-wordpress\/ -->\n<title>Horari d&#039;activitats - Sparta Sport Center Alcoi Gabriel Mir\u00f3<\/title>\n<meta name=\"description\" content=\"Entra ara i descobrix els horaris de les classes i activitats dirigides de Sparta Sport Center Alcoi Gabriel Mir\u00f3 en un sol clic. Apunta&#039;t ja!\" \/>\n<meta name=\"robots\" content=\"index, follow, max-snippet:-1, max-image-preview:large, max-video-preview:-1\" \/>\n<link rel=\"canonical\" href=\"https:\/\/spartasportcenter.com\/alcoi-gabriel-miro\/ca\/horari-dactivitats\/\" \/>\n<meta property=\"og:locale\" content=\"ca_ES\" \/>\n<meta property=\"og:type\" content=\"article\" \/>\n<meta property=\"og:title\" content=\"Horari d&#039;activitats - Sparta Sport Center Alcoi Gabriel Mir\u00f3\" \/>\n<meta property=\"og:description\" content=\"Entra ara i descobrix els horaris de les classes i activitats dirigides de Sparta Sport Center Alcoi Gabriel Mir\u00f3 en un sol clic. Apunta&#039;t ja!\" \/>\n<meta property=\"og:url\" content=\"https:\/\/spartasportcenter.com\/alcoi-gabriel-miro\/ca\/horari-dactivitats\/\" \/>\n<meta property=\"og:site_name\" content=\"Sparta Sport Center Alcoi \u2013 Gabriel Mir\u00f3\" \/>\n<meta property=\"article:modified_time\" content=\"2025-06-17T13:37:13+00:00\" \/>\n<meta property=\"og:image\" content=\"https:\/\/spartasportcenter.com\/alcoi-gabriel-miro\/wp-content\/uploads\/2024\/02\/gimnasios-sparta-alcoi-gabriel-miro-horario.jpeg\" \/>\n\t<meta property=\"og:image:width\" content=\"2000\" \/>\n\t<meta property=\"og:image:height\" content=\"1333\" \/>\n\t<meta property=\"og:image:type\" content=\"image\/jpeg\" \/>\n<meta name=\"twitter:card\" content=\"summary_large_image\" \/>\n<meta name=\"twitter:label1\" content=\"Temps estimat de lectura\" \/>\n\t<meta name=\"twitter:data1\" content=\"4 minuts\" \/>\n<script type=\"application\/ld+json\" class=\"yoast-schema-graph\">{\"@context\":\"https:\\\/\\\/schema.org\",\"@graph\":[{\"@type\":\"WebPage\",\"@id\":\"https:\\\/\\\/spartasportcenter.com\\\/alcoi-gabriel-miro\\\/ca\\\/horari-dactivitats\\\/\",\"url\":\"https:\\\/\\\/spartasportcenter.com\\\/alcoi-gabriel-miro\\\/ca\\\/horari-dactivitats\\\/\",\"name\":\"Horari d'activitats - Sparta Sport Center Alcoi Gabriel Mir\u00f3\",\"isPartOf\":{\"@id\":\"https:\\\/\\\/spartasportcenter.com\\\/alcoi-gabriel-miro\\\/ca\\\/#website\"},\"primaryImageOfPage\":{\"@id\":\"https:\\\/\\\/spartasportcenter.com\\\/alcoi-gabriel-miro\\\/ca\\\/horari-dactivitats\\\/#primaryimage\"},\"image\":{\"@id\":\"https:\\\/\\\/spartasportcenter.com\\\/alcoi-gabriel-miro\\\/ca\\\/horari-dactivitats\\\/#primaryimage\"},\"thumbnailUrl\":\"https:\\\/\\\/spartasportcenter.com\\\/alcoi-gabriel-miro\\\/wp-content\\\/uploads\\\/2024\\\/02\\\/gimnasios-sparta-alcoi-gabriel-miro-horario.jpeg\",\"datePublished\":\"2018-08-14T08:57:23+00:00\",\"dateModified\":\"2025-06-17T13:37:13+00:00\",\"description\":\"Entra ara i descobrix els horaris de les classes i activitats dirigides de Sparta Sport Center Alcoi Gabriel Mir\u00f3 en un sol clic. Apunta't ja!\",\"breadcrumb\":{\"@id\":\"https:\\\/\\\/spartasportcenter.com\\\/alcoi-gabriel-miro\\\/ca\\\/horari-dactivitats\\\/#breadcrumb\"},\"inLanguage\":\"ca\",\"potentialAction\":[{\"@type\":\"ReadAction\",\"target\":[\"https:\\\/\\\/spartasportcenter.com\\\/alcoi-gabriel-miro\\\/ca\\\/horari-dactivitats\\\/\"]}]},{\"@type\":\"ImageObject\",\"inLanguage\":\"ca\",\"@id\":\"https:\\\/\\\/spartasportcenter.com\\\/alcoi-gabriel-miro\\\/ca\\\/horari-dactivitats\\\/#primaryimage\",\"url\":\"https:\\\/\\\/spartasportcenter.com\\\/alcoi-gabriel-miro\\\/wp-content\\\/uploads\\\/2024\\\/02\\\/gimnasios-sparta-alcoi-gabriel-miro-horario.jpeg\",\"contentUrl\":\"https:\\\/\\\/spartasportcenter.com\\\/alcoi-gabriel-miro\\\/wp-content\\\/uploads\\\/2024\\\/02\\\/gimnasios-sparta-alcoi-gabriel-miro-horario.jpeg\",\"width\":2000,\"height\":1333,\"caption\":\"gimnasios-sparta-alcoi-gabriel-miro-horario\"},{\"@type\":\"BreadcrumbList\",\"@id\":\"https:\\\/\\\/spartasportcenter.com\\\/alcoi-gabriel-miro\\\/ca\\\/horari-dactivitats\\\/#breadcrumb\",\"itemListElement\":[{\"@type\":\"ListItem\",\"position\":1,\"name\":\"Portada\",\"item\":\"https:\\\/\\\/spartasportcenter.com\\\/alcoi-gabriel-miro\\\/ca\\\/\"},{\"@type\":\"ListItem\",\"position\":2,\"name\":\"Horari d&#8217;activitats\"}]},{\"@type\":\"WebSite\",\"@id\":\"https:\\\/\\\/spartasportcenter.com\\\/alcoi-gabriel-miro\\\/ca\\\/#website\",\"url\":\"https:\\\/\\\/spartasportcenter.com\\\/alcoi-gabriel-miro\\\/ca\\\/\",\"name\":\"Sparta Sport Center Alcoi \u2013 Gabriel Mir\u00f3\",\"description\":\"Gimnasios en Cuenca\",\"potentialAction\":[{\"@type\":\"SearchAction\",\"target\":{\"@type\":\"EntryPoint\",\"urlTemplate\":\"https:\\\/\\\/spartasportcenter.com\\\/alcoi-gabriel-miro\\\/ca\\\/?s={search_term_string}\"},\"query-input\":{\"@type\":\"PropertyValueSpecification\",\"valueRequired\":true,\"valueName\":\"search_term_string\"}}],\"inLanguage\":\"ca\"}]}<\/script>\n<!-- \/ Yoast SEO plugin. -->","yoast_head_json":{"title":"Horari d'activitats - Sparta Sport Center Alcoi Gabriel Mir\u00f3","description":"Entra ara i descobrix els horaris de les classes i activitats dirigides de Sparta Sport Center Alcoi Gabriel Mir\u00f3 en un sol clic. Apunta't ja!","robots":{"index":"index","follow":"follow","max-snippet":"max-snippet:-1","max-image-preview":"max-image-preview:large","max-video-preview":"max-video-preview:-1"},"canonical":"https:\/\/spartasportcenter.com\/alcoi-gabriel-miro\/ca\/horari-dactivitats\/","og_locale":"ca_ES","og_type":"article","og_title":"Horari d'activitats - Sparta Sport Center Alcoi Gabriel Mir\u00f3","og_description":"Entra ara i descobrix els horaris de les classes i activitats dirigides de Sparta Sport Center Alcoi Gabriel Mir\u00f3 en un sol clic. Apunta't ja!","og_url":"https:\/\/spartasportcenter.com\/alcoi-gabriel-miro\/ca\/horari-dactivitats\/","og_site_name":"Sparta Sport Center Alcoi \u2013 Gabriel Mir\u00f3","article_modified_time":"2025-06-17T13:37:13+00:00","og_image":[{"width":2000,"height":1333,"url":"https:\/\/spartasportcenter.com\/alcoi-gabriel-miro\/wp-content\/uploads\/2024\/02\/gimnasios-sparta-alcoi-gabriel-miro-horario.jpeg","type":"image\/jpeg"}],"twitter_card":"summary_large_image","twitter_misc":{"Temps estimat de lectura":"4 minuts"},"schema":{"@context":"https:\/\/schema.org","@graph":[{"@type":"WebPage","@id":"https:\/\/spartasportcenter.com\/alcoi-gabriel-miro\/ca\/horari-dactivitats\/","url":"https:\/\/spartasportcenter.com\/alcoi-gabriel-miro\/ca\/horari-dactivitats\/","name":"Horari d'activitats - Sparta Sport Center Alcoi Gabriel Mir\u00f3","isPartOf":{"@id":"https:\/\/spartasportcenter.com\/alcoi-gabriel-miro\/ca\/#website"},"primaryImageOfPage":{"@id":"https:\/\/spartasportcenter.com\/alcoi-gabriel-miro\/ca\/horari-dactivitats\/#primaryimage"},"image":{"@id":"https:\/\/spartasportcenter.com\/alcoi-gabriel-miro\/ca\/horari-dactivitats\/#primaryimage"},"thumbnailUrl":"https:\/\/spartasportcenter.com\/alcoi-gabriel-miro\/wp-content\/uploads\/2024\/02\/gimnasios-sparta-alcoi-gabriel-miro-horario.jpeg","datePublished":"2018-08-14T08:57:23+00:00","dateModified":"2025-06-17T13:37:13+00:00","description":"Entra ara i descobrix els horaris de les classes i activitats dirigides de Sparta Sport Center Alcoi Gabriel Mir\u00f3 en un sol clic. Apunta't ja!","breadcrumb":{"@id":"https:\/\/spartasportcenter.com\/alcoi-gabriel-miro\/ca\/horari-dactivitats\/#breadcrumb"},"inLanguage":"ca","potentialAction":[{"@type":"ReadAction","target":["https:\/\/spartasportcenter.com\/alcoi-gabriel-miro\/ca\/horari-dactivitats\/"]}]},{"@type":"ImageObject","inLanguage":"ca","@id":"https:\/\/spartasportcenter.com\/alcoi-gabriel-miro\/ca\/horari-dactivitats\/#primaryimage","url":"https:\/\/spartasportcenter.com\/alcoi-gabriel-miro\/wp-content\/uploads\/2024\/02\/gimnasios-sparta-alcoi-gabriel-miro-horario.jpeg","contentUrl":"https:\/\/spartasportcenter.com\/alcoi-gabriel-miro\/wp-content\/uploads\/2024\/02\/gimnasios-sparta-alcoi-gabriel-miro-horario.jpeg","width":2000,"height":1333,"caption":"gimnasios-sparta-alcoi-gabriel-miro-horario"},{"@type":"BreadcrumbList","@id":"https:\/\/spartasportcenter.com\/alcoi-gabriel-miro\/ca\/horari-dactivitats\/#breadcrumb","itemListElement":[{"@type":"ListItem","position":1,"name":"Portada","item":"https:\/\/spartasportcenter.com\/alcoi-gabriel-miro\/ca\/"},{"@type":"ListItem","position":2,"name":"Horari d&#8217;activitats"}]},{"@type":"WebSite","@id":"https:\/\/spartasportcenter.com\/alcoi-gabriel-miro\/ca\/#website","url":"https:\/\/spartasportcenter.com\/alcoi-gabriel-miro\/ca\/","name":"Sparta Sport Center Alcoi \u2013 Gabriel Mir\u00f3","description":"Gimnasios en Cuenca","potentialAction":[{"@type":"SearchAction","target":{"@type":"EntryPoint","urlTemplate":"https:\/\/spartasportcenter.com\/alcoi-gabriel-miro\/ca\/?s={search_term_string}"},"query-input":{"@type":"PropertyValueSpecification","valueRequired":true,"valueName":"search_term_string"}}],"inLanguage":"ca"}]}},"_links":{"self":[{"href":"https:\/\/spartasportcenter.com\/alcoi-gabriel-miro\/ca\/wp-json\/wp\/v2\/pages\/220891","targetHints":{"allow":["GET"]}}],"collection":[{"href":"https:\/\/spartasportcenter.com\/alcoi-gabriel-miro\/ca\/wp-json\/wp\/v2\/pages"}],"about":[{"href":"https:\/\/spartasportcenter.com\/alcoi-gabriel-miro\/ca\/wp-json\/wp\/v2\/types\/page"}],"author":[{"embeddable":true,"href":"https:\/\/spartasportcenter.com\/alcoi-gabriel-miro\/ca\/wp-json\/wp\/v2\/users\/1"}],"replies":[{"embeddable":true,"href":"https:\/\/spartasportcenter.com\/alcoi-gabriel-miro\/ca\/wp-json\/wp\/v2\/comments?post=220891"}],"version-history":[{"count":1,"href":"https:\/\/spartasportcenter.com\/alcoi-gabriel-miro\/ca\/wp-json\/wp\/v2\/pages\/220891\/revisions"}],"predecessor-version":[{"id":220892,"href":"https:\/\/spartasportcenter.com\/alcoi-gabriel-miro\/ca\/wp-json\/wp\/v2\/pages\/220891\/revisions\/220892"}],"wp:featuredmedia":[{"embeddable":true,"href":"https:\/\/spartasportcenter.com\/alcoi-gabriel-miro\/ca\/wp-json\/wp\/v2\/media\/220710"}],"wp:attachment":[{"href":"https:\/\/spartasportcenter.com\/alcoi-gabriel-miro\/ca\/wp-json\/wp\/v2\/media?parent=220891"}],"curies":[{"name":"wp","href":"https:\/\/api.w.org\/{rel}","templated":true}]}}