{"id":220878,"date":"2018-08-20T15:44:57","date_gmt":"2018-08-20T13:44:57","guid":{"rendered":"https:\/\/spartasportcenter.com\/alcoi-gabriel-miro\/gap-alcoi-gabriel-miro\/"},"modified":"2025-06-27T13:06:51","modified_gmt":"2025-06-27T11:06:51","slug":"gap","status":"publish","type":"page","link":"https:\/\/spartasportcenter.com\/alcoi-gabriel-miro\/ca\/gap\/","title":{"rendered":"GAP Alcoi Gabriel Mir\u00f3"},"content":{"rendered":"<p>[et_pb_section fb_built=&#8221;1&#8243; custom_padding_last_edited=&#8221;on|phone&#8221; disabled_on=&#8221;off|off|off&#8221; _builder_version=&#8221;4.16&#8243; background_color=&#8221;#262626&#8243; background_enable_image=&#8221;off&#8221; custom_margin=&#8221;||||false|false&#8221; custom_padding=&#8221;80px|0px|0px|0px|false|false&#8221; custom_padding_tablet=&#8221;&#8221; custom_padding_phone=&#8221;30px||50px||false|false&#8221; global_colors_info=&#8221;{}&#8221;][et_pb_row column_structure=&#8221;1_3,2_3&#8243; custom_padding_last_edited=&#8221;on|desktop&#8221; _builder_version=&#8221;4.16&#8243; _module_preset=&#8221;default&#8221; custom_padding=&#8221;0px||||false|false&#8221; custom_padding_tablet=&#8221;&#8221; custom_padding_phone=&#8221;0px||||false|false&#8221; global_colors_info=&#8221;{}&#8221;][et_pb_column type=&#8221;1_3&#8243; _builder_version=&#8221;4.16&#8243; _module_preset=&#8221;default&#8221; global_colors_info=&#8221;{}&#8221;][et_pb_text _builder_version=&#8221;4.27.4&#8243; text_font=&#8221;||||||||&#8221; header_font=&#8221;||||||||&#8221; header_text_align=&#8221;center&#8221; header_2_font=&#8221;|300||on|||||&#8221; header_2_text_align=&#8221;right&#8221; header_2_font_size=&#8221;29px&#8221; custom_margin=&#8221;||0px||false|false&#8221; custom_padding=&#8221;|15%|0px||false|false&#8221; header_2_text_align_tablet=&#8221;&#8221; header_2_text_align_phone=&#8221;left&#8221; header_2_text_align_last_edited=&#8221;on|phone&#8221; header_2_font_size_tablet=&#8221;51px&#8221; header_2_font_size_phone=&#8221;25px&#8221; header_2_font_size_last_edited=&#8221;on|phone&#8221; border_width_right=&#8221;2px&#8221; border_color_right=&#8221;#cccccc&#8221; border_width_right_tablet=&#8221;&#8221; border_width_right_phone=&#8221;0px&#8221; border_width_right_last_edited=&#8221;on|phone&#8221; locked=&#8221;off&#8221; global_colors_info=&#8221;{}&#8221;]<\/p>\n<h2>Classes de GAP Alcoi Gabriel Mir\u00f3<\/h2>\n<p>[\/et_pb_text][\/et_pb_column][et_pb_column type=&#8221;2_3&#8243; _builder_version=&#8221;4.16&#8243; _module_preset=&#8221;default&#8221; global_colors_info=&#8221;{}&#8221;][et_pb_text _builder_version=&#8221;4.27.4&#8243; text_font=&#8221;|300|||||||&#8221; text_text_color=&#8221;#cccccc&#8221; text_line_height=&#8221;1.1em&#8221; header_font=&#8221;|300|||||||&#8221; header_2_font=&#8221;|300||on|||||&#8221; header_2_text_color=&#8221;#cccccc&#8221; header_2_font_size=&#8221;36px&#8221; header_2_letter_spacing=&#8221;2px&#8221; background_layout=&#8221;dark&#8221; global_colors_info=&#8221;{}&#8221;]<\/p>\n<p><span style=\"font-weight: 400;\">En Sparta Sport Center Alcoi Gabriel Mir\u00f3, entenem que treballar de manera espec\u00edfica zones clau del cos \u00e9s fonamental per a sentir-nos millor i guanyar confian\u00e7a. Per aix\u00f2, oferim classes de GAP ( <\/span><b>Gl\u00fateo, Abdominals i Cames)<\/b><span style=\"font-weight: 400;\">, una disciplina que combina for\u00e7a, resist\u00e8ncia i dinamisme en cada sessi\u00f3.<\/span><\/p>\n<p>[\/et_pb_text][et_pb_button button_text=&#8221;+&#8221; button_alignment=&#8221;center&#8221; module_class=&#8221;rv_button closed&#8221; _builder_version=&#8221;4.16&#8243; custom_button=&#8221;on&#8221; button_text_size=&#8221;39px&#8221; button_text_color=&#8221;#cccccc&#8221; button_border_width=&#8221;0px&#8221; button_border_radius=&#8221;0px&#8221; button_font=&#8221;Oswald|700|||||||&#8221; button_use_icon=&#8221;off&#8221; custom_margin=&#8221;-40px|0px|-10px|0px|false|false&#8221; custom_margin_tablet=&#8221;&#8221; custom_margin_phone=&#8221;&#8221; custom_margin_last_edited=&#8221;on|phone&#8221; custom_padding=&#8221;0px|0px|0px|0px|true|&#8221; button_text_color_hover=&#8221;rgba(224,43,32,0.76)&#8221; button_border_color_hover=&#8221;rgba(0,0,0,0)&#8221; button_border_radius_hover=&#8221;0px&#8221; button_bg_color_hover=&#8221;rgba(0,0,0,0)&#8221; global_colors_info=&#8221;{}&#8221; button_text_size__hover_enabled=&#8221;off&#8221; button_one_text_size__hover_enabled=&#8221;off&#8221; button_two_text_size__hover_enabled=&#8221;off&#8221; button_text_color__hover_enabled=&#8221;on|desktop&#8221; button_text_color__hover=&#8221;rgba(255,255,255,0.5)&#8221; button_one_text_color__hover_enabled=&#8221;off&#8221; button_two_text_color__hover_enabled=&#8221;off&#8221; button_border_width__hover_enabled=&#8221;off&#8221; button_one_border_width__hover_enabled=&#8221;off&#8221; button_two_border_width__hover_enabled=&#8221;off&#8221; button_border_color__hover_enabled=&#8221;on&#8221; button_border_color__hover=&#8221;rgba(0,0,0,0)&#8221; button_one_border_color__hover_enabled=&#8221;off&#8221; button_two_border_color__hover_enabled=&#8221;off&#8221; button_border_radius__hover_enabled=&#8221;on&#8221; button_border_radius__hover=&#8221;0px&#8221; button_one_border_radius__hover_enabled=&#8221;off&#8221; button_two_border_radius__hover_enabled=&#8221;off&#8221; button_letter_spacing__hover_enabled=&#8221;off&#8221; button_one_letter_spacing__hover_enabled=&#8221;off&#8221; button_two_letter_spacing__hover_enabled=&#8221;off&#8221; button_bg_color__hover_enabled=&#8221;on&#8221; button_bg_color__hover=&#8221;rgba(255,255,255,0)&#8221; button_one_bg_color__hover_enabled=&#8221;off&#8221; button_two_bg_color__hover_enabled=&#8221;off&#8221;][\/et_pb_button][et_pb_text module_id=&#8221;reveal&#8221; _builder_version=&#8221;4.27.4&#8243; text_font=&#8221;|300|||||||&#8221; text_text_color=&#8221;#cccccc&#8221; text_line_height=&#8221;1.1em&#8221; header_font=&#8221;|300|||||||&#8221; header_2_font=&#8221;|300||on|||||&#8221; header_2_text_color=&#8221;#cccccc&#8221; header_2_font_size=&#8221;36px&#8221; header_2_letter_spacing=&#8221;2px&#8221; background_layout=&#8221;dark&#8221; hover_enabled=&#8221;0&#8243; global_colors_info=&#8221;{}&#8221; sticky_enabled=&#8221;0&#8243;]<\/p>\n<p><span style=\"font-weight: 400;\">Hem dissenyat les nostres classes de GAP perqu\u00e8 qualsevol persona, sense importar el seu nivell d&#8217;experi\u00e8ncia, puga sumar-se. El nostre equip d&#8217;entrenadors s&#8217;encarrega d&#8217;adaptar cada rutina, assegurant que tots els nostres socis puguen entrenar de manera segura, efectiva i motivadora. <\/span><\/p>\n<p><span style=\"font-weight: 400;\">Les sessions es realitzen en grups redu\u00efts, <span>d&#8217;eixa manera<\/span>\u00a0ens permet oferir un seguiment pr\u00f2xim i personalitzat. Aix\u00ed garantim que cada exercici s&#8217;execute correctament, evitant lesions i optimitzant resultats. A m\u00e9s, l&#8217;ambient que es genera \u00e9s en\u00e8rgic, positiu i perfecte per a mantindre la motivaci\u00f3 alta en tot moment. <\/span><\/p>\n<p>[\/et_pb_text][\/et_pb_column][\/et_pb_row][et_pb_row column_structure=&#8221;1_3,2_3&#8243; custom_padding_last_edited=&#8221;on|phone&#8221; _builder_version=&#8221;4.16&#8243; _module_preset=&#8221;default&#8221; custom_margin=&#8221;||0px||false|false&#8221; custom_padding=&#8221;||||false|false&#8221; custom_padding_tablet=&#8221;&#8221; custom_padding_phone=&#8221;0px||0px||false|false&#8221; global_colors_info=&#8221;{}&#8221;][et_pb_column type=&#8221;1_3&#8243; _builder_version=&#8221;4.16&#8243; _module_preset=&#8221;default&#8221; global_colors_info=&#8221;{}&#8221;][et_pb_text _builder_version=&#8221;4.27.4&#8243; text_font=&#8221;||||||||&#8221; header_font=&#8221;||||||||&#8221; header_text_align=&#8221;center&#8221; header_2_font=&#8221;|300||on|||||&#8221; header_2_text_align=&#8221;right&#8221; header_2_font_size=&#8221;29px&#8221; custom_margin=&#8221;||0px||false|false&#8221; custom_padding=&#8221;|15%|0px||false|false&#8221; header_2_text_align_tablet=&#8221;&#8221; header_2_text_align_phone=&#8221;left&#8221; header_2_text_align_last_edited=&#8221;on|phone&#8221; header_2_font_size_tablet=&#8221;51px&#8221; header_2_font_size_phone=&#8221;25px&#8221; header_2_font_size_last_edited=&#8221;on|phone&#8221; border_width_right=&#8221;2px&#8221; border_color_right=&#8221;#cccccc&#8221; border_width_right_tablet=&#8221;&#8221; border_width_right_phone=&#8221;0px&#8221; border_width_right_last_edited=&#8221;on|phone&#8221; locked=&#8221;off&#8221; global_colors_info=&#8221;{}&#8221;]<\/p>\n<h2>Beneficis del GAP Alcoi Gabriel Mir\u00f3<\/h2>\n<p>[\/et_pb_text][\/et_pb_column][et_pb_column type=&#8221;2_3&#8243; _builder_version=&#8221;4.16&#8243; _module_preset=&#8221;default&#8221; global_colors_info=&#8221;{}&#8221;][et_pb_text _builder_version=&#8221;4.27.4&#8243; text_font=&#8221;|300|||||||&#8221; text_text_color=&#8221;#cccccc&#8221; text_line_height=&#8221;1.1em&#8221; header_font=&#8221;|300|||||||&#8221; header_2_font=&#8221;|300||on|||||&#8221; header_2_text_color=&#8221;#cccccc&#8221; header_2_font_size=&#8221;36px&#8221; header_2_letter_spacing=&#8221;2px&#8221; background_layout=&#8221;dark&#8221; global_colors_info=&#8221;{}&#8221;]<\/p>\n<p><span style=\"font-weight: 400;\">L&#8217;entrenament de GAP s&#8217;enfoca a tonificar i enfortir tres de les zones m\u00e9s importants del cos: gl\u00fateo, abdomen i cames. Ho fem a trav\u00e9s de <\/span><b>exercicis funcionals, din\u00e0mics i combinats amb treball cardiovascular<\/b><span style=\"font-weight: 400;\">. Aix\u00f2 no sols millora la condici\u00f3 f\u00edsica, sin\u00f3 que tamb\u00e9 ajuda a cremar calories i guanyar resist\u00e8ncia de manera progressiva.<\/span><\/p>\n<p><span style=\"font-weight: 400;\">M\u00e9s enll\u00e0 dels beneficis f\u00edsics, sabem que l&#8217;exercici tamb\u00e9 \u00e9s una ferramenta poderosa per al benestar emocional. Estes s\u00f3n algunes dels avantatges que aporta la pr\u00e0ctica regular de GAP: <\/span><\/p>\n<p><span style=\"font-weight: 400;\"><\/span><\/p>\n<ul>\n<li style=\"font-weight: 400;\" aria-level=\"1\"><span style=\"font-weight: 400;\">Major tonificaci\u00f3 muscular, especialment en la zona mitjana i tren inferior.<\/span><\/li>\n<li style=\"font-weight: 400;\" aria-level=\"1\"><span style=\"font-weight: 400;\">Increment de la resist\u00e8ncia cardiovascular i pulmonar.<\/span><\/li>\n<li style=\"font-weight: 400;\" aria-level=\"1\"><span style=\"font-weight: 400;\">Millora en la postura corporal i estabilitat.<\/span><\/li>\n<li style=\"font-weight: 400;\" aria-level=\"1\"><span style=\"font-weight: 400;\">Reducci\u00f3 de l&#8217;estr\u00e9s i augment de l&#8217;autoestima, gr\u00e0cies a l&#8217;alliberament d&#8217;endorfinas.<\/span><\/li>\n<li style=\"font-weight: 400;\" aria-level=\"1\"><span style=\"font-weight: 400;\">Ambient social i positiu, ideal per a compartir objectius amb altres persones.<\/span><\/li>\n<\/ul>\n<p>[\/et_pb_text][\/et_pb_column][\/et_pb_row][\/et_pb_section][et_pb_section fb_built=&#8221;1&#8243; custom_padding_last_edited=&#8221;on|phone&#8221; _builder_version=&#8221;4.16&#8243; _module_preset=&#8221;default&#8221; background_color=&#8221;#262626&#8243; custom_padding=&#8221;0px||50px||false|false&#8221; custom_padding_tablet=&#8221;&#8221; custom_padding_phone=&#8221;||30px||false|false&#8221; global_colors_info=&#8221;{}&#8221;][et_pb_row column_structure=&#8221;1_3,2_3&#8243; custom_padding_last_edited=&#8221;on|phone&#8221; _builder_version=&#8221;4.16&#8243; _module_preset=&#8221;default&#8221; custom_padding_tablet=&#8221;&#8221; custom_padding_phone=&#8221;0px||0px||false|false&#8221; global_colors_info=&#8221;{}&#8221;][et_pb_column type=&#8221;1_3&#8243; _builder_version=&#8221;4.16&#8243; _module_preset=&#8221;default&#8221; global_colors_info=&#8221;{}&#8221;][et_pb_text _builder_version=&#8221;4.27.4&#8243; text_font=&#8221;||||||||&#8221; header_font=&#8221;||||||||&#8221; header_text_align=&#8221;center&#8221; header_2_font=&#8221;|300||on|||||&#8221; header_2_text_align=&#8221;right&#8221; header_2_font_size=&#8221;29px&#8221; custom_margin=&#8221;||0px||false|false&#8221; custom_padding=&#8221;|15%|0px||false|false&#8221; header_2_text_align_tablet=&#8221;&#8221; header_2_text_align_phone=&#8221;left&#8221; header_2_text_align_last_edited=&#8221;on|phone&#8221; header_2_font_size_tablet=&#8221;51px&#8221; header_2_font_size_phone=&#8221;25px&#8221; header_2_font_size_last_edited=&#8221;on|phone&#8221; border_width_right=&#8221;2px&#8221; border_color_right=&#8221;#cccccc&#8221; border_width_right_tablet=&#8221;&#8221; border_width_right_phone=&#8221;0px&#8221; border_width_right_last_edited=&#8221;on|phone&#8221; locked=&#8221;off&#8221; global_colors_info=&#8221;{}&#8221;]<\/p>\n<h2>Per que  GAP en Sparta Sport Center Alcoi Gabriel Mir\u00f3<\/h2>\n<p>[\/et_pb_text][\/et_pb_column][et_pb_column type=&#8221;2_3&#8243; _builder_version=&#8221;4.16&#8243; _module_preset=&#8221;default&#8221; global_colors_info=&#8221;{}&#8221;][et_pb_text _builder_version=&#8221;4.27.4&#8243; text_font=&#8221;|300|||||||&#8221; text_text_color=&#8221;#cccccc&#8221; text_line_height=&#8221;1.1em&#8221; header_font=&#8221;|300|||||||&#8221; header_2_font=&#8221;|300||on|||||&#8221; header_2_text_color=&#8221;#cccccc&#8221; header_2_font_size=&#8221;36px&#8221; header_2_letter_spacing=&#8221;2px&#8221; background_layout=&#8221;dark&#8221; global_colors_info=&#8221;{}&#8221;]<\/p>\n<p><span style=\"font-weight: 400;\">En Sparta Sport Center treballem cada dia per a ser m\u00e9s que un gimn\u00e0s. Volem ser el teu espai de confian\u00e7a per a  <\/span><b>millorar la teua salut, el teu f\u00edsic i el teu benestar general<\/b><span style=\"font-weight: 400;\">. Per aix\u00f2, les nostres classes de GAP a Alcoi Gabriel Mir\u00f3 es recolzen en tres pilars: professionalitat, proximitat i resultats.<\/span><\/p>\n<p><span style=\"font-weight: 400;\">Oferim<\/span> <b>instal\u00b7lacions modernes<\/b><span style=\"font-weight: 400;\">,<\/span> <b>material de qualitat<\/b> <span style=\"font-weight: 400;\">i una<\/span> <b>\u00e0mplia varietat d&#8217;horaris<\/b><span style=\"font-weight: 400;\"> que s&#8217;adapten a les teues necessitats. I, sobretot, comptem amb un equip d&#8217;entrenadors comprom\u00e9s amb la teua evoluci\u00f3 personal, que estar\u00e0 amb tu en cada pas del proc\u00e9s. <\/span><\/p>\n<p>[\/et_pb_text][\/et_pb_column][\/et_pb_row][\/et_pb_section]<\/p>\n","protected":false},"excerpt":{"rendered":"<p>Classes de GAP Alcoi Gabriel Mir\u00f3En Sparta Sport Center Alcoi Gabriel Mir\u00f3, entenem que treballar de manera espec\u00edfica zones clau del cos \u00e9s fonamental per a sentir-nos millor i guanyar confian\u00e7a. Per aix\u00f2, oferim classes de GAP ( Gl\u00fateo, Abdominals i Cames), una disciplina que combina for\u00e7a, resist\u00e8ncia i dinamisme en cada sessi\u00f3.Hem dissenyat les [&hellip;]<\/p>\n","protected":false},"author":1,"featured_media":220821,"parent":0,"menu_order":0,"comment_status":"closed","ping_status":"closed","template":"","meta":{"_et_pb_use_builder":"on","_et_pb_old_content":"","_et_gb_content_width":"","footnotes":""},"class_list":["post-220878","page","type-page","status-publish","has-post-thumbnail","hentry"],"yoast_head":"<!-- This site is optimized with the Yoast SEO plugin v27.4 - https:\/\/yoast.com\/product\/yoast-seo-wordpress\/ -->\n<title>GAP a Alcoi Gabriel Mir\u00f3 | Sparta Sport Center<\/title>\n<meta name=\"description\" content=\"Inscriu-te i gaudix de les nostres classes de GAP a Alcoi Gabriel Mir\u00f3, comptem amb un equip d&#039;Instructors 100% dedicats a millorar el teu benestar.\" \/>\n<meta name=\"robots\" content=\"index, follow, max-snippet:-1, max-image-preview:large, max-video-preview:-1\" \/>\n<link rel=\"canonical\" href=\"https:\/\/spartasportcenter.com\/alcoi-gabriel-miro\/ca\/gap\/\" \/>\n<meta property=\"og:locale\" content=\"ca_ES\" \/>\n<meta property=\"og:type\" content=\"article\" \/>\n<meta property=\"og:title\" content=\"GAP a Alcoi Gabriel Mir\u00f3 | Sparta Sport Center\" \/>\n<meta property=\"og:description\" content=\"Inscriu-te i gaudix de les nostres classes de GAP a Alcoi Gabriel Mir\u00f3, comptem amb un equip d&#039;Instructors 100% dedicats a millorar el teu benestar.\" \/>\n<meta property=\"og:url\" content=\"https:\/\/spartasportcenter.com\/alcoi-gabriel-miro\/ca\/gap\/\" \/>\n<meta property=\"og:site_name\" content=\"Sparta Sport Center Alcoi \u2013 Gabriel Mir\u00f3\" \/>\n<meta property=\"article:modified_time\" content=\"2025-06-27T11:06:51+00:00\" \/>\n<meta property=\"og:image\" content=\"https:\/\/spartasportcenter.com\/alcoi-gabriel-miro\/wp-content\/uploads\/2024\/07\/gap-alcoi-gabriel-miro.webp\" \/>\n\t<meta property=\"og:image:width\" content=\"2000\" \/>\n\t<meta property=\"og:image:height\" content=\"1333\" \/>\n\t<meta property=\"og:image:type\" content=\"image\/webp\" \/>\n<meta name=\"twitter:card\" content=\"summary_large_image\" \/>\n<meta name=\"twitter:label1\" content=\"Temps estimat de lectura\" \/>\n\t<meta name=\"twitter:data1\" content=\"2 minuts\" \/>\n<script type=\"application\/ld+json\" class=\"yoast-schema-graph\">{\"@context\":\"https:\\\/\\\/schema.org\",\"@graph\":[{\"@type\":\"WebPage\",\"@id\":\"https:\\\/\\\/spartasportcenter.com\\\/alcoi-gabriel-miro\\\/ca\\\/gap\\\/\",\"url\":\"https:\\\/\\\/spartasportcenter.com\\\/alcoi-gabriel-miro\\\/ca\\\/gap\\\/\",\"name\":\"GAP a Alcoi Gabriel Mir\u00f3 | Sparta Sport Center\",\"isPartOf\":{\"@id\":\"https:\\\/\\\/spartasportcenter.com\\\/alcoi-gabriel-miro\\\/ca\\\/#website\"},\"primaryImageOfPage\":{\"@id\":\"https:\\\/\\\/spartasportcenter.com\\\/alcoi-gabriel-miro\\\/ca\\\/gap\\\/#primaryimage\"},\"image\":{\"@id\":\"https:\\\/\\\/spartasportcenter.com\\\/alcoi-gabriel-miro\\\/ca\\\/gap\\\/#primaryimage\"},\"thumbnailUrl\":\"https:\\\/\\\/spartasportcenter.com\\\/alcoi-gabriel-miro\\\/wp-content\\\/uploads\\\/2024\\\/07\\\/gap-alcoi-gabriel-miro.webp\",\"datePublished\":\"2018-08-20T13:44:57+00:00\",\"dateModified\":\"2025-06-27T11:06:51+00:00\",\"description\":\"Inscriu-te i gaudix de les nostres classes de GAP a Alcoi Gabriel Mir\u00f3, comptem amb un equip d'Instructors 100% dedicats a millorar el teu benestar.\",\"breadcrumb\":{\"@id\":\"https:\\\/\\\/spartasportcenter.com\\\/alcoi-gabriel-miro\\\/ca\\\/gap\\\/#breadcrumb\"},\"inLanguage\":\"ca\",\"potentialAction\":[{\"@type\":\"ReadAction\",\"target\":[\"https:\\\/\\\/spartasportcenter.com\\\/alcoi-gabriel-miro\\\/ca\\\/gap\\\/\"]}]},{\"@type\":\"ImageObject\",\"inLanguage\":\"ca\",\"@id\":\"https:\\\/\\\/spartasportcenter.com\\\/alcoi-gabriel-miro\\\/ca\\\/gap\\\/#primaryimage\",\"url\":\"https:\\\/\\\/spartasportcenter.com\\\/alcoi-gabriel-miro\\\/wp-content\\\/uploads\\\/2024\\\/07\\\/gap-alcoi-gabriel-miro.webp\",\"contentUrl\":\"https:\\\/\\\/spartasportcenter.com\\\/alcoi-gabriel-miro\\\/wp-content\\\/uploads\\\/2024\\\/07\\\/gap-alcoi-gabriel-miro.webp\",\"width\":2000,\"height\":1333,\"caption\":\"gap alcoi gabriel miro\"},{\"@type\":\"BreadcrumbList\",\"@id\":\"https:\\\/\\\/spartasportcenter.com\\\/alcoi-gabriel-miro\\\/ca\\\/gap\\\/#breadcrumb\",\"itemListElement\":[{\"@type\":\"ListItem\",\"position\":1,\"name\":\"Portada\",\"item\":\"https:\\\/\\\/spartasportcenter.com\\\/alcoi-gabriel-miro\\\/ca\\\/\"},{\"@type\":\"ListItem\",\"position\":2,\"name\":\"GAP Alcoi Gabriel Mir\u00f3\"}]},{\"@type\":\"WebSite\",\"@id\":\"https:\\\/\\\/spartasportcenter.com\\\/alcoi-gabriel-miro\\\/ca\\\/#website\",\"url\":\"https:\\\/\\\/spartasportcenter.com\\\/alcoi-gabriel-miro\\\/ca\\\/\",\"name\":\"Sparta Sport Center Alcoi \u2013 Gabriel Mir\u00f3\",\"description\":\"Gimnasios en Cuenca\",\"potentialAction\":[{\"@type\":\"SearchAction\",\"target\":{\"@type\":\"EntryPoint\",\"urlTemplate\":\"https:\\\/\\\/spartasportcenter.com\\\/alcoi-gabriel-miro\\\/ca\\\/?s={search_term_string}\"},\"query-input\":{\"@type\":\"PropertyValueSpecification\",\"valueRequired\":true,\"valueName\":\"search_term_string\"}}],\"inLanguage\":\"ca\"}]}<\/script>\n<!-- \/ Yoast SEO plugin. -->","yoast_head_json":{"title":"GAP a Alcoi Gabriel Mir\u00f3 | Sparta Sport Center","description":"Inscriu-te i gaudix de les nostres classes de GAP a Alcoi Gabriel Mir\u00f3, comptem amb un equip d'Instructors 100% dedicats a millorar el teu benestar.","robots":{"index":"index","follow":"follow","max-snippet":"max-snippet:-1","max-image-preview":"max-image-preview:large","max-video-preview":"max-video-preview:-1"},"canonical":"https:\/\/spartasportcenter.com\/alcoi-gabriel-miro\/ca\/gap\/","og_locale":"ca_ES","og_type":"article","og_title":"GAP a Alcoi Gabriel Mir\u00f3 | Sparta Sport Center","og_description":"Inscriu-te i gaudix de les nostres classes de GAP a Alcoi Gabriel Mir\u00f3, comptem amb un equip d'Instructors 100% dedicats a millorar el teu benestar.","og_url":"https:\/\/spartasportcenter.com\/alcoi-gabriel-miro\/ca\/gap\/","og_site_name":"Sparta Sport Center Alcoi \u2013 Gabriel Mir\u00f3","article_modified_time":"2025-06-27T11:06:51+00:00","og_image":[{"width":2000,"height":1333,"url":"https:\/\/spartasportcenter.com\/alcoi-gabriel-miro\/wp-content\/uploads\/2024\/07\/gap-alcoi-gabriel-miro.webp","type":"image\/webp"}],"twitter_card":"summary_large_image","twitter_misc":{"Temps estimat de lectura":"2 minuts"},"schema":{"@context":"https:\/\/schema.org","@graph":[{"@type":"WebPage","@id":"https:\/\/spartasportcenter.com\/alcoi-gabriel-miro\/ca\/gap\/","url":"https:\/\/spartasportcenter.com\/alcoi-gabriel-miro\/ca\/gap\/","name":"GAP a Alcoi Gabriel Mir\u00f3 | Sparta Sport Center","isPartOf":{"@id":"https:\/\/spartasportcenter.com\/alcoi-gabriel-miro\/ca\/#website"},"primaryImageOfPage":{"@id":"https:\/\/spartasportcenter.com\/alcoi-gabriel-miro\/ca\/gap\/#primaryimage"},"image":{"@id":"https:\/\/spartasportcenter.com\/alcoi-gabriel-miro\/ca\/gap\/#primaryimage"},"thumbnailUrl":"https:\/\/spartasportcenter.com\/alcoi-gabriel-miro\/wp-content\/uploads\/2024\/07\/gap-alcoi-gabriel-miro.webp","datePublished":"2018-08-20T13:44:57+00:00","dateModified":"2025-06-27T11:06:51+00:00","description":"Inscriu-te i gaudix de les nostres classes de GAP a Alcoi Gabriel Mir\u00f3, comptem amb un equip d'Instructors 100% dedicats a millorar el teu benestar.","breadcrumb":{"@id":"https:\/\/spartasportcenter.com\/alcoi-gabriel-miro\/ca\/gap\/#breadcrumb"},"inLanguage":"ca","potentialAction":[{"@type":"ReadAction","target":["https:\/\/spartasportcenter.com\/alcoi-gabriel-miro\/ca\/gap\/"]}]},{"@type":"ImageObject","inLanguage":"ca","@id":"https:\/\/spartasportcenter.com\/alcoi-gabriel-miro\/ca\/gap\/#primaryimage","url":"https:\/\/spartasportcenter.com\/alcoi-gabriel-miro\/wp-content\/uploads\/2024\/07\/gap-alcoi-gabriel-miro.webp","contentUrl":"https:\/\/spartasportcenter.com\/alcoi-gabriel-miro\/wp-content\/uploads\/2024\/07\/gap-alcoi-gabriel-miro.webp","width":2000,"height":1333,"caption":"gap alcoi gabriel miro"},{"@type":"BreadcrumbList","@id":"https:\/\/spartasportcenter.com\/alcoi-gabriel-miro\/ca\/gap\/#breadcrumb","itemListElement":[{"@type":"ListItem","position":1,"name":"Portada","item":"https:\/\/spartasportcenter.com\/alcoi-gabriel-miro\/ca\/"},{"@type":"ListItem","position":2,"name":"GAP Alcoi Gabriel Mir\u00f3"}]},{"@type":"WebSite","@id":"https:\/\/spartasportcenter.com\/alcoi-gabriel-miro\/ca\/#website","url":"https:\/\/spartasportcenter.com\/alcoi-gabriel-miro\/ca\/","name":"Sparta Sport Center Alcoi \u2013 Gabriel Mir\u00f3","description":"Gimnasios en Cuenca","potentialAction":[{"@type":"SearchAction","target":{"@type":"EntryPoint","urlTemplate":"https:\/\/spartasportcenter.com\/alcoi-gabriel-miro\/ca\/?s={search_term_string}"},"query-input":{"@type":"PropertyValueSpecification","valueRequired":true,"valueName":"search_term_string"}}],"inLanguage":"ca"}]}},"_links":{"self":[{"href":"https:\/\/spartasportcenter.com\/alcoi-gabriel-miro\/ca\/wp-json\/wp\/v2\/pages\/220878","targetHints":{"allow":["GET"]}}],"collection":[{"href":"https:\/\/spartasportcenter.com\/alcoi-gabriel-miro\/ca\/wp-json\/wp\/v2\/pages"}],"about":[{"href":"https:\/\/spartasportcenter.com\/alcoi-gabriel-miro\/ca\/wp-json\/wp\/v2\/types\/page"}],"author":[{"embeddable":true,"href":"https:\/\/spartasportcenter.com\/alcoi-gabriel-miro\/ca\/wp-json\/wp\/v2\/users\/1"}],"replies":[{"embeddable":true,"href":"https:\/\/spartasportcenter.com\/alcoi-gabriel-miro\/ca\/wp-json\/wp\/v2\/comments?post=220878"}],"version-history":[{"count":8,"href":"https:\/\/spartasportcenter.com\/alcoi-gabriel-miro\/ca\/wp-json\/wp\/v2\/pages\/220878\/revisions"}],"predecessor-version":[{"id":221137,"href":"https:\/\/spartasportcenter.com\/alcoi-gabriel-miro\/ca\/wp-json\/wp\/v2\/pages\/220878\/revisions\/221137"}],"wp:featuredmedia":[{"embeddable":true,"href":"https:\/\/spartasportcenter.com\/alcoi-gabriel-miro\/ca\/wp-json\/wp\/v2\/media\/220821"}],"wp:attachment":[{"href":"https:\/\/spartasportcenter.com\/alcoi-gabriel-miro\/ca\/wp-json\/wp\/v2\/media?parent=220878"}],"curies":[{"name":"wp","href":"https:\/\/api.w.org\/{rel}","templated":true}]}}